{"id":994,"date":"2024-02-22T16:43:57","date_gmt":"2024-02-22T14:43:57","guid":{"rendered":"https:\/\/digimedia.lv\/vidutinis-lygis\/"},"modified":"2025-10-23T10:57:19","modified_gmt":"2025-10-23T08:57:19","slug":"vidutinis-lygis","status":"publish","type":"page","link":"https:\/\/www.digimedia.lv\/lt\/vidutinis-lygis\/","title":{"rendered":"Vidutinis lygis"},"content":{"rendered":"\t\t<div data-elementor-type=\"wp-page\" data-elementor-id=\"994\" class=\"elementor elementor-994\" data-elementor-post-type=\"page\">\n\t\t\t\t<div class=\"elementor-element elementor-element-01a6ba5 e-flex e-con-boxed e-con e-parent\" data-id=\"01a6ba5\" data-element_type=\"container\" data-e-type=\"container\" data-settings=\"{&quot;background_background&quot;:&quot;classic&quot;}\">\n\t\t\t\t\t<div class=\"e-con-inner\">\n\t\t\t\t<div class=\"elementor-element elementor-element-bccd35f elementor-widget elementor-widget-heading\" data-id=\"bccd35f\" data-element_type=\"widget\" data-e-type=\"widget\" data-widget_type=\"heading.default\">\n\t\t\t\t\t<h1 class=\"elementor-heading-title elementor-size-default\">Vidutinis lygis - \"Kontroliuokite savo bals\u0105\"<\/h1>\t\t\t\t<\/div>\n\t\t<div class=\"elementor-element elementor-element-aa908e2 e-flex e-con-boxed e-con e-child\" data-id=\"aa908e2\" data-element_type=\"container\" data-e-type=\"container\" data-settings=\"{&quot;background_background&quot;:&quot;classic&quot;}\">\n\t\t\t\t\t<div class=\"e-con-inner\">\n\t\t<div class=\"elementor-element elementor-element-9a8fa71 e-flex e-con-boxed e-con e-child\" data-id=\"9a8fa71\" data-element_type=\"container\" data-e-type=\"container\">\n\t\t\t\t\t<div class=\"e-con-inner\">\n\t\t<div class=\"elementor-element elementor-element-4fc1caf e-con-full e-flex e-con e-child\" data-id=\"4fc1caf\" data-element_type=\"container\" data-e-type=\"container\">\n\t\t\t\t<div class=\"elementor-element elementor-element-997e869 elementor-widget elementor-widget-text-editor\" data-id=\"997e869\" data-element_type=\"widget\" data-e-type=\"widget\" data-widget_type=\"text-editor.default\">\n\t\t\t\t\t\t\t\t\t<p><span style=\"font-weight: 400;\">Tiems, kurie planuoja gerokai pakelti savo profesin\u012f lyg\u012f.<\/span><\/p>\n<p><span style=\"font-weight: 400;\">Programa skirta profesionalams, turintiems darbo su balsu patirties (teatre, radijuje ar televizijoje, rengini\u0173 vadyboje ir pan.)<\/span><\/p>\n<p><span style=\"font-weight: 400;\">Tie, kurie turi potencialo, bet jiems reikia papildom\u0173 \u012fg\u016bd\u017ei\u0173, kvie\u010diami \u012f 12 pamok\u0173 kurs\u0105 (kiekviena pamoka &#8211; 1,5 val. teorijos + 3 val. studijin\u0117s praktikos).<\/span><\/p>\n<p><span style=\"font-weight: 400;\">Kurs\u0173 kaina: <strong>564 eurai (su PVM)<\/strong>.<\/span><\/p>\n<p><span style=\"font-weight: 400;\">Galimyb\u0117 mok\u0117ti dalimis &#8211; <strong>188 EUR per m\u0117nes\u012f<\/strong>.<\/span><\/p>\n<p><span style=\"font-weight: 400;\">Trukm\u0117 &#8211; <strong>3 m\u0117nesiai<\/strong>.<\/span><\/p>\n\t\t\t\t\t\t\t\t<\/div>\n\t\t\t\t<\/div>\n\t\t<div class=\"elementor-element elementor-element-e7058a6 e-con-full e-flex e-con e-child\" data-id=\"e7058a6\" data-element_type=\"container\" data-e-type=\"container\">\n\t\t\t\t<div class=\"elementor-element elementor-element-9585d1d elementor-widget elementor-widget-image\" data-id=\"9585d1d\" data-element_type=\"widget\" data-e-type=\"widget\" data-widget_type=\"image.default\">\n\t\t\t\t\t\t\t\t\t\t\t\t\t\t\t<img fetchpriority=\"high\" decoding=\"async\" width=\"800\" height=\"534\" src=\"https:\/\/www.digimedia.lv\/wp-content\/uploads\/2024\/03\/MEDIUM-limenis-Parvaldi-savu-balsi--1024x683.jpg\" class=\"attachment-large size-large wp-image-644\" alt=\"Balss l\u012bmenis\" srcset=\"https:\/\/www.digimedia.lv\/wp-content\/uploads\/2024\/03\/MEDIUM-limenis-Parvaldi-savu-balsi--1024x683.jpg 1024w, https:\/\/www.digimedia.lv\/wp-content\/uploads\/2024\/03\/MEDIUM-limenis-Parvaldi-savu-balsi--300x200.jpg 300w, https:\/\/www.digimedia.lv\/wp-content\/uploads\/2024\/03\/MEDIUM-limenis-Parvaldi-savu-balsi--768x512.jpg 768w, https:\/\/www.digimedia.lv\/wp-content\/uploads\/2024\/03\/MEDIUM-limenis-Parvaldi-savu-balsi--1536x1024.jpg 1536w, https:\/\/www.digimedia.lv\/wp-content\/uploads\/2024\/03\/MEDIUM-limenis-Parvaldi-savu-balsi--2048x1365.jpg 2048w\" sizes=\"(max-width: 800px) 100vw, 800px\" \/>\t\t\t\t\t\t\t\t\t\t\t\t\t\t\t<\/div>\n\t\t\t\t<\/div>\n\t\t\t\t\t<\/div>\n\t\t\t\t<\/div>\n\t\t\t\t<div class=\"elementor-element elementor-element-4727b70 elementor-widget elementor-widget-heading\" data-id=\"4727b70\" data-element_type=\"widget\" data-e-type=\"widget\" data-widget_type=\"heading.default\">\n\t\t\t\t\t<h3 class=\"elementor-heading-title elementor-size-default\"><span class=\"section-title\">Kurso pabaigoje:<\/span><\/h3>\t\t\t\t<\/div>\n\t\t\t\t<div class=\"elementor-element elementor-element-f0d5cfe elementor-widget elementor-widget-text-editor\" data-id=\"f0d5cfe\" data-element_type=\"widget\" data-e-type=\"widget\" data-widget_type=\"text-editor.default\">\n\t\t\t\t\t\t\t\t\t<p><span style=\"font-weight: 400;\">&#8211; gauti profesin\u012f mokym\u0105,<\/span><\/p>\n<p><span style=\"font-weight: 400;\">&#8211; \u012fgyti \u012fg\u016bd\u017ei\u0173, reikaling\u0173 darbui \u012fra\u0161\u0173 srityje,<\/span><\/p>\n<p><span style=\"font-weight: 400;\">&#8211; gauti balso analiz\u0119 ir mokytojo darbo \u012fvertinim\u0105,<\/span><\/p>\n<p><span style=\"font-weight: 400;\">&#8211; gausite <\/span><b>BALSO GARS\u0172 PORTFEL\u012e &#8211; <\/b><span style=\"font-weight: 400;\">j\u016bs\u0173<\/span> <span style=\"font-weight: 400;\">balso demo<\/span> <span style=\"font-weight: 400;\">profesionalioje \u012fra\u0161\u0173 studijoje padaryt\u0173 \u012fra\u0161\u0173 rinkin\u012f.<\/span><\/p>\n<p><span style=\"font-weight: 400;\">Tai bus veiksmingas atlikto darbo ir pagrindinio rezultato rodiklis.<\/span><\/p>\n<p><span style=\"font-weight: 400;\">Kurso metu \u012fgytas \u017einias ir \u012fg\u016bd\u017eius gal\u0117site s\u0117kmingai pritaikyti kitose su balsu ir kalb\u0117jimu susijusiose srityse &#8211; pristatymuose, derybose, dirbdami garso \u012fra\u0161\u0173 studijoje, radijuje ir kt.<\/span><\/p>\n<p><span style=\"font-weight: 400;\">Su\u017einosite, kaip veiksmingai paveikti klausytoj\u0105, kad gal\u0117tum\u0117te tapti profesionaliu kalb\u0117toju, prane\u0161\u0117ju, lektoriumi, instruktoriumi.<\/span><\/p>\n<p><span style=\"font-weight: 400;\">S\u0117kmingiausiai pasirod\u0119 studentai gali b\u016bti pakviesti dirbti DIGI MEDIA.<\/span><\/p>\n<p><span style=\"font-weight: 400;\">Program\u0105 sudaro:<\/span><\/p>\n<p><span style=\"font-weight: 400;\">Teorija &#8211; 18 valand\u0173.<\/span><\/p>\n<p><span style=\"font-weight: 400;\">36 valandos studij\u0173 praktikos.<\/span><\/p>\n\t\t\t\t\t\t\t\t<\/div>\n\t\t\t\t<div class=\"elementor-element elementor-element-e427c8f elementor-widget elementor-widget-heading\" data-id=\"e427c8f\" data-element_type=\"widget\" data-e-type=\"widget\" data-widget_type=\"heading.default\">\n\t\t\t\t\t<h3 class=\"elementor-heading-title elementor-size-default\"><span class=\"section-title\">Kurs\u0173 metu:<\/span><\/h3>\t\t\t\t<\/div>\n\t\t\t\t<div class=\"elementor-element elementor-element-578ab96 elementor-widget elementor-widget-text-editor\" data-id=\"578ab96\" data-element_type=\"widget\" data-e-type=\"widget\" data-widget_type=\"text-editor.default\">\n\t\t\t\t\t\t\t\t\t<p><span style=\"font-weight: 400;\">&#8211; Nam\u0173 darbai,<\/span><\/p>\n<p><span style=\"font-weight: 400;\">&#8211; bendras dalyvi\u0173 pokalbis,<\/span><\/p>\n<p><span style=\"font-weight: 400;\">&#8211; individualus gr\u012f\u017etamasis ry\u0161ys i\u0161 instruktori\u0173,<\/span><\/p>\n<p><span style=\"font-weight: 400;\">&#8211; interaktyvi veikla dalyviams,<\/span><\/p>\n<p><span style=\"font-weight: 400;\">&#8211; kalbos raidos testai.<\/span><\/p>\n<p><span style=\"font-weight: 400;\">Praktini\u0173 u\u017esi\u0117mim\u0173 metu \u012fra\u0161in\u0117sime \u012fvairi\u0173 \u017eanr\u0173 ir jud\u0117jim\u0173 med\u017eiag\u0105:<\/span><\/p>\n<p><span style=\"font-weight: 400;\">&#8211; Reklama,<\/span><\/p>\n<p><span style=\"font-weight: 400;\">&#8211; animaciniai filmai<\/span><\/p>\n<p><span style=\"font-weight: 400;\">&#8211; vaidybiniai filmai,<\/span><\/p>\n<p><span style=\"font-weight: 400;\">&#8211; dokumentiniai filmai,<\/span><\/p>\n<p><span style=\"font-weight: 400;\">&#8211; TV serialas jaunimui,<\/span><\/p>\n<p><span style=\"font-weight: 400;\">&#8211; Realyb\u0117s \u0161ou,<\/span><\/p>\n<p><span style=\"font-weight: 400;\">&#8211; audioknygos ir kt.<\/span><\/p>\n\t\t\t\t\t\t\t\t<\/div>\n\t\t\t\t\t<\/div>\n\t\t\t\t<\/div>\n\t\t\t\t\t<\/div>\n\t\t\t\t<\/div>\n\t\t\t\t<\/div>\n\t\t","protected":false},"excerpt":{"rendered":"<p>Vidutinis lygis &#8211; &#8222;Kontroliuokite savo bals\u0105&#8221; Tiems, kurie planuoja gerokai pakelti savo profesin\u012f lyg\u012f. Programa skirta profesionalams, turintiems darbo su balsu patirties (teatre, radijuje ar televizijoje, rengini\u0173 vadyboje ir pan.) Tie, kurie turi potencialo, bet jiems reikia papildom\u0173 \u012fg\u016bd\u017ei\u0173, kvie\u010diami \u012f 12 pamok\u0173 kurs\u0105 (kiekviena pamoka &#8211; 1,5 val. teorijos + 3 val. studijin\u0117s praktikos). [&hellip;]<\/p>\n","protected":false},"author":1,"featured_media":0,"parent":0,"menu_order":0,"comment_status":"closed","ping_status":"closed","template":"","meta":{"inline_featured_image":false,"footnotes":""},"class_list":["post-994","page","type-page","status-publish","hentry"],"aioseo_notices":[],"_links":{"self":[{"href":"https:\/\/www.digimedia.lv\/lt\/wp-json\/wp\/v2\/pages\/994","targetHints":{"allow":["GET"]}}],"collection":[{"href":"https:\/\/www.digimedia.lv\/lt\/wp-json\/wp\/v2\/pages"}],"about":[{"href":"https:\/\/www.digimedia.lv\/lt\/wp-json\/wp\/v2\/types\/page"}],"author":[{"embeddable":true,"href":"https:\/\/www.digimedia.lv\/lt\/wp-json\/wp\/v2\/users\/1"}],"replies":[{"embeddable":true,"href":"https:\/\/www.digimedia.lv\/lt\/wp-json\/wp\/v2\/comments?post=994"}],"version-history":[{"count":1,"href":"https:\/\/www.digimedia.lv\/lt\/wp-json\/wp\/v2\/pages\/994\/revisions"}],"predecessor-version":[{"id":6256,"href":"https:\/\/www.digimedia.lv\/lt\/wp-json\/wp\/v2\/pages\/994\/revisions\/6256"}],"wp:attachment":[{"href":"https:\/\/www.digimedia.lv\/lt\/wp-json\/wp\/v2\/media?parent=994"}],"curies":[{"name":"wp","href":"https:\/\/api.w.org\/{rel}","templated":true}]}}