{"id":992,"date":"2024-02-22T15:35:53","date_gmt":"2024-02-22T13:35:53","guid":{"rendered":"https:\/\/digimedia.lv\/audiogidai\/"},"modified":"2024-08-20T17:33:46","modified_gmt":"2024-08-20T15:33:46","slug":"audiogidai","status":"publish","type":"page","link":"https:\/\/www.digimedia.lv\/lt\/audiogidai\/","title":{"rendered":"Audiogidai"},"content":{"rendered":"\t\t<div data-elementor-type=\"wp-page\" data-elementor-id=\"992\" class=\"elementor elementor-992\" data-elementor-post-type=\"page\">\n\t\t\t\t<div class=\"elementor-element elementor-element-c3a1c01 e-flex e-con-boxed e-con e-parent\" data-id=\"c3a1c01\" data-element_type=\"container\" data-e-type=\"container\" data-settings=\"{&quot;background_background&quot;:&quot;classic&quot;}\">\n\t\t\t\t\t<div class=\"e-con-inner\">\n\t\t\t\t<div class=\"elementor-element elementor-element-4bd702d elementor-widget elementor-widget-heading\" data-id=\"4bd702d\" data-element_type=\"widget\" data-e-type=\"widget\" data-widget_type=\"heading.default\">\n\t\t\t\t\t<h1 class=\"elementor-heading-title elementor-size-default\">Audiogidai<\/h1>\t\t\t\t<\/div>\n\t\t\t\t<div class=\"elementor-element elementor-element-2475a55 elementor-widget elementor-widget-heading\" data-id=\"2475a55\" data-element_type=\"widget\" data-e-type=\"widget\" data-widget_type=\"heading.default\">\n\t\t\t\t\t<h3 class=\"elementor-heading-title elementor-size-default\">Pagerinkite lankytoj\u0173 patirt\u012f naudodami audiogid\u0105, specialiai sukurt\u0105 muziejams, galerijoms ir \u012fvairioms turist\u0173 lankomoms vietoms.\n<\/h3>\t\t\t\t<\/div>\n\t\t<div class=\"elementor-element elementor-element-bddca53 e-flex e-con-boxed e-con e-child\" data-id=\"bddca53\" data-element_type=\"container\" data-e-type=\"container\" data-settings=\"{&quot;background_background&quot;:&quot;classic&quot;}\">\n\t\t\t\t\t<div class=\"e-con-inner\">\n\t\t<div class=\"elementor-element elementor-element-1d71ddd e-flex e-con-boxed e-con e-child\" data-id=\"1d71ddd\" data-element_type=\"container\" data-e-type=\"container\">\n\t\t\t\t\t<div class=\"e-con-inner\">\n\t\t<div class=\"elementor-element elementor-element-e059a34 e-flex e-con-boxed e-con e-child\" data-id=\"e059a34\" data-element_type=\"container\" data-e-type=\"container\">\n\t\t\t\t\t<div class=\"e-con-inner\">\n\t\t\t\t<div class=\"elementor-element elementor-element-e7ca396 elementor-widget elementor-widget-heading\" data-id=\"e7ca396\" data-element_type=\"widget\" data-e-type=\"widget\" data-widget_type=\"heading.default\">\n\t\t\t\t\t<h2 class=\"elementor-heading-title elementor-size-default\">Si\u016blome garso gidus, \u012fra\u0161ytus skirtingais balsais keliomis kalbomis:\n<\/h2>\t\t\t\t<\/div>\n\t\t\t\t<div class=\"elementor-element elementor-element-91823f7 elementor-widget elementor-widget-text-editor\" data-id=\"91823f7\" data-element_type=\"widget\" data-e-type=\"widget\" data-widget_type=\"text-editor.default\">\n\t\t\t\t\t\t\t\t\t<p><span style=\"font-weight: 400;\">latvi\u0173, lietuvi\u0173, est\u0173, rus\u0173, ukrainie\u010di\u0173<\/span><\/p>\n\t\t\t\t\t\t\t\t<\/div>\n\t\t\t\t<div class=\"elementor-element elementor-element-3edaa85 elementor-widget elementor-widget-heading\" data-id=\"3edaa85\" data-element_type=\"widget\" data-e-type=\"widget\" data-widget_type=\"heading.default\">\n\t\t\t\t\t<h2 class=\"elementor-heading-title elementor-size-default\">Audiogidai - puikus b\u016bdas atrasti nauj\u0105 viet\u0105 ir su\u017einoti jos istorij\u0105 bei kult\u016br\u0105. Jie yra idealus palydovas turistams, kurie nori tyrin\u0117ti savo tempu ir savo s\u0105lygomis. \u0160iame skyriuje i\u0161samiai ap\u017evelgsime garso gidus, j\u0173 savybes, privalumus ir kainas.\n<\/h2>\t\t\t\t<\/div>\n\t\t\t\t\t<\/div>\n\t\t\t\t<\/div>\n\t\t<div class=\"elementor-element elementor-element-4445641 e-con-full e-flex e-con e-child\" data-id=\"4445641\" data-element_type=\"container\" data-e-type=\"container\">\n\t\t\t\t<div class=\"elementor-element elementor-element-1bd9d0a elementor-widget elementor-widget-image\" data-id=\"1bd9d0a\" data-element_type=\"widget\" data-e-type=\"widget\" data-widget_type=\"image.default\">\n\t\t\t\t\t\t\t\t\t\t\t\t\t\t\t<img decoding=\"async\" src=\"https:\/\/digimedia.lv\/wp-content\/uploads\/2024\/03\/Audiogids-scaled.jpg\" title=\"\" alt=\"\" loading=\"lazy\" \/>\t\t\t\t\t\t\t\t\t\t\t\t\t\t\t<\/div>\n\t\t\t\t<\/div>\n\t\t\t\t\t<\/div>\n\t\t\t\t<\/div>\n\t\t<div class=\"elementor-element elementor-element-a43b10f e-con-full e-flex e-con e-child\" data-id=\"a43b10f\" data-element_type=\"container\" data-e-type=\"container\">\n\t\t<div class=\"elementor-element elementor-element-f9a2178 e-flex e-con-boxed e-con e-child\" data-id=\"f9a2178\" data-element_type=\"container\" data-e-type=\"container\">\n\t\t\t\t\t<div class=\"e-con-inner\">\n\t\t\t\t<div class=\"elementor-element elementor-element-6dcd46a elementor-hidden-mobile elementor-widget elementor-widget-heading\" data-id=\"6dcd46a\" data-element_type=\"widget\" data-e-type=\"widget\" data-widget_type=\"heading.default\">\n\t\t\t\t\t<h3 class=\"elementor-heading-title elementor-size-default\"><span class=\"section-title\">Si\u016blome sukurti garso gid\u0105 nuo A iki Z<\/span><\/h3>\t\t\t\t<\/div>\n\t\t\t\t<div class=\"elementor-element elementor-element-36b08b0 elementor-hidden-desktop elementor-hidden-laptop elementor-hidden-tablet elementor-widget elementor-widget-heading\" data-id=\"36b08b0\" data-element_type=\"widget\" data-e-type=\"widget\" data-widget_type=\"heading.default\">\n\t\t\t\t\t<h3 class=\"elementor-heading-title elementor-size-default\"><span class=\"mobile-title\">Si\u016blome sukurti garso gid\u0105 nuo A iki Z<\/span><\/h3>\t\t\t\t<\/div>\n\t\t<div class=\"elementor-element elementor-element-4656c1b e-flex e-con-boxed e-con e-child\" data-id=\"4656c1b\" data-element_type=\"container\" data-e-type=\"container\">\n\t\t\t\t\t<div class=\"e-con-inner\">\n\t\t<div class=\"elementor-element elementor-element-916e7ac e-flex e-con-boxed e-con e-child\" data-id=\"916e7ac\" data-element_type=\"container\" data-e-type=\"container\">\n\t\t\t\t\t<div class=\"e-con-inner\">\n\t\t\t\t<div class=\"elementor-element elementor-element-289c22c elementor-widget elementor-widget-heading\" data-id=\"289c22c\" data-element_type=\"widget\" data-e-type=\"widget\" data-widget_type=\"heading.default\">\n\t\t\t\t\t<h3 class=\"elementor-heading-title elementor-size-default\">Pradedant nuo<br>  patarim\u0173<\/h3>\t\t\t\t<\/div>\n\t\t\t\t<div class=\"elementor-element elementor-element-c27e3ee elementor-widget elementor-widget-text-editor\" data-id=\"c27e3ee\" data-element_type=\"widget\" data-e-type=\"widget\" data-widget_type=\"text-editor.default\">\n\t\t\t\t\t\t\t\t\t<p><span style=\"font-weight: 400;\">Tinkamiausio audiogido sprendimo parinkimas, konsultacijos d\u0117l turinio parengimo.<\/span><\/p>\n\t\t\t\t\t\t\t\t<\/div>\n\t\t\t\t\t<\/div>\n\t\t\t\t<\/div>\n\t\t<div class=\"elementor-element elementor-element-6d3bc80 e-con-full e-flex e-con e-child\" data-id=\"6d3bc80\" data-element_type=\"container\" data-e-type=\"container\">\n\t\t\t\t<div class=\"elementor-element elementor-element-6b63d76 elementor-widget elementor-widget-heading\" data-id=\"6b63d76\" data-element_type=\"widget\" data-e-type=\"widget\" data-widget_type=\"heading.default\">\n\t\t\t\t\t<h3 class=\"elementor-heading-title elementor-size-default\">Tekst\u0173 vertimas ir redagavimas<\/h3>\t\t\t\t<\/div>\n\t\t\t\t<div class=\"elementor-element elementor-element-6f5994a elementor-widget elementor-widget-text-editor\" data-id=\"6f5994a\" data-element_type=\"widget\" data-e-type=\"widget\" data-widget_type=\"text-editor.default\">\n\t\t\t\t\t\t\t\t\t<p><span style=\"font-weight: 400;\">Tekst\u0173 vertimas \u012f \u012fvairias kalbas. Jei turite savo tekstus, galime juos redaguoti ir pritaikyti audiogidui.  <\/span><\/p>\n\t\t\t\t\t\t\t\t<\/div>\n\t\t\t\t<\/div>\n\t\t<div class=\"elementor-element elementor-element-1d34994 e-con-full e-flex e-con e-child\" data-id=\"1d34994\" data-element_type=\"container\" data-e-type=\"container\">\n\t\t\t\t<div class=\"elementor-element elementor-element-4e8f563 elementor-widget elementor-widget-heading\" data-id=\"4e8f563\" data-element_type=\"widget\" data-e-type=\"widget\" data-widget_type=\"heading.default\">\n\t\t\t\t\t<h3 class=\"elementor-heading-title elementor-size-default\">Garso fail\u0173 rengimas<\/h3>\t\t\t\t<\/div>\n\t\t\t\t<div class=\"elementor-element elementor-element-687ac1d elementor-widget elementor-widget-text-editor\" data-id=\"687ac1d\" data-element_type=\"widget\" data-e-type=\"widget\" data-widget_type=\"text-editor.default\">\n\t\t\t\t\t\t\t\t\t<p><span style=\"font-weight: 400;\">\u012era\u0161yti tekstus \u012fvairiomis kalbomis savo \u012fra\u0161\u0173 studijose Baltijos \u0161alyse. Plati balso aktori\u0173 duomen\u0173 baz\u0117. Garso failus prireikus galima papildyti fonine muzika ir garsais.<\/span><\/p>\n\t\t\t\t\t\t\t\t<\/div>\n\t\t\t\t<\/div>\n\t\t<div class=\"elementor-element elementor-element-e4e07c7 e-con-full e-flex e-con e-child\" data-id=\"e4e07c7\" data-element_type=\"container\" data-e-type=\"container\">\n\t\t\t\t<div class=\"elementor-element elementor-element-e925c34 elementor-widget elementor-widget-heading\" data-id=\"e925c34\" data-element_type=\"widget\" data-e-type=\"widget\" data-widget_type=\"heading.default\">\n\t\t\t\t\t<h3 class=\"elementor-heading-title elementor-size-default\">Audiogida<br>  prietaisai<\/h3>\t\t\t\t<\/div>\n\t\t\t\t<div class=\"elementor-element elementor-element-9233516 elementor-widget elementor-widget-text-editor\" data-id=\"9233516\" data-element_type=\"widget\" data-e-type=\"widget\" data-widget_type=\"text-editor.default\">\n\t\t\t\t\t\t\t\t\t<p><span style=\"font-weight: 400;\">\u012evairi\u0173 modeli\u0173 ir gamintoj\u0173 arba \u017eaisti su QR kodu.<\/span><\/p>\n\t\t\t\t\t\t\t\t<\/div>\n\t\t\t\t<\/div>\n\t\t<div class=\"elementor-element elementor-element-f5afb35 e-con-full e-flex e-con e-child\" data-id=\"f5afb35\" data-element_type=\"container\" data-e-type=\"container\">\n\t\t\t\t<div class=\"elementor-element elementor-element-b5a74c1 elementor-widget elementor-widget-heading\" data-id=\"b5a74c1\" data-element_type=\"widget\" data-e-type=\"widget\" data-widget_type=\"heading.default\">\n\t\t\t\t\t<h3 class=\"elementor-heading-title elementor-size-default\">Pristatymas ir aptarnavimas<\/h3>\t\t\t\t<\/div>\n\t\t\t\t<div class=\"elementor-element elementor-element-595b1af elementor-widget elementor-widget-text-editor\" data-id=\"595b1af\" data-element_type=\"widget\" data-e-type=\"widget\" data-widget_type=\"text-editor.default\">\n\t\t\t\t\t\t\t\t\t<p><span style=\"font-weight: 400;\">Produkto pristatymas, mokymas ir tolesni veiksmai.<\/span><\/p>\n\t\t\t\t\t\t\t\t<\/div>\n\t\t\t\t<\/div>\n\t\t\t\t\t<\/div>\n\t\t\t\t<\/div>\n\t\t\t\t<div class=\"elementor-element elementor-element-dde2f49 elementor-hidden-mobile elementor-widget elementor-widget-heading\" data-id=\"dde2f49\" data-element_type=\"widget\" data-e-type=\"widget\" data-widget_type=\"heading.default\">\n\t\t\t\t\t<h3 class=\"elementor-heading-title elementor-size-default\"><span class=\"section-title\">Kas yra audiogidas?\n<\/span><\/h3>\t\t\t\t<\/div>\n\t\t\t\t<div class=\"elementor-element elementor-element-8847141 elementor-hidden-desktop elementor-hidden-laptop elementor-hidden-tablet elementor-widget elementor-widget-heading\" data-id=\"8847141\" data-element_type=\"widget\" data-e-type=\"widget\" data-widget_type=\"heading.default\">\n\t\t\t\t\t<h3 class=\"elementor-heading-title elementor-size-default\"><span class=\"mobile-title\">Kas yra audiogidas?<\/span><\/h3>\t\t\t\t<\/div>\n\t\t\t\t<div class=\"elementor-element elementor-element-548d8c6 elementor-widget elementor-widget-text-editor\" data-id=\"548d8c6\" data-element_type=\"widget\" data-e-type=\"widget\" data-widget_type=\"text-editor.default\">\n\t\t\t\t\t\t\t\t\t<p><span style=\"font-weight: 400;\">Audiogidai &#8211; tai prietaisai arba mobiliosios program\u0117l\u0117s, kuriose pateikiamas garso turinys, skirtas turistams suteikti informacijos apie tam tikr\u0105 viet\u0105 ar lankytin\u0105 objekt\u0105. Jie pateikia garso komentarus, kuri\u0173 lankytojai gali klausytis savo tempu. Audiogidus galima i\u0161sinuomoti, \u012fsigyti vietoje arba atsisi\u0173sti i\u0161 mobili\u0173j\u0173 program\u0117li\u0173 parduotuv\u0117s.<\/span><\/p>\n\t\t\t\t\t\t\t\t<\/div>\n\t\t\t\t<div class=\"elementor-element elementor-element-6d71ec3 elementor-hidden-mobile elementor-widget elementor-widget-heading\" data-id=\"6d71ec3\" data-element_type=\"widget\" data-e-type=\"widget\" data-widget_type=\"heading.default\">\n\t\t\t\t\t<h3 class=\"elementor-heading-title elementor-size-default\"><span class=\"section-title\">Audiogido funkcijos.  \n<\/span><\/h3>\t\t\t\t<\/div>\n\t\t\t\t<div class=\"elementor-element elementor-element-860a7c5 elementor-hidden-desktop elementor-hidden-laptop elementor-hidden-tablet elementor-widget elementor-widget-heading\" data-id=\"860a7c5\" data-element_type=\"widget\" data-e-type=\"widget\" data-widget_type=\"heading.default\">\n\t\t\t\t\t<h3 class=\"elementor-heading-title elementor-size-default\"><span class=\"mobile-title\">Audiogido funkcijos.  <\/span><\/h3>\t\t\t\t<\/div>\n\t\t\t\t<div class=\"elementor-element elementor-element-cdfd057 elementor-widget elementor-widget-heading\" data-id=\"cdfd057\" data-element_type=\"widget\" data-e-type=\"widget\" data-widget_type=\"heading.default\">\n\t\t\t\t\t<h2 class=\"elementor-heading-title elementor-size-default\">Audiogidai turi daugyb\u0119 funkcij\u0173, kurios gali pagerinti j\u016bs\u0173 ekskursij\u0173 patirt\u012f. Keletas funkcij\u0173:\n<\/h2>\t\t\t\t<\/div>\n\t\t\t\t<div class=\"elementor-element elementor-element-7b8497d elementor-widget elementor-widget-text-editor\" data-id=\"7b8497d\" data-element_type=\"widget\" data-e-type=\"widget\" data-widget_type=\"text-editor.default\">\n\t\t\t\t\t\t\t\t\t<ul>\n<li style=\"font-weight: 400;\" aria-level=\"1\"><span style=\"font-weight: 400;\">Palaikomos kelios kalbos &#8211; audiogid\u0105 si\u016blome keliomis kalbomis, tod\u0117l jis yra ideali priemon\u0117 turistams i\u0161 kit\u0173 \u0161ali\u0173.<\/span><\/li>\n<li style=\"font-weight: 400;\" aria-level=\"1\"><span style=\"font-weight: 400;\">I\u0161sami informacija &#8211; audiogide pateikiama i\u0161sami informacija apie lankom\u0105 viet\u0105. Supa\u017eindinama su jo istorija, kult\u016bra ir reik\u0161me.<\/span><\/li>\n<li style=\"font-weight: 400;\" aria-level=\"1\"><span style=\"font-weight: 400;\">pritaikymas &#8211; audiogidas leid\u017eia pritaikyti ekskursij\u0105 pagal savo pageidavimus. Galite suteikti lankytojams galimyb\u0119 pasirinkti, kurias sritis tyrin\u0117ti, praleisti skirsnius arba pristabdyti garso \u012fra\u0161\u0105 ir atsipalaiduoti.<\/span><\/li>\n<li style=\"font-weight: 400;\" aria-level=\"1\"><span style=\"font-weight: 400;\">Daugel\u012f audiogid\u0173 versij\u0173 galima rasti neprisijungus prie interneto, t. y. norint jais naudotis, nereikia interneto ry\u0161io.<\/span><\/li>\n<\/ul>\n\t\t\t\t\t\t\t\t<\/div>\n\t\t\t\t<div class=\"elementor-element elementor-element-b24933e elementor-widget elementor-widget-heading\" data-id=\"b24933e\" data-element_type=\"widget\" data-e-type=\"widget\" data-widget_type=\"heading.default\">\n\t\t\t\t\t<h2 class=\"elementor-heading-title elementor-size-default\"><a href=\"https:\/\/digimedia.lv\/musu-darbi\/\">Susisiekite su mumis ir gaukite pasi\u016blym\u0105 savo projektui!<\/a><\/h2>\t\t\t\t<\/div>\n\t\t\t\t<div class=\"elementor-element elementor-element-262aa97 elementor-widget elementor-widget-button\" data-id=\"262aa97\" data-element_type=\"widget\" data-e-type=\"widget\" data-widget_type=\"button.default\">\n\t\t\t\t\t\t\t\t\t\t<a class=\"elementor-button elementor-button-link elementor-size-sm\" href=\"https:\/\/www.digimedia.lv\/lt\/susisiekite-su\/\">\n\t\t\t\t\t\t<span class=\"elementor-button-content-wrapper\">\n\t\t\t\t\t\t\t\t\t<span class=\"elementor-button-text\">KONTAKTAI!<\/span>\n\t\t\t\t\t<\/span>\n\t\t\t\t\t<\/a>\n\t\t\t\t\t\t\t\t<\/div>\n\t\t\t\t\t<\/div>\n\t\t\t\t<\/div>\n\t\t\t\t<\/div>\n\t\t\t\t\t<\/div>\n\t\t\t\t<\/div>\n\t\t\t\t\t<\/div>\n\t\t\t\t<\/div>\n\t\t\t\t<\/div>\n\t\t","protected":false},"excerpt":{"rendered":"<p>Audiogidai Pagerinkite lankytoj\u0173 patirt\u012f naudodami audiogid\u0105, specialiai sukurt\u0105 muziejams, galerijoms ir \u012fvairioms turist\u0173 lankomoms vietoms. Si\u016blome garso gidus, \u012fra\u0161ytus skirtingais balsais keliomis kalbomis: latvi\u0173, lietuvi\u0173, est\u0173, rus\u0173, ukrainie\u010di\u0173 Audiogidai &#8211; puikus b\u016bdas atrasti nauj\u0105 viet\u0105 ir su\u017einoti jos istorij\u0105 bei kult\u016br\u0105. Jie yra idealus palydovas turistams, kurie nori tyrin\u0117ti savo tempu ir savo s\u0105lygomis. \u0160iame [&hellip;]<\/p>\n","protected":false},"author":1,"featured_media":0,"parent":0,"menu_order":0,"comment_status":"closed","ping_status":"closed","template":"","meta":{"inline_featured_image":false,"footnotes":""},"class_list":["post-992","page","type-page","status-publish","hentry"],"aioseo_notices":[],"_links":{"self":[{"href":"https:\/\/www.digimedia.lv\/lt\/wp-json\/wp\/v2\/pages\/992","targetHints":{"allow":["GET"]}}],"collection":[{"href":"https:\/\/www.digimedia.lv\/lt\/wp-json\/wp\/v2\/pages"}],"about":[{"href":"https:\/\/www.digimedia.lv\/lt\/wp-json\/wp\/v2\/types\/page"}],"author":[{"embeddable":true,"href":"https:\/\/www.digimedia.lv\/lt\/wp-json\/wp\/v2\/users\/1"}],"replies":[{"embeddable":true,"href":"https:\/\/www.digimedia.lv\/lt\/wp-json\/wp\/v2\/comments?post=992"}],"version-history":[{"count":3,"href":"https:\/\/www.digimedia.lv\/lt\/wp-json\/wp\/v2\/pages\/992\/revisions"}],"predecessor-version":[{"id":2112,"href":"https:\/\/www.digimedia.lv\/lt\/wp-json\/wp\/v2\/pages\/992\/revisions\/2112"}],"wp:attachment":[{"href":"https:\/\/www.digimedia.lv\/lt\/wp-json\/wp\/v2\/media?parent=992"}],"curies":[{"name":"wp","href":"https:\/\/api.w.org\/{rel}","templated":true}]}}