{"id":986,"date":"2024-03-06T16:52:37","date_gmt":"2024-03-06T14:52:37","guid":{"rendered":"https:\/\/digimedia.lv\/garso-dizainas\/"},"modified":"2025-10-23T10:22:44","modified_gmt":"2025-10-23T08:22:44","slug":"garso-dizainas","status":"publish","type":"page","link":"https:\/\/www.digimedia.lv\/lt\/garso-dizainas\/","title":{"rendered":"Garso dizainas"},"content":{"rendered":"\t\t<div data-elementor-type=\"wp-page\" data-elementor-id=\"986\" class=\"elementor elementor-986\" data-elementor-post-type=\"page\">\n\t\t\t\t<div class=\"elementor-element elementor-element-6d57568 e-flex e-con-boxed e-con e-parent\" data-id=\"6d57568\" data-element_type=\"container\" data-e-type=\"container\" data-settings=\"{&quot;background_background&quot;:&quot;classic&quot;}\">\n\t\t\t\t\t<div class=\"e-con-inner\">\n\t\t\t\t<div class=\"elementor-element elementor-element-9aee28b elementor-widget elementor-widget-heading\" data-id=\"9aee28b\" data-element_type=\"widget\" data-e-type=\"widget\" data-widget_type=\"heading.default\">\n\t\t\t\t\t<h1 class=\"elementor-heading-title elementor-size-default\">Garso dizainas<\/h1>\t\t\t\t<\/div>\n\t\t\t\t<div class=\"elementor-element elementor-element-1858cfd elementor-widget elementor-widget-heading\" data-id=\"1858cfd\" data-element_type=\"widget\" data-e-type=\"widget\" data-widget_type=\"heading.default\">\n\t\t\t\t\t<h3 class=\"elementor-heading-title elementor-size-default\">Garso dizainas, originalios muzikos k\u016brimas, balso \u012fra\u0161ymas, garso programavimas ir diegimas \u012fvairi\u0173 tip\u0173 mobiliuosiuose ar vaizdo \u017eaidimuose.  <\/h3>\t\t\t\t<\/div>\n\t\t<div class=\"elementor-element elementor-element-37355f6 e-flex e-con-boxed e-con e-child\" data-id=\"37355f6\" data-element_type=\"container\" data-e-type=\"container\" data-settings=\"{&quot;background_background&quot;:&quot;classic&quot;}\">\n\t\t\t\t\t<div class=\"e-con-inner\">\n\t\t<div class=\"elementor-element elementor-element-1248c91 e-con-full e-flex e-con e-child\" data-id=\"1248c91\" data-element_type=\"container\" data-e-type=\"container\">\n\t\t<div class=\"elementor-element elementor-element-be961d3 e-flex e-con-boxed e-con e-child\" data-id=\"be961d3\" data-element_type=\"container\" data-e-type=\"container\">\n\t\t\t\t\t<div class=\"e-con-inner\">\n\t\t\t\t<div class=\"elementor-element elementor-element-3472b9b elementor-widget elementor-widget-text-editor\" data-id=\"3472b9b\" data-element_type=\"widget\" data-e-type=\"widget\" data-widget_type=\"text-editor.default\">\n\t\t\t\t\t\t\t\t\t<h3><span style=\"font-weight: 400;\">Originalios muzikos k\u016brimas<\/span><\/h3>\n<ul>\n<li style=\"font-weight: 400;\" aria-level=\"1\"><span style=\"font-weight: 400;\">Originali muzika, kuri sukuria \u017eaidimo atmosfer\u0105, ir melodijos, atspindin\u010dios ir \u012fkvepian\u010dios jo esm\u0119 &#8211; kiekvienas tonas ir ritmas atitinka projekto \u017einut\u0119. \u012esimintinos melodijos, kurios i\u0161liks su jumis, ir muzika, &#8222;\u012ftraukianti \u017eaid\u0117jus \u012f nuotyki\u0173 pasaulius&#8221;.<\/span><\/li>\n<\/ul>\n<h3><span style=\"font-weight: 400;\">Garso dizainas<\/span><\/h3>\n<ul>\n<li style=\"font-weight: 400;\" aria-level=\"1\"><span style=\"font-weight: 400;\">M\u016bs\u0173 garso dizaino komanda \u012fsigilina \u012f kiekvien\u0105 garso detal\u0119 &#8211; kiekvienas tonas ir ritmas yra kruop\u0161\u010diai parinktas ir \u012ftrauktas, taip sukuriant sinergij\u0105 tarp vaizdinio ir garsinio turinio. Gars\u0173 k\u016brimo procese, nor\u0117dami suprasti projekt\u0105, atliekame tyrimus ir tyrin\u0117jimus. Naudodami tikslius nustatymus ir apdorojim\u0105 u\u017etikriname, kad garsai b\u016bt\u0173 ne tik girdimi, bet ir jau\u010diami.  <\/span><\/li>\n<\/ul>\n<h3><span style=\"font-weight: 400;\">Balso \u012fra\u0161ai<\/span><\/h3>\n<ul>\n<li style=\"font-weight: 400;\" aria-level=\"1\"><span style=\"font-weight: 400;\">Savo studijose naudojame auk\u0161tos kokyb\u0117s \u012fra\u0161ymo ir apdorojimo technologijas, kad kiekvienas balso \u012fra\u0161as b\u016bt\u0173 ai\u0161kus, be triuk\u0161mo ir optimalios garso kokyb\u0117s, o jo turinys b\u016bt\u0173 gyvas ir susietas su auditorija. Profesional\u016bs aktoriai, turintys kruop\u0161\u010diai parinktus balsus, derina talent\u0105 ir tikslum\u0105, u\u017etikrindami, kad kiekviena fraz\u0117 b\u016bt\u0173 perteikta su tinkama intonacija ir emocijomis, atitinkan\u010diomis projekt\u0105.  <\/span><\/li>\n<\/ul>\n<h3><span style=\"font-weight: 400;\">Garso programavimas<\/span><\/h3>\n<ul>\n<li style=\"font-weight: 400;\" aria-level=\"1\"><span style=\"font-weight: 400;\">Si\u016blome garso programavimo paslaugas visame pasaulyje. M\u016bs\u0173 specializacija &#8211; unikalus garso efekt\u0173 integravimas, naudojant specialius programavimo metodus, kad b\u016bt\u0173 galima tiksliai valdyti kiekvien\u0105 nat\u0105 ir efekt\u0105, sukurti erdvinius, \u012ftraukian\u010dius garsus, kurie yra visi\u0161kai integruoti \u012f projekt\u0105 ir suteikia ne tik girdim\u0105, bet ir emocin\u0119 patirt\u012f.<\/span><\/li>\n<\/ul>\n<h3><span style=\"font-weight: 400;\">\u012egyvendinimas<\/span><\/h3>\n<ul>\n<li style=\"font-weight: 400;\" aria-level=\"1\"><span style=\"font-weight: 400;\">M\u016bs\u0173 ekspertai puikiai dirba su garso tarpine programine \u012franga, pavyzd\u017eiui, &#8222;Wwise&#8221; ir FMOD, taip pat su &#8222;Unity&#8221; ir &#8222;Unreal&#8221; pasirinktiniais \u012frankiais. Nesileid\u017eiame \u012f kompromisus d\u0117l garso kokyb\u0117s, tod\u0117l u\u017etikriname dinami\u0161k\u0105 ir maloni\u0105 garso integracij\u0105. \u017daisdami \u017eaidim\u0105 ne tik pamatysite, bet ir pasinersite \u012f gars\u0173 pasaul\u012f, kuriame kiekviena nata buvo kruop\u0161\u010diai sukurta taip, kad patirtum\u0117te nepamir\u0161tam\u0105 \u017eaidimo patirt\u012f.<\/span><\/li>\n<\/ul>\n\t\t\t\t\t\t\t\t<\/div>\n\t\t\t\t<div class=\"elementor-element elementor-element-32d1c95 elementor-widget elementor-widget-heading\" data-id=\"32d1c95\" data-element_type=\"widget\" data-e-type=\"widget\" data-widget_type=\"heading.default\">\n\t\t\t\t\t<h2 class=\"elementor-heading-title elementor-size-default\"><a href=\"https:\/\/digimedia.lv\/musu-darbi\/\">Susisiekite su mumis ir gaukite pasi\u016blym\u0105 savo projektui!<\/a><\/h2>\t\t\t\t<\/div>\n\t\t\t\t<div class=\"elementor-element elementor-element-1973469 elementor-widget elementor-widget-button\" data-id=\"1973469\" data-element_type=\"widget\" data-e-type=\"widget\" data-widget_type=\"button.default\">\n\t\t\t\t\t\t\t\t\t\t<a class=\"elementor-button elementor-button-link elementor-size-sm\" href=\"https:\/\/digimedia.lv\/kontakti\/\">\n\t\t\t\t\t\t<span class=\"elementor-button-content-wrapper\">\n\t\t\t\t\t\t\t\t\t<span class=\"elementor-button-text\">KONTAKTAI!<\/span>\n\t\t\t\t\t<\/span>\n\t\t\t\t\t<\/a>\n\t\t\t\t\t\t\t\t<\/div>\n\t\t\t\t\t<\/div>\n\t\t\t\t<\/div>\n\t\t\t\t<\/div>\n\t\t\t\t\t<\/div>\n\t\t\t\t<\/div>\n\t\t\t\t\t<\/div>\n\t\t\t\t<\/div>\n\t\t\t\t<\/div>\n\t\t","protected":false},"excerpt":{"rendered":"<p>Garso dizainas Garso dizainas, originalios muzikos k\u016brimas, balso \u012fra\u0161ymas, garso programavimas ir diegimas \u012fvairi\u0173 tip\u0173 mobiliuosiuose ar vaizdo \u017eaidimuose. Originalios muzikos k\u016brimas Originali muzika, kuri sukuria \u017eaidimo atmosfer\u0105, ir melodijos, atspindin\u010dios ir \u012fkvepian\u010dios jo esm\u0119 &#8211; kiekvienas tonas ir ritmas atitinka projekto \u017einut\u0119. \u012esimintinos melodijos, kurios i\u0161liks su jumis, ir muzika, &#8222;\u012ftraukianti \u017eaid\u0117jus \u012f nuotyki\u0173 [&hellip;]<\/p>\n","protected":false},"author":1,"featured_media":0,"parent":0,"menu_order":0,"comment_status":"closed","ping_status":"closed","template":"","meta":{"inline_featured_image":false,"footnotes":""},"class_list":["post-986","page","type-page","status-publish","hentry"],"aioseo_notices":[],"_links":{"self":[{"href":"https:\/\/www.digimedia.lv\/lt\/wp-json\/wp\/v2\/pages\/986","targetHints":{"allow":["GET"]}}],"collection":[{"href":"https:\/\/www.digimedia.lv\/lt\/wp-json\/wp\/v2\/pages"}],"about":[{"href":"https:\/\/www.digimedia.lv\/lt\/wp-json\/wp\/v2\/types\/page"}],"author":[{"embeddable":true,"href":"https:\/\/www.digimedia.lv\/lt\/wp-json\/wp\/v2\/users\/1"}],"replies":[{"embeddable":true,"href":"https:\/\/www.digimedia.lv\/lt\/wp-json\/wp\/v2\/comments?post=986"}],"version-history":[{"count":1,"href":"https:\/\/www.digimedia.lv\/lt\/wp-json\/wp\/v2\/pages\/986\/revisions"}],"predecessor-version":[{"id":6246,"href":"https:\/\/www.digimedia.lv\/lt\/wp-json\/wp\/v2\/pages\/986\/revisions\/6246"}],"wp:attachment":[{"href":"https:\/\/www.digimedia.lv\/lt\/wp-json\/wp\/v2\/media?parent=986"}],"curies":[{"name":"wp","href":"https:\/\/api.w.org\/{rel}","templated":true}]}}