{"id":1108,"date":"2024-02-22T17:03:09","date_gmt":"2024-02-22T15:03:09","guid":{"rendered":"https:\/\/digimedia.lv\/musu-darbai\/"},"modified":"2025-10-23T10:38:49","modified_gmt":"2025-10-23T08:38:49","slug":"musu-darbai","status":"publish","type":"page","link":"https:\/\/www.digimedia.lv\/lt\/musu-darbai\/","title":{"rendered":"M\u016bs\u0173 darbai"},"content":{"rendered":"\t\t<div data-elementor-type=\"wp-page\" data-elementor-id=\"1108\" class=\"elementor elementor-1108\" data-elementor-post-type=\"page\">\n\t\t\t\t<div class=\"elementor-element elementor-element-e1485bc e-flex e-con-boxed e-con e-parent\" data-id=\"e1485bc\" data-element_type=\"container\" data-e-type=\"container\" data-settings=\"{&quot;background_background&quot;:&quot;classic&quot;}\">\n\t\t\t\t\t<div class=\"e-con-inner\">\n\t\t\t\t<div class=\"elementor-element elementor-element-eac1eea elementor-widget elementor-widget-heading\" data-id=\"eac1eea\" data-element_type=\"widget\" data-e-type=\"widget\" data-widget_type=\"heading.default\">\n\t\t\t\t\t<h1 class=\"elementor-heading-title elementor-size-default\">M\u016aS\u0172 DARBAS<\/h1>\t\t\t\t<\/div>\n\t\t\t\t<div class=\"elementor-element elementor-element-146beb1 elementor-widget elementor-widget-heading\" data-id=\"146beb1\" data-element_type=\"widget\" data-e-type=\"widget\" data-widget_type=\"heading.default\">\n\t\t\t\t\t<h3 class=\"elementor-heading-title elementor-size-default\">Platus DIGI MEDIA lokalizuot\u0173 film\u0173 asortimentas - dubliuot\u0173, \u012fgarsint\u0173, subtitruot\u0173 ar i\u0161verst\u0173 - skirtas visiems \u017ei\u016brovams, nuo pa\u010di\u0173 ma\u017eiausi\u0173 iki meno gerb\u0117j\u0173.<\/h3>\t\t\t\t<\/div>\n\t\t<div class=\"elementor-element elementor-element-68db5ac e-flex e-con-boxed e-con e-child\" data-id=\"68db5ac\" data-element_type=\"container\" data-e-type=\"container\" data-settings=\"{&quot;background_background&quot;:&quot;classic&quot;}\">\n\t\t\t\t\t<div class=\"e-con-inner\">\n\t\t<div class=\"elementor-element elementor-element-0e334d1 e-flex e-con-boxed e-con e-child\" data-id=\"0e334d1\" data-element_type=\"container\" data-e-type=\"container\">\n\t\t\t\t\t<div class=\"e-con-inner\">\n\t\t<div class=\"elementor-element elementor-element-d40eb56 e-con-full e-flex e-con e-child\" data-id=\"d40eb56\" data-element_type=\"container\" data-e-type=\"container\">\n\t\t\t\t<div class=\"elementor-element elementor-element-f8a8647 elementor-widget elementor-widget-heading\" data-id=\"f8a8647\" data-element_type=\"widget\" data-e-type=\"widget\" data-widget_type=\"heading.default\">\n\t\t\t\t\t<h3 class=\"elementor-heading-title elementor-size-default\">\"DIGI MEDIA\" lokalizuoja filmus, serialus, TV ar realyb\u0117s \u0161ou ir transliuojamus produktus latvi\u0173, est\u0173, lietuvi\u0173, ukrainie\u010di\u0173 ir rus\u0173 kalbomis, taip pat kitomis kalbomis pagal susitarim\u0105 su klientu.<\/h3>\t\t\t\t<\/div>\n\t\t\t\t<div class=\"elementor-element elementor-element-3d137fc elementor-widget elementor-widget-text-editor\" data-id=\"3d137fc\" data-element_type=\"widget\" data-e-type=\"widget\" data-widget_type=\"text-editor.default\">\n\t\t\t\t\t\t\t\t\t<p>DIGI MEDIA komanda, turinti 20 met\u0173 patirt\u012f, kompetencij\u0105 ir moderniausi\u0105 \u012frang\u0105, taip pat nuolat ple\u010diam\u0105 bals\u0173 bank\u0105, kuriame nuolat daug\u0117ja bals\u0173 ir \u012fg\u016bd\u017ei\u0173, gali laiku atlikti lokalizavim\u0105 ir paruo\u0161ti galutin\u012f produkt\u0105, kad j\u012f b\u016bt\u0173 galima greitai ir lengvai naudoti kliento platformoje.<\/p>\n\t\t\t\t\t\t\t\t<\/div>\n\t\t\t\t<div class=\"elementor-element elementor-element-17036da elementor-widget elementor-widget-gallery\" data-id=\"17036da\" data-element_type=\"widget\" data-e-type=\"widget\" data-settings=\"{&quot;gallery_layout&quot;:&quot;masonry&quot;,&quot;overlay_title&quot;:&quot;description&quot;,&quot;lazyload&quot;:&quot;yes&quot;,&quot;columns&quot;:4,&quot;columns_tablet&quot;:2,&quot;columns_mobile&quot;:1,&quot;gap&quot;:{&quot;unit&quot;:&quot;px&quot;,&quot;size&quot;:10,&quot;sizes&quot;:[]},&quot;gap_laptop&quot;:{&quot;unit&quot;:&quot;px&quot;,&quot;size&quot;:10,&quot;sizes&quot;:[]},&quot;gap_tablet&quot;:{&quot;unit&quot;:&quot;px&quot;,&quot;size&quot;:10,&quot;sizes&quot;:[]},&quot;gap_mobile&quot;:{&quot;unit&quot;:&quot;px&quot;,&quot;size&quot;:10,&quot;sizes&quot;:[]},&quot;link_to&quot;:&quot;file&quot;,&quot;show_all_galleries&quot;:&quot;yes&quot;,&quot;overlay_background&quot;:&quot;yes&quot;,&quot;content_hover_animation&quot;:&quot;fade-in&quot;}\" data-widget_type=\"gallery.default\">\n\t\t\t\t\t\t\t\t<div class=\"elementor-gallery__titles-container e--pointer-underline e--animation-fade\" aria-label=\"Gallery filter\">\n\t\t\t\t\t\t\t\t\t<a class=\"elementor-item elementor-gallery-title\" role=\"button\" tabindex=\"0\" data-gallery-index=\"all\">\n\t\t\t\t\t\tVisi\t\t\t\t\t<\/a>\n\t\t\t\t\n\t\t\t\t\t\t\t\t\t<a class=\"elementor-item elementor-gallery-title\" role=\"button\" tabindex=\"0\" data-gallery-index=\"0\">\n\t\t\t\t\t\tBalso \u012fra\u0161ai\t\t\t\t\t<\/a>\n\t\t\t\t\t\t\t\t\t\t<a class=\"elementor-item elementor-gallery-title\" role=\"button\" tabindex=\"0\" data-gallery-index=\"1\">\n\t\t\t\t\t\tVertimas\t\t\t\t\t<\/a>\n\t\t\t\t\t\t\t\t\t\t<a class=\"elementor-item elementor-gallery-title\" role=\"button\" tabindex=\"0\" data-gallery-index=\"2\">\n\t\t\t\t\t\tSubtitravimas\t\t\t\t\t<\/a>\n\t\t\t\t\t\t\t\t\t\t<a class=\"elementor-item elementor-gallery-title\" role=\"button\" tabindex=\"0\" data-gallery-index=\"3\">\n\t\t\t\t\t\tPadvigubinimas\t\t\t\t\t<\/a>\n\t\t\t\t\t\t\t\t<\/div>\n\t\t\t\t\t<div class=\"elementor-gallery__container\">\n\t\t\t\t\t\t\t<a class=\"e-gallery-item elementor-gallery-item elementor-animated-content\" data-e-gallery-tags=\"0\" href=\"https:\/\/www.digimedia.lv\/wp-content\/uploads\/2024\/02\/kontakti-fons.jpeg\" data-elementor-open-lightbox=\"yes\" data-elementor-lightbox-slideshow=\"17036da\" data-elementor-lightbox-title=\"kontakti-fons\" data-elementor-lightbox-description=\"Tests\" data-e-action-hash=\"#elementor-action%3Aaction%3Dlightbox%26settings%3DeyJpZCI6MTI2LCJ1cmwiOiJodHRwczpcL1wvd3d3LmRpZ2ltZWRpYS5sdlwvd3AtY29udGVudFwvdXBsb2Fkc1wvMjAyNFwvMDJcL2tvbnRha3RpLWZvbnMuanBlZyIsInNsaWRlc2hvdyI6IjE3MDM2ZGEifQ%3D%3D\">\n\t\t\t\t\t<div class=\"e-gallery-image elementor-gallery-item__image\" data-thumbnail=\"https:\/\/www.digimedia.lv\/wp-content\/uploads\/2024\/02\/kontakti-fons-300x169.jpeg\" data-width=\"300\" data-height=\"169\" aria-label=\"Digi Media kontakti\" role=\"img\" ><\/div>\n\t\t\t\t\t\t\t\t\t\t\t<div class=\"elementor-gallery-item__overlay\"><\/div>\n\t\t\t\t\t\t\t\t\t\t\t\t\t\t\t<div class=\"elementor-gallery-item__content\">\n\t\t\t\t\t\t\t\t\t\t\t\t\t\t<div class=\"elementor-gallery-item__title\">\n\t\t\t\t\t\t\t\t\t\t\t\t\t\t\t\t\t\tTests\t\t\t\t\t\t\t\t<\/div>\n\t\t\t\t\t\t\t\t\t\t\t\t<\/div>\n\t\t\t\t\t\t\t\t\t<\/a>\n\t\t\t\t\t\t\t<a class=\"e-gallery-item elementor-gallery-item elementor-animated-content\" data-e-gallery-tags=\"1\" href=\"https:\/\/www.digimedia.lv\/wp-content\/uploads\/2024\/02\/akademija-balss_parbaude.jpeg\" data-elementor-open-lightbox=\"yes\" data-elementor-lightbox-slideshow=\"17036da\" data-elementor-lightbox-title=\"akad\u0113mija-balss_parbaude\" data-e-action-hash=\"#elementor-action%3Aaction%3Dlightbox%26settings%3DeyJpZCI6MTIwLCJ1cmwiOiJodHRwczpcL1wvd3d3LmRpZ2ltZWRpYS5sdlwvd3AtY29udGVudFwvdXBsb2Fkc1wvMjAyNFwvMDJcL2FrYWRlbWlqYS1iYWxzc19wYXJiYXVkZS5qcGVnIiwic2xpZGVzaG93IjoiMTcwMzZkYSJ9\">\n\t\t\t\t\t<div class=\"e-gallery-image elementor-gallery-item__image\" data-thumbnail=\"https:\/\/www.digimedia.lv\/wp-content\/uploads\/2024\/02\/akademija-balss_parbaude-300x169.jpeg\" data-width=\"300\" data-height=\"169\" aria-label=\"Balss p\u0101rbaude\" role=\"img\" ><\/div>\n\t\t\t\t\t\t\t\t\t\t\t<div class=\"elementor-gallery-item__overlay\"><\/div>\n\t\t\t\t\t\t\t\t\t\t\t\t\t\t\t<div class=\"elementor-gallery-item__content\">\n\t\t\t\t\t\t\t\t\t\t\t<\/div>\n\t\t\t\t\t\t\t\t\t<\/a>\n\t\t\t\t\t\t\t<a class=\"e-gallery-item elementor-gallery-item elementor-animated-content\" data-e-gallery-tags=\"2\" href=\"https:\/\/www.digimedia.lv\/wp-content\/uploads\/2024\/02\/SAKUMS-Musu-pakalpojumi-fons.jpeg\" data-elementor-open-lightbox=\"yes\" data-elementor-lightbox-slideshow=\"17036da\" data-elementor-lightbox-title=\"S\u0100KUMS - Mu\u0304su pakalpojumi - fons\" data-e-action-hash=\"#elementor-action%3Aaction%3Dlightbox%26settings%3DeyJpZCI6MjcsInVybCI6Imh0dHBzOlwvXC93d3cuZGlnaW1lZGlhLmx2XC93cC1jb250ZW50XC91cGxvYWRzXC8yMDI0XC8wMlwvU0FLVU1TLU11c3UtcGFrYWxwb2p1bWktZm9ucy5qcGVnIiwic2xpZGVzaG93IjoiMTcwMzZkYSJ9\">\n\t\t\t\t\t<div class=\"e-gallery-image elementor-gallery-item__image\" data-thumbnail=\"https:\/\/www.digimedia.lv\/wp-content\/uploads\/2024\/02\/SAKUMS-Musu-pakalpojumi-fons-300x169.jpeg\" data-width=\"300\" data-height=\"169\" aria-label=\"Digi Media pakalpojumi\" role=\"img\" ><\/div>\n\t\t\t\t\t\t\t\t\t\t\t<div class=\"elementor-gallery-item__overlay\"><\/div>\n\t\t\t\t\t\t\t\t\t\t\t\t\t\t\t<div class=\"elementor-gallery-item__content\">\n\t\t\t\t\t\t\t\t\t\t\t<\/div>\n\t\t\t\t\t\t\t\t\t<\/a>\n\t\t\t\t\t<\/div>\n\t\t\t\t\t<\/div>\n\t\t\t\t<\/div>\n\t\t\t\t\t<\/div>\n\t\t\t\t<\/div>\n\t\t\t\t\t<\/div>\n\t\t\t\t<\/div>\n\t\t\t\t\t<\/div>\n\t\t\t\t<\/div>\n\t\t\t\t<\/div>\n\t\t","protected":false},"excerpt":{"rendered":"<p>M\u016aS\u0172 DARBAS Platus DIGI MEDIA lokalizuot\u0173 film\u0173 asortimentas &#8211; dubliuot\u0173, \u012fgarsint\u0173, subtitruot\u0173 ar i\u0161verst\u0173 &#8211; skirtas visiems \u017ei\u016brovams, nuo pa\u010di\u0173 ma\u017eiausi\u0173 iki meno gerb\u0117j\u0173. &#8222;DIGI MEDIA&#8221; lokalizuoja filmus, serialus, TV ar realyb\u0117s \u0161ou ir transliuojamus produktus latvi\u0173, est\u0173, lietuvi\u0173, ukrainie\u010di\u0173 ir rus\u0173 kalbomis, taip pat kitomis kalbomis pagal susitarim\u0105 su klientu. DIGI MEDIA komanda, turinti [&hellip;]<\/p>\n","protected":false},"author":1,"featured_media":0,"parent":0,"menu_order":0,"comment_status":"closed","ping_status":"closed","template":"","meta":{"inline_featured_image":false,"footnotes":""},"class_list":["post-1108","page","type-page","status-publish","hentry"],"aioseo_notices":[],"_links":{"self":[{"href":"https:\/\/www.digimedia.lv\/lt\/wp-json\/wp\/v2\/pages\/1108","targetHints":{"allow":["GET"]}}],"collection":[{"href":"https:\/\/www.digimedia.lv\/lt\/wp-json\/wp\/v2\/pages"}],"about":[{"href":"https:\/\/www.digimedia.lv\/lt\/wp-json\/wp\/v2\/types\/page"}],"author":[{"embeddable":true,"href":"https:\/\/www.digimedia.lv\/lt\/wp-json\/wp\/v2\/users\/1"}],"replies":[{"embeddable":true,"href":"https:\/\/www.digimedia.lv\/lt\/wp-json\/wp\/v2\/comments?post=1108"}],"version-history":[{"count":1,"href":"https:\/\/www.digimedia.lv\/lt\/wp-json\/wp\/v2\/pages\/1108\/revisions"}],"predecessor-version":[{"id":6251,"href":"https:\/\/www.digimedia.lv\/lt\/wp-json\/wp\/v2\/pages\/1108\/revisions\/6251"}],"wp:attachment":[{"href":"https:\/\/www.digimedia.lv\/lt\/wp-json\/wp\/v2\/media?parent=1108"}],"curies":[{"name":"wp","href":"https:\/\/api.w.org\/{rel}","templated":true}]}}