{"id":1107,"date":"2024-02-22T15:59:36","date_gmt":"2024-02-22T13:59:36","guid":{"rendered":"https:\/\/digimedia.lv\/audioknygos\/"},"modified":"2024-10-18T15:56:04","modified_gmt":"2024-10-18T13:56:04","slug":"audioknygos","status":"publish","type":"page","link":"https:\/\/www.digimedia.lv\/lt\/audioknygos\/","title":{"rendered":"Audioknygos"},"content":{"rendered":"\t\t<div data-elementor-type=\"wp-page\" data-elementor-id=\"1107\" class=\"elementor elementor-1107\" data-elementor-post-type=\"page\">\n\t\t\t\t<div class=\"elementor-element elementor-element-6ae211b e-flex e-con-boxed e-con e-parent\" data-id=\"6ae211b\" data-element_type=\"container\" data-e-type=\"container\" data-settings=\"{&quot;background_background&quot;:&quot;classic&quot;}\">\n\t\t\t\t\t<div class=\"e-con-inner\">\n\t\t\t\t<div class=\"elementor-element elementor-element-5461be2 elementor-widget elementor-widget-heading\" data-id=\"5461be2\" data-element_type=\"widget\" data-e-type=\"widget\" data-widget_type=\"heading.default\">\n\t\t\t\t\t<h1 class=\"elementor-heading-title elementor-size-default\">Audioknygos<\/h1>\t\t\t\t<\/div>\n\t\t\t\t<div class=\"elementor-element elementor-element-2767923 elementor-widget elementor-widget-heading\" data-id=\"2767923\" data-element_type=\"widget\" data-e-type=\"widget\" data-widget_type=\"heading.default\">\n\t\t\t\t\t<h3 class=\"elementor-heading-title elementor-size-default\">\u012etraukiantis garso nuotykis - garso knyga su garso efektais su\u017eadins klausytojo vaizduot\u0119 ir sustiprins jo geb\u0117jim\u0105 pasinerti \u012f istorij\u0105.\n<\/h3>\t\t\t\t<\/div>\n\t\t<div class=\"elementor-element elementor-element-3a7a289 e-flex e-con-boxed e-con e-child\" data-id=\"3a7a289\" data-element_type=\"container\" data-e-type=\"container\" data-settings=\"{&quot;background_background&quot;:&quot;classic&quot;}\">\n\t\t\t\t\t<div class=\"e-con-inner\">\n\t\t<div class=\"elementor-element elementor-element-54d8e69 e-flex e-con-boxed e-con e-child\" data-id=\"54d8e69\" data-element_type=\"container\" data-e-type=\"container\">\n\t\t\t\t\t<div class=\"e-con-inner\">\n\t\t<div class=\"elementor-element elementor-element-db391b6 e-flex e-con-boxed e-con e-child\" data-id=\"db391b6\" data-element_type=\"container\" data-e-type=\"container\">\n\t\t\t\t\t<div class=\"e-con-inner\">\n\t\t\t\t<div class=\"elementor-element elementor-element-bdba266 elementor-widget elementor-widget-heading\" data-id=\"bdba266\" data-element_type=\"widget\" data-e-type=\"widget\" data-widget_type=\"heading.default\">\n\t\t\t\t\t<h2 class=\"elementor-heading-title elementor-size-default\">Si\u016blome audioknygas ir \u012fra\u0161us skirtingais balsais keliomis kalbomis:\n<\/h2>\t\t\t\t<\/div>\n\t\t\t\t<div class=\"elementor-element elementor-element-275f2c8 elementor-widget elementor-widget-text-editor\" data-id=\"275f2c8\" data-element_type=\"widget\" data-e-type=\"widget\" data-widget_type=\"text-editor.default\">\n\t\t\t\t\t\t\t\t\t<p><span style=\"font-weight: 400;\">latvi\u0173, lietuvi\u0173, est\u0173, rus\u0173, ukrainie\u010di\u0173<\/span><\/p>\n\t\t\t\t\t\t\t\t<\/div>\n\t\t\t\t<div class=\"elementor-element elementor-element-1011adf elementor-hidden-mobile elementor-widget elementor-widget-heading\" data-id=\"1011adf\" data-element_type=\"widget\" data-e-type=\"widget\" data-widget_type=\"heading.default\">\n\t\t\t\t\t<h3 class=\"elementor-heading-title elementor-size-default\"><span class=\"section-title\">Kas yra garso knyga?<\/span><\/h3>\t\t\t\t<\/div>\n\t\t\t\t<div class=\"elementor-element elementor-element-d33273e elementor-hidden-desktop elementor-hidden-laptop elementor-hidden-tablet elementor-widget elementor-widget-heading\" data-id=\"d33273e\" data-element_type=\"widget\" data-e-type=\"widget\" data-widget_type=\"heading.default\">\n\t\t\t\t\t<h3 class=\"elementor-heading-title elementor-size-default\"><span class=\"mobile-title\">Kas yra garso knyga?<\/span><\/h3>\t\t\t\t<\/div>\n\t\t\t\t<div class=\"elementor-element elementor-element-0a5e263 elementor-widget elementor-widget-text-editor\" data-id=\"0a5e263\" data-element_type=\"widget\" data-e-type=\"widget\" data-widget_type=\"text-editor.default\">\n\t\t\t\t\t\t\t\t\t<p><span style=\"font-weight: 400;\">Garso knyga &#8211; tai garsin\u0117 knygos ar teksto versija, kuri yra skaitoma ir \u012fra\u0161oma taip, kad jos b\u016bt\u0173 galima klausytis ir m\u0117gautis, o ne skaityti.<\/span><\/p>\n\t\t\t\t\t\t\t\t<\/div>\n\t\t\t\t\t<\/div>\n\t\t\t\t<\/div>\n\t\t\t\t\t<\/div>\n\t\t\t\t<\/div>\n\t\t<div class=\"elementor-element elementor-element-c16002c e-con-full e-flex e-con e-child\" data-id=\"c16002c\" data-element_type=\"container\" data-e-type=\"container\">\n\t\t<div class=\"elementor-element elementor-element-c243732 e-flex e-con-boxed e-con e-child\" data-id=\"c243732\" data-element_type=\"container\" data-e-type=\"container\">\n\t\t\t\t\t<div class=\"e-con-inner\">\n\t\t\t\t<div class=\"elementor-element elementor-element-3c532e7 elementor-hidden-mobile elementor-widget elementor-widget-heading\" data-id=\"3c532e7\" data-element_type=\"widget\" data-e-type=\"widget\" data-widget_type=\"heading.default\">\n\t\t\t\t\t<h3 class=\"elementor-heading-title elementor-size-default\"><span class=\"section-title\">Kaip vyksta audioknygos \u012fra\u0161ymo procesas?<\/span><\/h3>\t\t\t\t<\/div>\n\t\t\t\t<div class=\"elementor-element elementor-element-f595ed4 elementor-hidden-desktop elementor-hidden-laptop elementor-hidden-tablet elementor-widget elementor-widget-heading\" data-id=\"f595ed4\" data-element_type=\"widget\" data-e-type=\"widget\" data-widget_type=\"heading.default\">\n\t\t\t\t\t<h3 class=\"elementor-heading-title elementor-size-default\"><span class=\"mobile-title\">Kaip vyksta audioknygos \u012fra\u0161ymo procesas?<\/span><\/h3>\t\t\t\t<\/div>\n\t\t\t\t<div class=\"elementor-element elementor-element-a4510cd elementor-widget elementor-widget-text-editor\" data-id=\"a4510cd\" data-element_type=\"widget\" data-e-type=\"widget\" data-widget_type=\"text-editor.default\">\n\t\t\t\t\t\t\t\t\t<ul>\n<li style=\"font-weight: 400;\" aria-level=\"1\"><span style=\"font-weight: 400;\">Turinio parengimas &#8211; i\u0161 prad\u017ei\u0173 reikia pasirinkti knyg\u0105 ar tekst\u0105, kuris bus konvertuojamas \u012f audioknygos format\u0105. Tai gali b\u016bti literat\u016bros k\u016brinys arba kitokio pob\u016bd\u017eio tekstas, pavyzd\u017eiui, mokomoji med\u017eiaga arba naujienos.<\/span><\/li>\n<li style=\"font-weight: 400;\" aria-level=\"1\"><span style=\"font-weight: 400;\">Teksto interpretacija &#8211; parenkamas aktorius, kurio balso tembras atitinka reikiam\u0105 format\u0105 ir kuris gali j\u012f perteikti su atitinkama intonacija ir emociniu jausmu.<\/span><\/li>\n<li style=\"font-weight: 400;\" aria-level=\"1\"><span style=\"font-weight: 400;\">\u012era\u0161ymas &#8211; aktorius \u012fra\u0161o tekst\u0105 m\u016bs\u0173 \u012frengtose studijose. U\u017etikriname auk\u0161t\u0105 garso kokyb\u0119 ir ai\u0161k\u0173 tarim\u0105.<\/span><\/li>\n<li style=\"font-weight: 400;\" aria-level=\"1\"><span style=\"font-weight: 400;\">\u012era\u0161yta med\u017eiaga tikrinama, redaguojama ir apdorojama, kad b\u016bt\u0173 pa\u0161alintos visos klaidos ir pagerinta bendra kokyb\u0117. Tai gali b\u016bti garso lygio reguliavimas, tylos pa\u0161alinimas ir kiti pakeitimai.<\/span><\/li>\n<li style=\"font-weight: 400;\" aria-level=\"1\"><span style=\"font-weight: 400;\">Galiausiai audioknyga paruo\u0161iama ir skaitmeninama, kad j\u0105 b\u016bt\u0173 galima platinti reikiamais kanalais.<\/span><\/li>\n<\/ul>\n\t\t\t\t\t\t\t\t<\/div>\n\t\t\t\t<div class=\"elementor-element elementor-element-8110571 elementor-widget elementor-widget-heading\" data-id=\"8110571\" data-element_type=\"widget\" data-e-type=\"widget\" data-widget_type=\"heading.default\">\n\t\t\t\t\t<h2 class=\"elementor-heading-title elementor-size-default\">Garso knygos \u012fra\u0161ymo procesas reikalauja kruop\u0161taus planavimo, profesionalaus atlikimo ir auk\u0161t\u0173 kokyb\u0117s standart\u0173, kad b\u016bt\u0173 sukurta gera ir maloni garso knyga, kuri pritraukt\u0173 ir sudomint\u0173 klausytojus.\n<\/h2>\t\t\t\t<\/div>\n\t\t\t\t<div class=\"elementor-element elementor-element-67511f1 elementor-widget elementor-widget-heading\" data-id=\"67511f1\" data-element_type=\"widget\" data-e-type=\"widget\" data-widget_type=\"heading.default\">\n\t\t\t\t\t<h2 class=\"elementor-heading-title elementor-size-default\"><a href=\"https:\/\/digimedia.lv\/lt\/musu-darbai\/\">Susisiekite su mumis ir gaukite pasi\u016blym\u0105 savo projektui!<\/a><\/h2>\t\t\t\t<\/div>\n\t\t\t\t<div class=\"elementor-element elementor-element-d8f503a elementor-widget elementor-widget-button\" data-id=\"d8f503a\" data-element_type=\"widget\" data-e-type=\"widget\" data-widget_type=\"button.default\">\n\t\t\t\t\t\t\t\t\t\t<a class=\"elementor-button elementor-button-link elementor-size-sm\" href=\"https:\/\/www.digimedia.lv\/lt\/susisiekite-su\/\">\n\t\t\t\t\t\t<span class=\"elementor-button-content-wrapper\">\n\t\t\t\t\t\t\t\t\t<span class=\"elementor-button-text\">KONTAKTAI!<\/span>\n\t\t\t\t\t<\/span>\n\t\t\t\t\t<\/a>\n\t\t\t\t\t\t\t\t<\/div>\n\t\t\t\t\t<\/div>\n\t\t\t\t<\/div>\n\t\t\t\t<\/div>\n\t\t\t\t\t<\/div>\n\t\t\t\t<\/div>\n\t\t\t\t\t<\/div>\n\t\t\t\t<\/div>\n\t\t\t\t<\/div>\n\t\t","protected":false},"excerpt":{"rendered":"<p>Audioknygos \u012etraukiantis garso nuotykis &#8211; garso knyga su garso efektais su\u017eadins klausytojo vaizduot\u0119 ir sustiprins jo geb\u0117jim\u0105 pasinerti \u012f istorij\u0105. Si\u016blome audioknygas ir \u012fra\u0161us skirtingais balsais keliomis kalbomis: latvi\u0173, lietuvi\u0173, est\u0173, rus\u0173, ukrainie\u010di\u0173 Kas yra garso knyga? Kas yra garso knyga? Garso knyga &#8211; tai garsin\u0117 knygos ar teksto versija, kuri yra skaitoma ir \u012fra\u0161oma [&hellip;]<\/p>\n","protected":false},"author":1,"featured_media":0,"parent":0,"menu_order":0,"comment_status":"closed","ping_status":"closed","template":"","meta":{"inline_featured_image":false,"footnotes":""},"class_list":["post-1107","page","type-page","status-publish","hentry"],"aioseo_notices":[],"_links":{"self":[{"href":"https:\/\/www.digimedia.lv\/lt\/wp-json\/wp\/v2\/pages\/1107","targetHints":{"allow":["GET"]}}],"collection":[{"href":"https:\/\/www.digimedia.lv\/lt\/wp-json\/wp\/v2\/pages"}],"about":[{"href":"https:\/\/www.digimedia.lv\/lt\/wp-json\/wp\/v2\/types\/page"}],"author":[{"embeddable":true,"href":"https:\/\/www.digimedia.lv\/lt\/wp-json\/wp\/v2\/users\/1"}],"replies":[{"embeddable":true,"href":"https:\/\/www.digimedia.lv\/lt\/wp-json\/wp\/v2\/comments?post=1107"}],"version-history":[{"count":5,"href":"https:\/\/www.digimedia.lv\/lt\/wp-json\/wp\/v2\/pages\/1107\/revisions"}],"predecessor-version":[{"id":2117,"href":"https:\/\/www.digimedia.lv\/lt\/wp-json\/wp\/v2\/pages\/1107\/revisions\/2117"}],"wp:attachment":[{"href":"https:\/\/www.digimedia.lv\/lt\/wp-json\/wp\/v2\/media?parent=1107"}],"curies":[{"name":"wp","href":"https:\/\/api.w.org\/{rel}","templated":true}]}}