{"id":1088,"date":"2024-02-22T16:37:06","date_gmt":"2024-02-22T14:37:06","guid":{"rendered":"https:\/\/digimedia.lv\/junior-start-lygis\/"},"modified":"2025-10-23T10:33:28","modified_gmt":"2025-10-23T08:33:28","slug":"junior-start-lygis","status":"publish","type":"page","link":"https:\/\/www.digimedia.lv\/lt\/junior-start-lygis\/","title":{"rendered":"JUNIOR START lygis"},"content":{"rendered":"\t\t<div data-elementor-type=\"wp-page\" data-elementor-id=\"1088\" class=\"elementor elementor-1088\" data-elementor-post-type=\"page\">\n\t\t\t\t<div class=\"elementor-element elementor-element-2ffaa3f e-flex e-con-boxed e-con e-parent\" data-id=\"2ffaa3f\" data-element_type=\"container\" data-e-type=\"container\" data-settings=\"{&quot;background_background&quot;:&quot;classic&quot;}\">\n\t\t\t\t\t<div class=\"e-con-inner\">\n\t\t\t\t<div class=\"elementor-element elementor-element-5c815a2 elementor-widget elementor-widget-heading\" data-id=\"5c815a2\" data-element_type=\"widget\" data-e-type=\"widget\" data-widget_type=\"heading.default\">\n\t\t\t\t\t<h1 class=\"elementor-heading-title elementor-size-default\">JUNIOR START lygis\n\"Pa\u017einkite savo bals\u0105!\"\n<\/h1>\t\t\t\t<\/div>\n\t\t<div class=\"elementor-element elementor-element-e524032 e-flex e-con-boxed e-con e-child\" data-id=\"e524032\" data-element_type=\"container\" data-e-type=\"container\" data-settings=\"{&quot;background_background&quot;:&quot;classic&quot;}\">\n\t\t\t\t\t<div class=\"e-con-inner\">\n\t\t<div class=\"elementor-element elementor-element-bcd2a40 e-flex e-con-boxed e-con e-child\" data-id=\"bcd2a40\" data-element_type=\"container\" data-e-type=\"container\">\n\t\t\t\t\t<div class=\"e-con-inner\">\n\t\t<div class=\"elementor-element elementor-element-f8bb014 e-con-full e-flex e-con e-child\" data-id=\"f8bb014\" data-element_type=\"container\" data-e-type=\"container\">\n\t\t\t\t<div class=\"elementor-element elementor-element-0cee5c9 elementor-widget elementor-widget-text-editor\" data-id=\"0cee5c9\" data-element_type=\"widget\" data-e-type=\"widget\" data-widget_type=\"text-editor.default\">\n\t\t\t\t\t\t\t\t\t<p><span style=\"font-weight: 400;\">Vaikams ir paaugliams, kurie jau seniai svajoja i\u0161bandyti \u0161i\u0105 profesij\u0105!<\/span><\/p>\n<p><span style=\"font-weight: 400;\">Programa skirta kalb\u0117jimo \u012fg\u016bd\u017eiams lavinti, kalbos kokybei, aktyviai artikuliacijai, balso diapazonui ir vaidybos menui gerinti.<\/span><\/p>\n<p><span style=\"font-weight: 400;\">\u0160iuo metu renkamos grup\u0117s:<\/span><\/p>\n<p><span style=\"font-weight: 400;\">Junior 1 &#8211; 8-13 met\u0173<\/span><\/p>\n<p><span style=\"font-weight: 400;\">Junior 2 &#8211; 14-17 met\u0173<\/span><\/p>\n<p><span style=\"font-weight: 400;\">Grup\u0117s dydis &#8211; 12 \u017emoni\u0173.<\/span><\/p>\n<p><span style=\"font-weight: 400;\">M\u016bs\u0173 programa puikiai tinka kalb\u0117jimo \u012fg\u016bd\u017eiams ir koordinacijai lavinti.<\/span><\/p>\n\t\t\t\t\t\t\t\t<\/div>\n\t\t\t\t<\/div>\n\t\t<div class=\"elementor-element elementor-element-3654838 e-con-full e-flex e-con e-child\" data-id=\"3654838\" data-element_type=\"container\" data-e-type=\"container\">\n\t\t\t\t<div class=\"elementor-element elementor-element-49cdbce elementor-widget elementor-widget-image\" data-id=\"49cdbce\" data-element_type=\"widget\" data-e-type=\"widget\" data-widget_type=\"image.default\">\n\t\t\t\t\t\t\t\t\t\t\t\t\t\t\t<img fetchpriority=\"high\" decoding=\"async\" width=\"800\" height=\"423\" src=\"https:\/\/www.digimedia.lv\/wp-content\/uploads\/2024\/03\/junior-limenis-1024x541.png\" class=\"attachment-large size-large wp-image-660\" alt=\"Junior level\" srcset=\"https:\/\/www.digimedia.lv\/wp-content\/uploads\/2024\/03\/junior-limenis-1024x541.png 1024w, https:\/\/www.digimedia.lv\/wp-content\/uploads\/2024\/03\/junior-limenis-300x159.png 300w, https:\/\/www.digimedia.lv\/wp-content\/uploads\/2024\/03\/junior-limenis-768x406.png 768w, https:\/\/www.digimedia.lv\/wp-content\/uploads\/2024\/03\/junior-limenis.png 1080w\" sizes=\"(max-width: 800px) 100vw, 800px\" \/>\t\t\t\t\t\t\t\t\t\t\t\t\t\t\t<\/div>\n\t\t\t\t<\/div>\n\t\t\t\t\t<\/div>\n\t\t\t\t<\/div>\n\t\t\t\t<div class=\"elementor-element elementor-element-50d4d63 elementor-widget elementor-widget-text-editor\" data-id=\"50d4d63\" data-element_type=\"widget\" data-e-type=\"widget\" data-widget_type=\"text-editor.default\">\n\t\t\t\t\t\t\t\t\t<p><span style=\"font-weight: 400;\">Visi, kurie kada nors lank\u0117 m\u016bs\u0173 kursus, sugeba valdyti savo bals\u0105, efektyviai paveikti klausytoj\u0105, ai\u0161kiai ir \u012ftikinamai \u012fra\u0161in\u0117ti bet kokiomis aplinkyb\u0117mis, bet kokiame renginyje ir t. t.<\/span><\/p>\n<p><span style=\"font-weight: 400;\">\u0160ie \u012fg\u016bd\u017eiai pad\u0117s j\u016bs\u0173 vaikui s\u0117kmingai siekti karjeros ateityje, kad ir koki\u0105 profesij\u0105 jis pasirinkt\u0173.<\/span><\/p>\n<p><span style=\"font-weight: 400;\">Kvie\u010diame j\u016bs\u0173 vaik\u0105 lankyti 12 pamok\u0173 kurs\u0105 (viena pamoka &#8211; 1 val. teorijos + 1,5 val. studijin\u0117s praktikos).<\/span><\/p>\n<p><span style=\"font-weight: 400;\">Susitinkame kart\u0105 per savait\u0119.<\/span><\/p>\n<p><span style=\"font-weight: 400;\">Kurs\u0173 kaina <strong>360 eur\u0173 (su PVM)<\/strong>.<\/span><\/p>\n<p><span style=\"font-weight: 400;\">Galimyb\u0117 mok\u0117ti dalimis &#8211; <strong>120 eur\u0173 per m\u0117nes\u012f<\/strong>.<\/span><\/p>\n<p><span style=\"font-weight: 400;\">Mokymo trukm\u0117 &#8211; <strong>3 m\u0117nesiai<\/strong>.<\/span><\/p>\n\t\t\t\t\t\t\t\t<\/div>\n\t\t\t\t<div class=\"elementor-element elementor-element-7f4cf54 elementor-widget elementor-widget-heading\" data-id=\"7f4cf54\" data-element_type=\"widget\" data-e-type=\"widget\" data-widget_type=\"heading.default\">\n\t\t\t\t\t<h3 class=\"elementor-heading-title elementor-size-default\"><span class=\"section-title\">Po kurso j\u016bs\u0173 vaikas:\n<\/span><\/h3>\t\t\t\t<\/div>\n\t\t\t\t<div class=\"elementor-element elementor-element-4d6c0fe elementor-widget elementor-widget-text-editor\" data-id=\"4d6c0fe\" data-element_type=\"widget\" data-e-type=\"widget\" data-widget_type=\"text-editor.default\">\n\t\t\t\t\t\t\t\t\t<p><span style=\"font-weight: 400;\">&#8211; geb\u0117ti skland\u017eiai, be klaid\u0173 ir tr\u016bkum\u0173 skaityti tekst\u0105,<\/span><\/p>\n<p><span style=\"font-weight: 400;\">&#8211; i\u0161mokite valdyti savo bals\u0105 ir atsikratykite baim\u0117s bei streso,<\/span><\/p>\n<p><span style=\"font-weight: 400;\">&#8211; tur\u0117s skamb\u0173 bals\u0105, ai\u0161ki\u0105 dikcij\u0105, \u012fdom\u0173 ir jaudinant\u012f<\/span> <span style=\"font-weight: 400;\">patirtis,<\/span><\/p>\n<p><span style=\"font-weight: 400;\">&#8211; mokytis kalb\u0117jimo prie mikrofono \u012fg\u016bd\u017ei\u0173,<\/span><\/p>\n<p><span style=\"font-weight: 400;\">&#8211; \u012fgaus <\/span><b>BALSO PORTFEL\u012e &#8211; <\/b><span style=\"font-weight: 400;\">profesionalioje \u012fra\u0161\u0173 studijoje \u012fra\u0161ytus balso demo \u012fra\u0161us.<br \/><\/span><\/p>\n<p><span style=\"font-weight: 400;\">Tai bus veiksmingas atlikto darbo ir pagrindinio rezultato rodiklis.<\/span><\/p>\n<p><span style=\"font-weight: 400;\">S\u0117kmingiausi dalyviai gali b\u016bti \u012ftraukti \u012f DIGI MEDIA.<\/span><\/p>\n\t\t\t\t\t\t\t\t<\/div>\n\t\t\t\t<div class=\"elementor-element elementor-element-42836bf elementor-widget elementor-widget-heading\" data-id=\"42836bf\" data-element_type=\"widget\" data-e-type=\"widget\" data-widget_type=\"heading.default\">\n\t\t\t\t\t<h3 class=\"elementor-heading-title elementor-size-default\"><span class=\"section-title\">Kurs\u0173 metu:\n<\/span><\/h3>\t\t\t\t<\/div>\n\t\t\t\t<div class=\"elementor-element elementor-element-8505c3b elementor-widget elementor-widget-text-editor\" data-id=\"8505c3b\" data-element_type=\"widget\" data-e-type=\"widget\" data-widget_type=\"text-editor.default\">\n\t\t\t\t\t\t\t\t\t<p><span style=\"font-weight: 400;\">&#8211; Nam\u0173 darbai,<\/span><\/p>\n<p><span style=\"font-weight: 400;\">&#8211; individualus gr\u012f\u017etamasis ry\u0161ys i\u0161 instruktori\u0173,<\/span><\/p>\n<p><span style=\"font-weight: 400;\">&#8211; interaktyvi veikla dalyviams,<\/span><\/p>\n<p><span style=\"font-weight: 400;\">&#8211; kalbos raidos testai<\/span><\/p>\n<p><span style=\"font-weight: 400;\">ir, \u017einoma, PRAKTINIS DARBAS profesionalioje \u012fra\u0161\u0173 studijoje.<\/span><\/p>\n<\/p>\n<p><span style=\"font-weight: 400;\">Praktini\u0173 u\u017esi\u0117mim\u0173 metu \u012fra\u0161in\u0117sime \u012fvairi\u0173 \u017eanr\u0173 ir jud\u0117jim\u0173 med\u017eiag\u0105:<\/span><\/p>\n<p><span style=\"font-weight: 400;\">&#8211; Reklama,<\/span><\/p>\n<p><span style=\"font-weight: 400;\">&#8211; animaciniai filmai<\/span><\/p>\n<p><span style=\"font-weight: 400;\">&#8211; vaidybiniai filmai,<\/span><\/p>\n<p><span style=\"font-weight: 400;\">&#8211; reklaminiai ritiniai<\/span><\/p>\n<p><span style=\"font-weight: 400;\">&#8211; vaiki\u0161kos audioknygos ir kt.<\/span><\/p>\n\t\t\t\t\t\t\t\t<\/div>\n\t\t\t\t\t<\/div>\n\t\t\t\t<\/div>\n\t\t\t\t\t<\/div>\n\t\t\t\t<\/div>\n\t\t\t\t<\/div>\n\t\t","protected":false},"excerpt":{"rendered":"<p>JUNIOR START lygis &#8222;Pa\u017einkite savo bals\u0105!&#8221; Vaikams ir paaugliams, kurie jau seniai svajoja i\u0161bandyti \u0161i\u0105 profesij\u0105! Programa skirta kalb\u0117jimo \u012fg\u016bd\u017eiams lavinti, kalbos kokybei, aktyviai artikuliacijai, balso diapazonui ir vaidybos menui gerinti. \u0160iuo metu renkamos grup\u0117s: Junior 1 &#8211; 8-13 met\u0173 Junior 2 &#8211; 14-17 met\u0173 Grup\u0117s dydis &#8211; 12 \u017emoni\u0173. M\u016bs\u0173 programa puikiai tinka kalb\u0117jimo [&hellip;]<\/p>\n","protected":false},"author":1,"featured_media":0,"parent":0,"menu_order":0,"comment_status":"closed","ping_status":"closed","template":"","meta":{"inline_featured_image":false,"footnotes":""},"class_list":["post-1088","page","type-page","status-publish","hentry"],"aioseo_notices":[],"_links":{"self":[{"href":"https:\/\/www.digimedia.lv\/lt\/wp-json\/wp\/v2\/pages\/1088","targetHints":{"allow":["GET"]}}],"collection":[{"href":"https:\/\/www.digimedia.lv\/lt\/wp-json\/wp\/v2\/pages"}],"about":[{"href":"https:\/\/www.digimedia.lv\/lt\/wp-json\/wp\/v2\/types\/page"}],"author":[{"embeddable":true,"href":"https:\/\/www.digimedia.lv\/lt\/wp-json\/wp\/v2\/users\/1"}],"replies":[{"embeddable":true,"href":"https:\/\/www.digimedia.lv\/lt\/wp-json\/wp\/v2\/comments?post=1088"}],"version-history":[{"count":1,"href":"https:\/\/www.digimedia.lv\/lt\/wp-json\/wp\/v2\/pages\/1088\/revisions"}],"predecessor-version":[{"id":6249,"href":"https:\/\/www.digimedia.lv\/lt\/wp-json\/wp\/v2\/pages\/1088\/revisions\/6249"}],"wp:attachment":[{"href":"https:\/\/www.digimedia.lv\/lt\/wp-json\/wp\/v2\/media?parent=1088"}],"curies":[{"name":"wp","href":"https:\/\/api.w.org\/{rel}","templated":true}]}}