{"id":1071,"date":"2024-02-22T16:56:25","date_gmt":"2024-02-22T14:56:25","guid":{"rendered":"https:\/\/digimedia.lv\/gimtadieniu-ir-ypatingu-ivykiu-sventimas\/"},"modified":"2025-10-23T10:26:55","modified_gmt":"2025-10-23T08:26:55","slug":"gimtadieniu-ir-ypatingu-ivykiu-sventimas","status":"publish","type":"page","link":"https:\/\/www.digimedia.lv\/lt\/gimtadieniu-ir-ypatingu-ivykiu-sventimas\/","title":{"rendered":"Gimtadieni\u0173 ir ypating\u0173 \u012fvyki\u0173 \u0161ventimas"},"content":{"rendered":"\t\t<div data-elementor-type=\"wp-page\" data-elementor-id=\"1071\" class=\"elementor elementor-1071\" data-elementor-post-type=\"page\">\n\t\t\t\t<div class=\"elementor-element elementor-element-7679061 e-flex e-con-boxed e-con e-parent\" data-id=\"7679061\" data-element_type=\"container\" data-e-type=\"container\" data-settings=\"{&quot;background_background&quot;:&quot;classic&quot;}\">\n\t\t\t\t\t<div class=\"e-con-inner\">\n\t\t\t\t<div class=\"elementor-element elementor-element-f303ce1 elementor-widget elementor-widget-heading\" data-id=\"f303ce1\" data-element_type=\"widget\" data-e-type=\"widget\" data-widget_type=\"heading.default\">\n\t\t\t\t\t<h1 class=\"elementor-heading-title elementor-size-default\">Gimtadieni\u0173 ir ypating\u0173 \u012fvyki\u0173 \u0161ventimas<\/h1>\t\t\t\t<\/div>\n\t\t<div class=\"elementor-element elementor-element-ec3c2ed e-flex e-con-boxed e-con e-child\" data-id=\"ec3c2ed\" data-element_type=\"container\" data-e-type=\"container\" data-settings=\"{&quot;background_background&quot;:&quot;classic&quot;}\">\n\t\t\t\t\t<div class=\"e-con-inner\">\n\t\t<div class=\"elementor-element elementor-element-4a2208a e-flex e-con-boxed e-con e-child\" data-id=\"4a2208a\" data-element_type=\"container\" data-e-type=\"container\">\n\t\t\t\t\t<div class=\"e-con-inner\">\n\t\t<div class=\"elementor-element elementor-element-f6966ea e-con-full e-flex e-con e-child\" data-id=\"f6966ea\" data-element_type=\"container\" data-e-type=\"container\">\n\t\t\t\t<div class=\"elementor-element elementor-element-f2ad129 elementor-widget elementor-widget-text-editor\" data-id=\"f2ad129\" data-element_type=\"widget\" data-e-type=\"widget\" data-widget_type=\"text-editor.default\">\n\t\t\t\t\t\t\t\t\t<p><strong>\u0160v\u0119skite savo gimtadien\u012f su mumis!<\/strong><\/p>\n<p><span style=\"font-weight: 400;\">Galite pakviesti savo artimuosius ir draugus \u012f ne\u012fprast\u0105 \u0161vent\u0119.  <\/span><\/p>\n<p><span style=\"font-weight: 400;\">Labai smagu su draugais \u012fra\u0161yti trump\u0105 animacin\u012f filmuk\u0105 ar juoking\u0105 reklam\u0105, tada \u017ei\u016br\u0117ti vaizdo \u012fra\u0161\u0105 ir rodyti j\u012f kitiems!<\/span><\/p>\n<p><span style=\"font-weight: 400;\">Pats procesas labai \u012fdomus &#8211; galite i\u0161bandyti bals\u0173 transformacijas ir skaitymo vaidmenis! Patirsite, k\u0105 rei\u0161kia b\u016bti \u012fgarsintoju, ir gal\u0117site i\u0161bandyti savo j\u0117gas \u012fgarsindami pa\u010dius netik\u0117\u010diausius persona\u017eus!<\/span><\/p>\n<p><span style=\"font-weight: 400;\">Skirta ne didesn\u0117ms kaip 10 asmen\u0173 grup\u0117ms.<\/span><\/p>\n<p><span style=\"font-weight: 400;\">Kaina pagal <strong>pageidavim\u0105<\/strong>.<\/span><\/p>\n\t\t\t\t\t\t\t\t<\/div>\n\t\t\t\t<\/div>\n\t\t<div class=\"elementor-element elementor-element-3f7c2a7 e-con-full e-flex e-con e-child\" data-id=\"3f7c2a7\" data-element_type=\"container\" data-e-type=\"container\">\n\t\t\t\t<div class=\"elementor-element elementor-element-98cda6a elementor-widget elementor-widget-image\" data-id=\"98cda6a\" data-element_type=\"widget\" data-e-type=\"widget\" data-widget_type=\"image.default\">\n\t\t\t\t\t\t\t\t\t\t\t\t\t\t\t<img fetchpriority=\"high\" decoding=\"async\" width=\"800\" height=\"450\" src=\"https:\/\/www.digimedia.lv\/wp-content\/uploads\/2024\/02\/akademija-balss_parbaude-1024x576.jpeg\" class=\"attachment-large size-large wp-image-120\" alt=\"Balss p\u0101rbaude\" srcset=\"https:\/\/www.digimedia.lv\/wp-content\/uploads\/2024\/02\/akademija-balss_parbaude-1024x576.jpeg 1024w, https:\/\/www.digimedia.lv\/wp-content\/uploads\/2024\/02\/akademija-balss_parbaude-300x169.jpeg 300w, https:\/\/www.digimedia.lv\/wp-content\/uploads\/2024\/02\/akademija-balss_parbaude-768x432.jpeg 768w, https:\/\/www.digimedia.lv\/wp-content\/uploads\/2024\/02\/akademija-balss_parbaude-1536x864.jpeg 1536w, https:\/\/www.digimedia.lv\/wp-content\/uploads\/2024\/02\/akademija-balss_parbaude.jpeg 1600w\" sizes=\"(max-width: 800px) 100vw, 800px\" \/>\t\t\t\t\t\t\t\t\t\t\t\t\t\t\t<\/div>\n\t\t\t\t<\/div>\n\t\t\t\t\t<\/div>\n\t\t\t\t<\/div>\n\t\t\t\t\t<\/div>\n\t\t\t\t<\/div>\n\t\t\t\t\t<\/div>\n\t\t\t\t<\/div>\n\t\t\t\t<\/div>\n\t\t","protected":false},"excerpt":{"rendered":"<p>Gimtadieni\u0173 ir ypating\u0173 \u012fvyki\u0173 \u0161ventimas \u0160v\u0119skite savo gimtadien\u012f su mumis! Galite pakviesti savo artimuosius ir draugus \u012f ne\u012fprast\u0105 \u0161vent\u0119. Labai smagu su draugais \u012fra\u0161yti trump\u0105 animacin\u012f filmuk\u0105 ar juoking\u0105 reklam\u0105, tada \u017ei\u016br\u0117ti vaizdo \u012fra\u0161\u0105 ir rodyti j\u012f kitiems! Pats procesas labai \u012fdomus &#8211; galite i\u0161bandyti bals\u0173 transformacijas ir skaitymo vaidmenis! Patirsite, k\u0105 rei\u0161kia b\u016bti \u012fgarsintoju, [&hellip;]<\/p>\n","protected":false},"author":1,"featured_media":0,"parent":0,"menu_order":0,"comment_status":"closed","ping_status":"closed","template":"","meta":{"inline_featured_image":false,"footnotes":""},"class_list":["post-1071","page","type-page","status-publish","hentry"],"aioseo_notices":[],"_links":{"self":[{"href":"https:\/\/www.digimedia.lv\/lt\/wp-json\/wp\/v2\/pages\/1071","targetHints":{"allow":["GET"]}}],"collection":[{"href":"https:\/\/www.digimedia.lv\/lt\/wp-json\/wp\/v2\/pages"}],"about":[{"href":"https:\/\/www.digimedia.lv\/lt\/wp-json\/wp\/v2\/types\/page"}],"author":[{"embeddable":true,"href":"https:\/\/www.digimedia.lv\/lt\/wp-json\/wp\/v2\/users\/1"}],"replies":[{"embeddable":true,"href":"https:\/\/www.digimedia.lv\/lt\/wp-json\/wp\/v2\/comments?post=1071"}],"version-history":[{"count":1,"href":"https:\/\/www.digimedia.lv\/lt\/wp-json\/wp\/v2\/pages\/1071\/revisions"}],"predecessor-version":[{"id":6247,"href":"https:\/\/www.digimedia.lv\/lt\/wp-json\/wp\/v2\/pages\/1071\/revisions\/6247"}],"wp:attachment":[{"href":"https:\/\/www.digimedia.lv\/lt\/wp-json\/wp\/v2\/media?parent=1071"}],"curies":[{"name":"wp","href":"https:\/\/api.w.org\/{rel}","templated":true}]}}