{"id":1055,"date":"2024-02-22T16:46:22","date_gmt":"2024-02-22T14:46:22","guid":{"rendered":"https:\/\/digimedia.lv\/atsargines-kopijos-kursas\/"},"modified":"2025-10-23T10:19:28","modified_gmt":"2025-10-23T08:19:28","slug":"atsargines-kopijos-kursas","status":"publish","type":"page","link":"https:\/\/www.digimedia.lv\/lt\/atsargines-kopijos-kursas\/","title":{"rendered":"Atsargin\u0117s kopijos kursas"},"content":{"rendered":"\t\t<div data-elementor-type=\"wp-page\" data-elementor-id=\"1055\" class=\"elementor elementor-1055\" data-elementor-post-type=\"page\">\n\t\t\t\t<div class=\"elementor-element elementor-element-5cf9b83 e-flex e-con-boxed e-con e-parent\" data-id=\"5cf9b83\" data-element_type=\"container\" data-e-type=\"container\" data-settings=\"{&quot;background_background&quot;:&quot;classic&quot;}\">\n\t\t\t\t\t<div class=\"e-con-inner\">\n\t\t\t\t<div class=\"elementor-element elementor-element-cd49bde elementor-widget elementor-widget-heading\" data-id=\"cd49bde\" data-element_type=\"widget\" data-e-type=\"widget\" data-widget_type=\"heading.default\">\n\t\t\t\t\t<h1 class=\"elementor-heading-title elementor-size-default\">\"Atsarginis\" kursas<\/h1>\t\t\t\t<\/div>\n\t\t<div class=\"elementor-element elementor-element-849fe42 e-flex e-con-boxed e-con e-child\" data-id=\"849fe42\" data-element_type=\"container\" data-e-type=\"container\" data-settings=\"{&quot;background_background&quot;:&quot;classic&quot;}\">\n\t\t\t\t\t<div class=\"e-con-inner\">\n\t\t<div class=\"elementor-element elementor-element-5d3ca42 e-flex e-con-boxed e-con e-child\" data-id=\"5d3ca42\" data-element_type=\"container\" data-e-type=\"container\">\n\t\t\t\t\t<div class=\"e-con-inner\">\n\t\t<div class=\"elementor-element elementor-element-4897b92 e-con-full e-flex e-con e-child\" data-id=\"4897b92\" data-element_type=\"container\" data-e-type=\"container\">\n\t\t\t\t<div class=\"elementor-element elementor-element-81605f2 elementor-widget elementor-widget-text-editor\" data-id=\"81605f2\" data-element_type=\"widget\" data-e-type=\"widget\" data-widget_type=\"text-editor.default\">\n\t\t\t\t\t\t\t\t\t<p><span style=\"font-weight: 400;\">Tiems, kurie pasireng\u0119 i\u0161mokti k\u016brybinio dubliavimo proceso.<\/span><\/p>\n<p><span style=\"font-weight: 400;\">Programa:<\/span><\/p>\n<p><span style=\"font-weight: 400;\">&#8211; kalbos technika,<\/span><\/p>\n<p><span style=\"font-weight: 400;\">&#8211; aktori\u0173 \u012fg\u016bd\u017eius \u012fra\u0161ymo metu,<\/span><\/p>\n<p><span style=\"font-weight: 400;\">&#8211; darbas su tekstais,<\/span><\/p>\n<p><span style=\"font-weight: 400;\">&#8211; darbas su intonacija, l\u016bpine armonik\u0117le<\/span><span style=\"font-weight: 400;\"> (sinchronizacija i\u0161 l\u016bp\u0173 \u012f l\u016bpas) ir kitomis technikomis,<\/span><\/p>\n<p><span style=\"font-weight: 400;\">&#8211; fizika ir sinchroni\u0161kumas,<\/span><\/p>\n<p><span style=\"font-weight: 400;\">&#8211; darbas su persona\u017eu, partneriu ir pan.<\/span><\/p>\n<p><span style=\"font-weight: 400;\">  &#8211; vaidybini\u0173 film\u0173, animacijos ir kt. dubliavimas.<\/span><\/p>\n<\/p>\n<p><span style=\"font-weight: 400;\">8 pamokos (kart\u0105 per savait\u0119).<\/span><\/p>\n<p><span style=\"font-weight: 400;\">Trukm\u0117 &#8211; 2 m\u0117nesiai<\/span><\/p>\n<p><span style=\"font-weight: 400;\">Teorija &#8211; 8 valandos<\/span><\/p>\n<p><span style=\"font-weight: 400;\">Sta\u017euot\u0117 &#8211; 16 valand\u0173<\/span><\/p>\n<p><span style=\"font-weight: 400;\">Vienoje grup\u0117je gali b\u016bti iki 8 \u017emoni\u0173.<\/span><\/p>\n<p><span style=\"font-weight: 400;\">Kaina &#8211; 546 eurai.<\/span><\/p>\n<p><span style=\"font-weight: 400;\">Galimyb\u0117 mok\u0117ti dalimis &#8211; <strong>273 EUR per m\u0117nes\u012f<\/strong>.<\/span><\/p>\n\t\t\t\t\t\t\t\t<\/div>\n\t\t\t\t<\/div>\n\t\t<div class=\"elementor-element elementor-element-deda602 e-con-full e-flex e-con e-child\" data-id=\"deda602\" data-element_type=\"container\" data-e-type=\"container\">\n\t\t\t\t<div class=\"elementor-element elementor-element-884d8da elementor-widget elementor-widget-image\" data-id=\"884d8da\" data-element_type=\"widget\" data-e-type=\"widget\" data-widget_type=\"image.default\">\n\t\t\t\t\t\t\t\t\t\t\t\t\t\t\t<img fetchpriority=\"high\" decoding=\"async\" width=\"800\" height=\"534\" src=\"https:\/\/www.digimedia.lv\/wp-content\/uploads\/2024\/03\/dublesana-1024x684.jpg\" class=\"attachment-large size-large wp-image-664\" alt=\"Dubbing\" srcset=\"https:\/\/www.digimedia.lv\/wp-content\/uploads\/2024\/03\/dublesana-1024x684.jpg 1024w, https:\/\/www.digimedia.lv\/wp-content\/uploads\/2024\/03\/dublesana-300x200.jpg 300w, https:\/\/www.digimedia.lv\/wp-content\/uploads\/2024\/03\/dublesana-768x513.jpg 768w, https:\/\/www.digimedia.lv\/wp-content\/uploads\/2024\/03\/dublesana-1536x1026.jpg 1536w, https:\/\/www.digimedia.lv\/wp-content\/uploads\/2024\/03\/dublesana-2048x1367.jpg 2048w\" sizes=\"(max-width: 800px) 100vw, 800px\" \/>\t\t\t\t\t\t\t\t\t\t\t\t\t\t\t<\/div>\n\t\t\t\t<\/div>\n\t\t\t\t\t<\/div>\n\t\t\t\t<\/div>\n\t\t\t\t\t<\/div>\n\t\t\t\t<\/div>\n\t\t\t\t\t<\/div>\n\t\t\t\t<\/div>\n\t\t\t\t<\/div>\n\t\t","protected":false},"excerpt":{"rendered":"<p>&#8222;Atsarginis&#8221; kursas Tiems, kurie pasireng\u0119 i\u0161mokti k\u016brybinio dubliavimo proceso. Programa: &#8211; kalbos technika, &#8211; aktori\u0173 \u012fg\u016bd\u017eius \u012fra\u0161ymo metu, &#8211; darbas su tekstais, &#8211; darbas su intonacija, l\u016bpine armonik\u0117le (sinchronizacija i\u0161 l\u016bp\u0173 \u012f l\u016bpas) ir kitomis technikomis, &#8211; fizika ir sinchroni\u0161kumas, &#8211; darbas su persona\u017eu, partneriu ir pan. &#8211; vaidybini\u0173 film\u0173, animacijos ir kt. dubliavimas. 8 [&hellip;]<\/p>\n","protected":false},"author":1,"featured_media":0,"parent":0,"menu_order":0,"comment_status":"closed","ping_status":"closed","template":"","meta":{"inline_featured_image":false,"footnotes":""},"class_list":["post-1055","page","type-page","status-publish","hentry"],"aioseo_notices":[],"_links":{"self":[{"href":"https:\/\/www.digimedia.lv\/lt\/wp-json\/wp\/v2\/pages\/1055","targetHints":{"allow":["GET"]}}],"collection":[{"href":"https:\/\/www.digimedia.lv\/lt\/wp-json\/wp\/v2\/pages"}],"about":[{"href":"https:\/\/www.digimedia.lv\/lt\/wp-json\/wp\/v2\/types\/page"}],"author":[{"embeddable":true,"href":"https:\/\/www.digimedia.lv\/lt\/wp-json\/wp\/v2\/users\/1"}],"replies":[{"embeddable":true,"href":"https:\/\/www.digimedia.lv\/lt\/wp-json\/wp\/v2\/comments?post=1055"}],"version-history":[{"count":1,"href":"https:\/\/www.digimedia.lv\/lt\/wp-json\/wp\/v2\/pages\/1055\/revisions"}],"predecessor-version":[{"id":6245,"href":"https:\/\/www.digimedia.lv\/lt\/wp-json\/wp\/v2\/pages\/1055\/revisions\/6245"}],"wp:attachment":[{"href":"https:\/\/www.digimedia.lv\/lt\/wp-json\/wp\/v2\/media?parent=1055"}],"curies":[{"name":"wp","href":"https:\/\/api.w.org\/{rel}","templated":true}]}}