{"id":1051,"date":"2024-02-22T16:31:12","date_gmt":"2024-02-22T14:31:12","guid":{"rendered":"https:\/\/digimedia.lv\/pro-praktika\/"},"modified":"2025-10-23T10:41:02","modified_gmt":"2025-10-23T08:41:02","slug":"pro-praktika","status":"publish","type":"page","link":"https:\/\/www.digimedia.lv\/lt\/pro-praktika\/","title":{"rendered":"PRO praktika"},"content":{"rendered":"\t\t<div data-elementor-type=\"wp-page\" data-elementor-id=\"1051\" class=\"elementor elementor-1051\" data-elementor-post-type=\"page\">\n\t\t\t\t<div class=\"elementor-element elementor-element-cffde92 e-flex e-con-boxed e-con e-parent\" data-id=\"cffde92\" data-element_type=\"container\" data-e-type=\"container\" data-settings=\"{&quot;background_background&quot;:&quot;classic&quot;}\">\n\t\t\t\t\t<div class=\"e-con-inner\">\n\t\t\t\t<div class=\"elementor-element elementor-element-4882b17 elementor-widget elementor-widget-heading\" data-id=\"4882b17\" data-element_type=\"widget\" data-e-type=\"widget\" data-widget_type=\"heading.default\">\n\t\t\t\t\t<h1 class=\"elementor-heading-title elementor-size-default\">PRO praktika<\/h1>\t\t\t\t<\/div>\n\t\t<div class=\"elementor-element elementor-element-7f0583c e-flex e-con-boxed e-con e-child\" data-id=\"7f0583c\" data-element_type=\"container\" data-e-type=\"container\" data-settings=\"{&quot;background_background&quot;:&quot;classic&quot;}\">\n\t\t\t\t\t<div class=\"e-con-inner\">\n\t\t<div class=\"elementor-element elementor-element-a250ea1 e-flex e-con-boxed e-con e-child\" data-id=\"a250ea1\" data-element_type=\"container\" data-e-type=\"container\">\n\t\t\t\t\t<div class=\"e-con-inner\">\n\t\t<div class=\"elementor-element elementor-element-66cc0f7 e-con-full e-flex e-con e-child\" data-id=\"66cc0f7\" data-element_type=\"container\" data-e-type=\"container\">\n\t\t\t\t<div class=\"elementor-element elementor-element-c39a8b8 elementor-widget elementor-widget-text-editor\" data-id=\"c39a8b8\" data-element_type=\"widget\" data-e-type=\"widget\" data-widget_type=\"text-editor.default\">\n\t\t\t\t\t\t\t\t\t<p><span style=\"font-weight: 400;\">Minimal\u016bs reikalavimai aktoriams ir pasakotojams, prad\u0117jusiems dirbti ir \u012fvald\u017eiusiems scenin\u0119 kalb\u0105, turintiems patirties teatre, radijuje, bet anks\u010diau ne \u012fgarsinusiems vaidybini\u0173 film\u0173.<\/span><\/p>\n<p><span style=\"font-weight: 400;\">Po \u012fgarsinimo testo nustatoma, ar aktoriui reikia mokytis praktini\u0173 \u012fg\u016bd\u017ei\u0173 prie mikrofono.<\/span><\/p>\n<p><span style=\"font-weight: 400;\">Studijoje turite praleisti ne ma\u017eiau kaip 6 valandas (3 kartus po 2 valandas).<\/span><\/p>\n<p><span style=\"font-weight: 400;\">Darbas vyksta studijose su \u012fvairiais garso in\u017einieriais.<\/span><\/p>\n<p><span style=\"font-weight: 400;\">Pristatome \u012fvairi\u0173 \u017eanr\u0173 (atrenkame pagal kiekvien\u0105 konkret\u0173 atvej\u012f) dokumentinius filmus, televizijos serialus, realyb\u0117s \u0161ou, vaidybinius ir animacinius filmus.<\/span><\/p>\n<p><span style=\"font-weight: 400;\">Proceso metu i\u0161siai\u0161kiname, kuris \u017eanras aktoriui labiau tinka, o prie kurio dar reikia padirb\u0117ti.<\/span><\/p>\n<p><span style=\"font-weight: 400;\">Mes tikriname kalbos artikuliacij\u0105, greit\u012f, koordinacij\u0105, vokalinius geb\u0117jimus, keisdami vaidinamus persona\u017eus ir t. t.<\/span><\/p>\n<p><span style=\"font-weight: 400;\">\u0160i praktika leid\u017eia aktoriui labiau pasitik\u0117ti savimi prie mikrofono, i\u0161bandyti savo \u012fg\u016bd\u017eius, \u012fveikti stres\u0105 ir s\u0117kmingai prisijungti prie DIGI MEDIA komandos.<\/span><\/p>\n<p><span style=\"font-weight: 400;\">6 valandos &#8211; 120 eur\u0173. (20 eur\u0173 u\u017e valand\u0105)<\/span><\/p>\n\t\t\t\t\t\t\t\t<\/div>\n\t\t\t\t<\/div>\n\t\t<div class=\"elementor-element elementor-element-e404cb0 e-con-full e-flex e-con e-child\" data-id=\"e404cb0\" data-element_type=\"container\" data-e-type=\"container\">\n\t\t\t\t<div class=\"elementor-element elementor-element-807a4fb elementor-widget elementor-widget-image\" data-id=\"807a4fb\" data-element_type=\"widget\" data-e-type=\"widget\" data-widget_type=\"image.default\">\n\t\t\t\t\t\t\t\t\t\t\t\t\t\t\t<img fetchpriority=\"high\" decoding=\"async\" width=\"680\" height=\"1024\" src=\"https:\/\/www.digimedia.lv\/wp-content\/uploads\/2024\/03\/PRO-prakse-680x1024.jpg\" class=\"attachment-large size-large wp-image-636\" alt=\"Digi Media prakse\" srcset=\"https:\/\/www.digimedia.lv\/wp-content\/uploads\/2024\/03\/PRO-prakse-680x1024.jpg 680w, https:\/\/www.digimedia.lv\/wp-content\/uploads\/2024\/03\/PRO-prakse-199x300.jpg 199w, https:\/\/www.digimedia.lv\/wp-content\/uploads\/2024\/03\/PRO-prakse-768x1156.jpg 768w, https:\/\/www.digimedia.lv\/wp-content\/uploads\/2024\/03\/PRO-prakse-1020x1536.jpg 1020w, https:\/\/www.digimedia.lv\/wp-content\/uploads\/2024\/03\/PRO-prakse-1360x2048.jpg 1360w, https:\/\/www.digimedia.lv\/wp-content\/uploads\/2024\/03\/PRO-prakse-scaled.jpg 1700w\" sizes=\"(max-width: 680px) 100vw, 680px\" \/>\t\t\t\t\t\t\t\t\t\t\t\t\t\t\t<\/div>\n\t\t\t\t<\/div>\n\t\t\t\t\t<\/div>\n\t\t\t\t<\/div>\n\t\t\t\t\t<\/div>\n\t\t\t\t<\/div>\n\t\t\t\t\t<\/div>\n\t\t\t\t<\/div>\n\t\t\t\t<\/div>\n\t\t","protected":false},"excerpt":{"rendered":"<p>PRO praktika Minimal\u016bs reikalavimai aktoriams ir pasakotojams, prad\u0117jusiems dirbti ir \u012fvald\u017eiusiems scenin\u0119 kalb\u0105, turintiems patirties teatre, radijuje, bet anks\u010diau ne \u012fgarsinusiems vaidybini\u0173 film\u0173. Po \u012fgarsinimo testo nustatoma, ar aktoriui reikia mokytis praktini\u0173 \u012fg\u016bd\u017ei\u0173 prie mikrofono. Studijoje turite praleisti ne ma\u017eiau kaip 6 valandas (3 kartus po 2 valandas). Darbas vyksta studijose su \u012fvairiais garso in\u017einieriais. [&hellip;]<\/p>\n","protected":false},"author":1,"featured_media":0,"parent":0,"menu_order":0,"comment_status":"closed","ping_status":"closed","template":"","meta":{"inline_featured_image":false,"footnotes":""},"class_list":["post-1051","page","type-page","status-publish","hentry"],"aioseo_notices":[],"_links":{"self":[{"href":"https:\/\/www.digimedia.lv\/lt\/wp-json\/wp\/v2\/pages\/1051","targetHints":{"allow":["GET"]}}],"collection":[{"href":"https:\/\/www.digimedia.lv\/lt\/wp-json\/wp\/v2\/pages"}],"about":[{"href":"https:\/\/www.digimedia.lv\/lt\/wp-json\/wp\/v2\/types\/page"}],"author":[{"embeddable":true,"href":"https:\/\/www.digimedia.lv\/lt\/wp-json\/wp\/v2\/users\/1"}],"replies":[{"embeddable":true,"href":"https:\/\/www.digimedia.lv\/lt\/wp-json\/wp\/v2\/comments?post=1051"}],"version-history":[{"count":1,"href":"https:\/\/www.digimedia.lv\/lt\/wp-json\/wp\/v2\/pages\/1051\/revisions"}],"predecessor-version":[{"id":6252,"href":"https:\/\/www.digimedia.lv\/lt\/wp-json\/wp\/v2\/pages\/1051\/revisions\/6252"}],"wp:attachment":[{"href":"https:\/\/www.digimedia.lv\/lt\/wp-json\/wp\/v2\/media?parent=1051"}],"curies":[{"name":"wp","href":"https:\/\/api.w.org\/{rel}","templated":true}]}}