{"id":1035,"date":"2024-02-22T16:40:58","date_gmt":"2024-02-22T14:40:58","guid":{"rendered":"https:\/\/digimedia.lv\/start-lygis\/"},"modified":"2025-10-23T10:45:25","modified_gmt":"2025-10-23T08:45:25","slug":"start-lygis","status":"publish","type":"page","link":"https:\/\/www.digimedia.lv\/lt\/start-lygis\/","title":{"rendered":"START lygis"},"content":{"rendered":"\t\t<div data-elementor-type=\"wp-page\" data-elementor-id=\"1035\" class=\"elementor elementor-1035\" data-elementor-post-type=\"page\">\n\t\t\t\t<div class=\"elementor-element elementor-element-bc164a6 e-flex e-con-boxed e-con e-parent\" data-id=\"bc164a6\" data-element_type=\"container\" data-e-type=\"container\" data-settings=\"{&quot;background_background&quot;:&quot;classic&quot;}\">\n\t\t\t\t\t<div class=\"e-con-inner\">\n\t\t\t\t<div class=\"elementor-element elementor-element-5db9b0e elementor-widget elementor-widget-heading\" data-id=\"5db9b0e\" data-element_type=\"widget\" data-e-type=\"widget\" data-widget_type=\"heading.default\">\n\t\t\t\t\t<h1 class=\"elementor-heading-title elementor-size-default\">START lygis - \"Atrask savo bals\u0105!\"<\/h1>\t\t\t\t<\/div>\n\t\t<div class=\"elementor-element elementor-element-556be76 e-flex e-con-boxed e-con e-child\" data-id=\"556be76\" data-element_type=\"container\" data-e-type=\"container\" data-settings=\"{&quot;background_background&quot;:&quot;classic&quot;}\">\n\t\t\t\t\t<div class=\"e-con-inner\">\n\t\t<div class=\"elementor-element elementor-element-f3af65f e-flex e-con-boxed e-con e-child\" data-id=\"f3af65f\" data-element_type=\"container\" data-e-type=\"container\">\n\t\t\t\t\t<div class=\"e-con-inner\">\n\t\t<div class=\"elementor-element elementor-element-b5f1962 e-con-full e-flex e-con e-child\" data-id=\"b5f1962\" data-element_type=\"container\" data-e-type=\"container\">\n\t\t\t\t<div class=\"elementor-element elementor-element-e8c3a75 elementor-widget elementor-widget-text-editor\" data-id=\"e8c3a75\" data-element_type=\"widget\" data-e-type=\"widget\" data-widget_type=\"text-editor.default\">\n\t\t\t\t\t\t\t\t\t<p><span style=\"font-weight: 400;\">Tiems, kurie neturi \u012fgarsinimo patirties ir nori i\u0161bandyti nauj\u0105 profesij\u0105.<\/span><\/p>\n<p><span style=\"font-weight: 400;\">Programa skirta kalb\u0117jimo \u012fg\u016bd\u017eiams, aktyviai artikuliacijai, balso diapazonui ir aktoriniams geb\u0117jimams lavinti.<\/span><\/p>\n<p><span style=\"font-weight: 400;\">Net jei anks\u010diau nesate \u012fra\u0161in\u0117j\u0119, atlik\u0119 ar tobulin\u0119 savo balso, \u0161i programa pad\u0117s jums pagerinti kalbos kokyb\u0119 ir greit\u012f.<\/span><\/p>\n\t\t\t\t\t\t\t\t<\/div>\n\t\t\t\t<\/div>\n\t\t<div class=\"elementor-element elementor-element-fd282d4 e-con-full e-flex e-con e-child\" data-id=\"fd282d4\" data-element_type=\"container\" data-e-type=\"container\">\n\t\t\t\t<div class=\"elementor-element elementor-element-d145758 elementor-widget elementor-widget-image\" data-id=\"d145758\" data-element_type=\"widget\" data-e-type=\"widget\" data-widget_type=\"image.default\">\n\t\t\t\t\t\t\t\t\t\t\t\t\t\t\t<img fetchpriority=\"high\" decoding=\"async\" width=\"800\" height=\"450\" src=\"https:\/\/www.digimedia.lv\/wp-content\/uploads\/2024\/02\/akademija-balss_parbaude-1024x576.jpeg\" class=\"attachment-large size-large wp-image-120\" alt=\"Balss p\u0101rbaude\" srcset=\"https:\/\/www.digimedia.lv\/wp-content\/uploads\/2024\/02\/akademija-balss_parbaude-1024x576.jpeg 1024w, https:\/\/www.digimedia.lv\/wp-content\/uploads\/2024\/02\/akademija-balss_parbaude-300x169.jpeg 300w, https:\/\/www.digimedia.lv\/wp-content\/uploads\/2024\/02\/akademija-balss_parbaude-768x432.jpeg 768w, https:\/\/www.digimedia.lv\/wp-content\/uploads\/2024\/02\/akademija-balss_parbaude-1536x864.jpeg 1536w, https:\/\/www.digimedia.lv\/wp-content\/uploads\/2024\/02\/akademija-balss_parbaude.jpeg 1600w\" sizes=\"(max-width: 800px) 100vw, 800px\" \/>\t\t\t\t\t\t\t\t\t\t\t\t\t\t\t<\/div>\n\t\t\t\t<\/div>\n\t\t\t\t\t<\/div>\n\t\t\t\t<\/div>\n\t\t\t\t<div class=\"elementor-element elementor-element-2a71d0f elementor-widget elementor-widget-text-editor\" data-id=\"2a71d0f\" data-element_type=\"widget\" data-e-type=\"widget\" data-widget_type=\"text-editor.default\">\n\t\t\t\t\t\t\t\t\t<p><span style=\"font-weight: 400;\">Sveiki atvyk\u0119 \u012f 10 klasi\u0173 kurs\u0105.<\/span><\/p>\n<p><span style=\"font-weight: 400;\">(1,5 val. teorijos + 2 val. studij\u0173 praktikos).<\/span><\/p>\n<p><span style=\"font-weight: 400;\">Kurs\u0173 kaina: <strong>420 eur\u0173 (su PVM)<\/strong>.<\/span><\/p>\n<p><span style=\"font-weight: 400;\">Galimyb\u0117 mok\u0117ti dalimis &#8211; <strong>168 \u20ac + 168 \u20ac + 84 \u20ac<\/strong>.<\/span><\/p>\n<p><span style=\"font-weight: 400;\">Trukm\u0117 &#8211; <strong>2,5 m\u0117nesio<\/strong>.<\/span><\/p>\n\t\t\t\t\t\t\t\t<\/div>\n\t\t\t\t<div class=\"elementor-element elementor-element-20bfe9d elementor-widget elementor-widget-heading\" data-id=\"20bfe9d\" data-element_type=\"widget\" data-e-type=\"widget\" data-widget_type=\"heading.default\">\n\t\t\t\t\t<h3 class=\"elementor-heading-title elementor-size-default\"><span class=\"section-title\">Kurso pabaigoje:<\/span><\/h3>\t\t\t\t<\/div>\n\t\t\t\t<div class=\"elementor-element elementor-element-28e3c3b elementor-widget elementor-widget-text-editor\" data-id=\"28e3c3b\" data-element_type=\"widget\" data-e-type=\"widget\" data-widget_type=\"text-editor.default\">\n\t\t\t\t\t\t\t\t\t<p><span style=\"font-weight: 400;\">&#8211; geb\u0117ti skaityti tekst\u0105 be klaid\u0173 ir tr\u016bkum\u0173,<\/span><\/p>\n<p><span style=\"font-weight: 400;\">&#8211; i\u0161mokite valdyti savo bals\u0105 ir atsikratykite baim\u0117s bei streso,<\/span><\/p>\n<p><span style=\"font-weight: 400;\">&#8211; tur\u0117site gerai i\u0161lavint\u0105 bals\u0105, ai\u0161ki\u0105 dikcij\u0105, balso analiz\u0119 ir mokytojo atlikto darbo \u012fvertinim\u0105,<\/span><\/p>\n<p><span style=\"font-weight: 400;\">&#8211; i\u0161mokti pagrind\u0173 ir \u012fg\u016bd\u017ei\u0173, kuri\u0173 reikia norint dirbti \u012fra\u0161\u0173 srityje,<\/span><\/p>\n<p><span style=\"font-weight: 400;\">&#8211; gausite <\/span><b>BALSO GARS\u0172 PORTFEL\u012e &#8211; <\/b><span style=\"font-weight: 400;\">j\u016bs\u0173<\/span> <span style=\"font-weight: 400;\">balso demo<\/span> <span style=\"font-weight: 400;\">profesionalioje \u012fra\u0161\u0173 studijoje padaryt\u0173 \u012fra\u0161\u0173 rinkin\u012f.<\/span><\/p>\n<p><span style=\"font-weight: 400;\"> <\/span><span style=\"font-weight: 400;\">Tai bus veiksmingas atlikto darbo ir pagrindinio rezultato rodiklis.<\/span><\/p>\n<p><span style=\"font-weight: 400;\">Visas kurso metu \u012fgytas \u017einias ir \u012fg\u016bd\u017eius galima pritaikyti ir kitose su balsu ir kalba susijusiose srityse &#8211; pristatymuose, derybose, dirbant \u012fra\u0161\u0173 studijose, radijuje ir t. t.<\/span><\/p>\n<p><span style=\"font-weight: 400;\">I\u0161moksite veiksmingai paveikti klausytoj\u0105, tod\u0117l gal\u0117site tapti profesionaliu laid\u0173 ved\u0117ju, prane\u0161\u0117ju, lektoriumi, mokytoju.<\/span><\/p>\n<p><span style=\"font-weight: 400;\">S\u0117kmingiausiai pasirod\u0119 dalyviai gali b\u016bti pakviesti prisijungti prie DIGI MEDIA.<\/span><\/p>\n<p><span style=\"font-weight: 400;\">Program\u0105 sudaro:<\/span><\/p>\n<p><span style=\"font-weight: 400;\">Teorija &#8211; <strong>15 valand\u0173<\/strong>.<\/span><\/p>\n<p><span style=\"font-weight: 400;\">Studij\u0173 praktika &#8211; <strong>20 valand\u0173<\/strong>.<\/span><\/p>\n\t\t\t\t\t\t\t\t<\/div>\n\t\t\t\t<div class=\"elementor-element elementor-element-3dac37f elementor-widget elementor-widget-heading\" data-id=\"3dac37f\" data-element_type=\"widget\" data-e-type=\"widget\" data-widget_type=\"heading.default\">\n\t\t\t\t\t<h3 class=\"elementor-heading-title elementor-size-default\"><span class=\"section-title\">Kurs\u0173 metu:<\/span><\/h3>\t\t\t\t<\/div>\n\t\t\t\t<div class=\"elementor-element elementor-element-e8086cd elementor-widget elementor-widget-text-editor\" data-id=\"e8086cd\" data-element_type=\"widget\" data-e-type=\"widget\" data-widget_type=\"text-editor.default\">\n\t\t\t\t\t\t\t\t\t<p><span style=\"font-weight: 400;\">&#8211; Nam\u0173 darbai,<\/span><\/p>\n<p><span style=\"font-weight: 400;\">&#8211; bendras dalyvi\u0173 pokalbis,<\/span><\/p>\n<p><span style=\"font-weight: 400;\">&#8211; individualus gr\u012f\u017etamasis ry\u0161ys i\u0161 instruktori\u0173,<\/span><\/p>\n<p><span style=\"font-weight: 400;\">&#8211; interaktyvi veikla dalyviams,<\/span><\/p>\n<p><span style=\"font-weight: 400;\">&#8211; kalbos raidos testai.<\/span><\/p>\n<p><span style=\"font-weight: 400;\">Praktini\u0173 u\u017esi\u0117mim\u0173 metu \u012fra\u0161in\u0117sime \u012fvairi\u0173 \u017eanr\u0173 ir jud\u0117jim\u0173 med\u017eiag\u0105:<\/span><\/p>\n<p><span style=\"font-weight: 400;\">&#8211; Reklama,<\/span><\/p>\n<p><span style=\"font-weight: 400;\">&#8211; animaciniai filmai<\/span><\/p>\n<p><span style=\"font-weight: 400;\">&#8211; vaidybiniai filmai,<\/span><\/p>\n<p><span style=\"font-weight: 400;\">&#8211; dokumentiniai filmai,<\/span><\/p>\n<p><span style=\"font-weight: 400;\">&#8211; TV serialas jaunimui,<\/span><\/p>\n<p><span style=\"font-weight: 400;\">&#8211; Realyb\u0117s \u0161ou,<\/span><\/p>\n<p><span style=\"font-weight: 400;\">&#8211; audioknygos ir kt.<\/span><\/p>\n\t\t\t\t\t\t\t\t<\/div>\n\t\t\t\t\t<\/div>\n\t\t\t\t<\/div>\n\t\t\t\t\t<\/div>\n\t\t\t\t<\/div>\n\t\t\t\t<\/div>\n\t\t","protected":false},"excerpt":{"rendered":"<p>START lygis &#8211; &#8222;Atrask savo bals\u0105!&#8221; Tiems, kurie neturi \u012fgarsinimo patirties ir nori i\u0161bandyti nauj\u0105 profesij\u0105. Programa skirta kalb\u0117jimo \u012fg\u016bd\u017eiams, aktyviai artikuliacijai, balso diapazonui ir aktoriniams geb\u0117jimams lavinti. Net jei anks\u010diau nesate \u012fra\u0161in\u0117j\u0119, atlik\u0119 ar tobulin\u0119 savo balso, \u0161i programa pad\u0117s jums pagerinti kalbos kokyb\u0119 ir greit\u012f. Sveiki atvyk\u0119 \u012f 10 klasi\u0173 kurs\u0105. (1,5 val. [&hellip;]<\/p>\n","protected":false},"author":1,"featured_media":0,"parent":0,"menu_order":0,"comment_status":"closed","ping_status":"closed","template":"","meta":{"inline_featured_image":false,"footnotes":""},"class_list":["post-1035","page","type-page","status-publish","hentry"],"aioseo_notices":[],"_links":{"self":[{"href":"https:\/\/www.digimedia.lv\/lt\/wp-json\/wp\/v2\/pages\/1035","targetHints":{"allow":["GET"]}}],"collection":[{"href":"https:\/\/www.digimedia.lv\/lt\/wp-json\/wp\/v2\/pages"}],"about":[{"href":"https:\/\/www.digimedia.lv\/lt\/wp-json\/wp\/v2\/types\/page"}],"author":[{"embeddable":true,"href":"https:\/\/www.digimedia.lv\/lt\/wp-json\/wp\/v2\/users\/1"}],"replies":[{"embeddable":true,"href":"https:\/\/www.digimedia.lv\/lt\/wp-json\/wp\/v2\/comments?post=1035"}],"version-history":[{"count":1,"href":"https:\/\/www.digimedia.lv\/lt\/wp-json\/wp\/v2\/pages\/1035\/revisions"}],"predecessor-version":[{"id":6254,"href":"https:\/\/www.digimedia.lv\/lt\/wp-json\/wp\/v2\/pages\/1035\/revisions\/6254"}],"wp:attachment":[{"href":"https:\/\/www.digimedia.lv\/lt\/wp-json\/wp\/v2\/media?parent=1035"}],"curies":[{"name":"wp","href":"https:\/\/api.w.org\/{rel}","templated":true}]}}