{"id":1032,"date":"2024-02-22T17:16:02","date_gmt":"2024-02-22T15:16:02","guid":{"rendered":"https:\/\/digimedia.lv\/balso-irasai\/"},"modified":"2024-10-18T15:37:10","modified_gmt":"2024-10-18T13:37:10","slug":"balso-irasai","status":"publish","type":"page","link":"https:\/\/www.digimedia.lv\/lt\/balso-irasai\/","title":{"rendered":"Balso \u012fra\u0161ai"},"content":{"rendered":"\t\t<div data-elementor-type=\"wp-page\" data-elementor-id=\"1032\" class=\"elementor elementor-1032\" data-elementor-post-type=\"page\">\n\t\t\t\t<div class=\"elementor-element elementor-element-9f0f52a e-flex e-con-boxed e-con e-parent\" data-id=\"9f0f52a\" data-element_type=\"container\" data-e-type=\"container\" data-settings=\"{&quot;background_background&quot;:&quot;classic&quot;}\">\n\t\t\t\t\t<div class=\"e-con-inner\">\n\t\t\t\t<div class=\"elementor-element elementor-element-aaabddc elementor-widget elementor-widget-heading\" data-id=\"aaabddc\" data-element_type=\"widget\" data-e-type=\"widget\" data-widget_type=\"heading.default\">\n\t\t\t\t\t<h1 class=\"elementor-heading-title elementor-size-default\">Balso \u012fra\u0161ai<\/h1>\t\t\t\t<\/div>\n\t\t<div class=\"elementor-element elementor-element-cedae8c e-flex e-con-boxed e-con e-child\" data-id=\"cedae8c\" data-element_type=\"container\" data-e-type=\"container\" data-settings=\"{&quot;background_background&quot;:&quot;classic&quot;}\">\n\t\t\t\t\t<div class=\"e-con-inner\">\n\t\t<div class=\"elementor-element elementor-element-3e6e035 e-flex e-con-boxed e-con e-child\" data-id=\"3e6e035\" data-element_type=\"container\" data-e-type=\"container\">\n\t\t\t\t\t<div class=\"e-con-inner\">\n\t\t<div class=\"elementor-element elementor-element-55863f4 e-con-full e-flex e-con e-child\" data-id=\"55863f4\" data-element_type=\"container\" data-e-type=\"container\">\n\t\t\t\t<div class=\"elementor-element elementor-element-0fad3cc elementor-widget elementor-widget-heading\" data-id=\"0fad3cc\" data-element_type=\"widget\" data-e-type=\"widget\" data-widget_type=\"heading.default\">\n\t\t\t\t\t<h2 class=\"elementor-heading-title elementor-size-default\">\u0160e\u0161ios pagrindin\u0117s kalbos:\n<\/h2>\t\t\t\t<\/div>\n\t\t\t\t<div class=\"elementor-element elementor-element-08b0f05 elementor-icon-list--layout-inline elementor-align-center elementor-list-item-link-full_width elementor-widget elementor-widget-icon-list\" data-id=\"08b0f05\" data-element_type=\"widget\" data-e-type=\"widget\" data-widget_type=\"icon-list.default\">\n\t\t\t\t\t\t\t<ul class=\"elementor-icon-list-items elementor-inline-items\">\n\t\t\t\t\t\t\t<li class=\"elementor-icon-list-item elementor-inline-item\">\n\t\t\t\t\t\t\t\t\t\t\t<span class=\"elementor-icon-list-icon\">\n\t\t\t\t\t\t\t<svg xmlns=\"http:\/\/www.w3.org\/2000\/svg\" xmlns:xlink=\"http:\/\/www.w3.org\/1999\/xlink\" width=\"800px\" height=\"800px\" viewBox=\"0 0 36 36\" aria-hidden=\"true\" role=\"img\" class=\"iconify iconify--twemoji\" preserveAspectRatio=\"xMidYMid meet\"><path fill=\"#CE2028\" d=\"M36 27a4 4 0 0 1-4 4H4a4 4 0 0 1-4-4v-4h36v4z\"><\/path><path fill=\"#22408C\" d=\"M0 13h36v10H0z\"><\/path><path fill=\"#EEE\" d=\"M32 5H4a4 4 0 0 0-4 4v4h36V9a4 4 0 0 0-4-4z\"><\/path><\/svg>\t\t\t\t\t\t<\/span>\n\t\t\t\t\t\t\t\t\t\t<span class=\"elementor-icon-list-text\">Rus\u0173 kalba<\/span>\n\t\t\t\t\t\t\t\t\t<\/li>\n\t\t\t\t\t\t\t\t<li class=\"elementor-icon-list-item elementor-inline-item\">\n\t\t\t\t\t\t\t\t\t\t\t<span class=\"elementor-icon-list-icon\">\n\t\t\t\t\t\t\t<svg xmlns=\"http:\/\/www.w3.org\/2000\/svg\" xmlns:xlink=\"http:\/\/www.w3.org\/1999\/xlink\" width=\"800px\" height=\"800px\" viewBox=\"0 0 36 36\" aria-hidden=\"true\" role=\"img\" class=\"iconify iconify--twemoji\" preserveAspectRatio=\"xMidYMid meet\"><path fill=\"#9E3039\" d=\"M32 5H4a4 4 0 0 0-4 4v6h36V9a4 4 0 0 0-4-4zm0 26H4a4 4 0 0 1-4-4v-6h36v6a4 4 0 0 1-4 4z\"><\/path><path fill=\"#EEE\" d=\"M0 15h36v6H0z\"><\/path><\/svg>\t\t\t\t\t\t<\/span>\n\t\t\t\t\t\t\t\t\t\t<span class=\"elementor-icon-list-text\">Latvijos<\/span>\n\t\t\t\t\t\t\t\t\t<\/li>\n\t\t\t\t\t\t\t\t<li class=\"elementor-icon-list-item elementor-inline-item\">\n\t\t\t\t\t\t\t\t\t\t\t<span class=\"elementor-icon-list-icon\">\n\t\t\t\t\t\t\t<svg xmlns=\"http:\/\/www.w3.org\/2000\/svg\" xmlns:xlink=\"http:\/\/www.w3.org\/1999\/xlink\" width=\"800px\" height=\"800px\" viewBox=\"0 0 36 36\" aria-hidden=\"true\" role=\"img\" class=\"iconify iconify--twemoji\" preserveAspectRatio=\"xMidYMid meet\"><path fill=\"#006A44\" d=\"M0 14h36v8H0z\"><\/path><path fill=\"#FDB913\" d=\"M32 5H4a4 4 0 0 0-4 4v5h36V9a4 4 0 0 0-4-4z\"><\/path><path fill=\"#C1272D\" d=\"M4 31h28a4 4 0 0 0 4-4v-5H0v5a4 4 0 0 0 4 4z\"><\/path><\/svg>\t\t\t\t\t\t<\/span>\n\t\t\t\t\t\t\t\t\t\t<span class=\"elementor-icon-list-text\">Lietuvi\u0173 kalba<\/span>\n\t\t\t\t\t\t\t\t\t<\/li>\n\t\t\t\t\t\t\t\t<li class=\"elementor-icon-list-item elementor-inline-item\">\n\t\t\t\t\t\t\t\t\t\t\t<span class=\"elementor-icon-list-icon\">\n\t\t\t\t\t\t\t<svg xmlns=\"http:\/\/www.w3.org\/2000\/svg\" xmlns:xlink=\"http:\/\/www.w3.org\/1999\/xlink\" width=\"800px\" height=\"800px\" viewBox=\"0 0 36 36\" aria-hidden=\"true\" role=\"img\" class=\"iconify iconify--twemoji\" preserveAspectRatio=\"xMidYMid meet\"><path fill=\"#141414\" d=\"M0 14h36v9H0z\"><\/path><path fill=\"#4891D9\" d=\"M32 5H4a4 4 0 0 0-4 4v5h36V9a4 4 0 0 0-4-4z\"><\/path><path fill=\"#EEE\" d=\"M32 31H4a4 4 0 0 1-4-4v-4h36v4a4 4 0 0 1-4 4z\"><\/path><\/svg>\t\t\t\t\t\t<\/span>\n\t\t\t\t\t\t\t\t\t\t<span class=\"elementor-icon-list-text\">Est\u0173 kalba<\/span>\n\t\t\t\t\t\t\t\t\t<\/li>\n\t\t\t\t\t\t\t\t<li class=\"elementor-icon-list-item elementor-inline-item\">\n\t\t\t\t\t\t\t\t\t\t\t<span class=\"elementor-icon-list-icon\">\n\t\t\t\t\t\t\t<svg xmlns=\"http:\/\/www.w3.org\/2000\/svg\" xmlns:xlink=\"http:\/\/www.w3.org\/1999\/xlink\" width=\"800px\" height=\"800px\" viewBox=\"0 0 36 36\" aria-hidden=\"true\" role=\"img\" class=\"iconify iconify--twemoji\" preserveAspectRatio=\"xMidYMid meet\"><path fill=\"#005BBB\" d=\"M32 5H4a4 4 0 0 0-4 4v9h36V9a4 4 0 0 0-4-4z\"><\/path><path fill=\"#FFD500\" d=\"M36 27a4 4 0 0 1-4 4H4a4 4 0 0 1-4-4v-9h36v9z\"><\/path><\/svg>\t\t\t\t\t\t<\/span>\n\t\t\t\t\t\t\t\t\t\t<span class=\"elementor-icon-list-text\">Ukrainie\u010di\u0173<\/span>\n\t\t\t\t\t\t\t\t\t<\/li>\n\t\t\t\t\t\t\t\t<li class=\"elementor-icon-list-item elementor-inline-item\">\n\t\t\t\t\t\t\t\t\t\t\t<span class=\"elementor-icon-list-icon\">\n\t\t\t\t\t\t\t<svg xmlns=\"http:\/\/www.w3.org\/2000\/svg\" xmlns:xlink=\"http:\/\/www.w3.org\/1999\/xlink\" height=\"800px\" width=\"800px\" id=\"Layer_1\" viewBox=\"0 0 512 512\" xml:space=\"preserve\"><path style=\"fill:#41479B;\" d=\"M473.655,88.276H38.345C17.167,88.276,0,105.443,0,126.621V385.38 c0,21.177,17.167,38.345,38.345,38.345h435.31c21.177,0,38.345-17.167,38.345-38.345V126.621 C512,105.443,494.833,88.276,473.655,88.276z\"><\/path><path style=\"fill:#F5F5F5;\" d=\"M511.469,120.282c-3.022-18.159-18.797-32.007-37.814-32.007h-9.977l-163.54,107.147V88.276h-88.276 v107.147L48.322,88.276h-9.977c-19.017,0-34.792,13.847-37.814,32.007l139.778,91.58H0v88.276h140.309L0.531,391.717 c3.022,18.159,18.797,32.007,37.814,32.007h9.977l163.54-107.147v107.147h88.276V316.577l163.54,107.147h9.977 c19.017,0,34.792-13.847,37.814-32.007l-139.778-91.58H512v-88.276H371.691L511.469,120.282z\"><\/path><g>\t<polygon style=\"fill:#FF4B55;\" points=\"282.483,88.276 229.517,88.276 229.517,229.517 0,229.517 0,282.483 229.517,282.483   229.517,423.724 282.483,423.724 282.483,282.483 512,282.483 512,229.517 282.483,229.517  \"><\/polygon>\t<path style=\"fill:#FF4B55;\" d=\"M24.793,421.252l186.583-121.114h-32.428L9.224,410.31  C13.377,415.157,18.714,418.955,24.793,421.252z\"><\/path>\t<path style=\"fill:#FF4B55;\" d=\"M346.388,300.138H313.96l180.716,117.305c5.057-3.321,9.277-7.807,12.287-13.075L346.388,300.138z\"><\/path>\t<path style=\"fill:#FF4B55;\" d=\"M4.049,109.475l157.73,102.387h32.428L15.475,95.842C10.676,99.414,6.749,104.084,4.049,109.475z\"><\/path>\t<path style=\"fill:#FF4B55;\" d=\"M332.566,211.862l170.035-110.375c-4.199-4.831-9.578-8.607-15.699-10.86L300.138,211.862H332.566z\"><\/path><\/g><\/svg>\t\t\t\t\t\t<\/span>\n\t\t\t\t\t\t\t\t\t\t<span class=\"elementor-icon-list-text\">Angl\u0173 kalba<\/span>\n\t\t\t\t\t\t\t\t\t<\/li>\n\t\t\t\t\t\t<\/ul>\n\t\t\t\t\t\t<\/div>\n\t\t\t\t<div class=\"elementor-element elementor-element-4329c5b elementor-widget elementor-widget-heading\" data-id=\"4329c5b\" data-element_type=\"widget\" data-e-type=\"widget\" data-widget_type=\"heading.default\">\n\t\t\t\t\t<h2 class=\"elementor-heading-title elementor-size-default\">Gimtakalbiai u\u017etikrins skelbimo autenti\u0161kum\u0105 reikiamame regione.  <br><br>\nMes ne tik kuriame garsus, bet ir atpa\u017e\u012fstame. M\u016bs\u0173 balso aktoriai pad\u0117s j\u016bs\u0173 prek\u0117s \u017eenklui sukurti garsin\u012f identitet\u0105, kuris i\u0161siskirt\u0173 i\u0161 kit\u0173.  <br><br>Paversime j\u016bs\u0173 \u017eod\u017eius \u012ftraukian\u010dia garso patirtimi, kuri \u012ftrauks ir su\u017eav\u0117s j\u016bs\u0173 auditorij\u0105.\n<\/h2>\t\t\t\t<\/div>\n\t\t\t\t<\/div>\n\t\t\t\t\t<\/div>\n\t\t\t\t<\/div>\n\t\t\t\t\t<\/div>\n\t\t\t\t<\/div>\n\t\t<div class=\"elementor-element elementor-element-56a7ea0 e-flex e-con-boxed e-con e-child\" data-id=\"56a7ea0\" data-element_type=\"container\" data-e-type=\"container\">\n\t\t\t\t\t<div class=\"e-con-inner\">\n\t\t<div class=\"elementor-element elementor-element-2969082 e-flex e-con-boxed e-con e-child\" data-id=\"2969082\" data-element_type=\"container\" data-e-type=\"container\" data-settings=\"{&quot;background_background&quot;:&quot;classic&quot;}\">\n\t\t\t\t\t<div class=\"e-con-inner\">\n\t\t\t\t<div class=\"elementor-element elementor-element-e2b9933 elementor-widget elementor-widget-heading\" data-id=\"e2b9933\" data-element_type=\"widget\" data-e-type=\"widget\" data-widget_type=\"heading.default\">\n\t\t\t\t\t<h3 class=\"elementor-heading-title elementor-size-default\">Garso ir vaizdo \u012fra\u0161ai<br>  reklamos \u012fra\u0161ai<\/h3>\t\t\t\t<\/div>\n\t\t\t\t<div class=\"elementor-element elementor-element-c5e6241 elementor-widget elementor-widget-heading\" data-id=\"c5e6241\" data-element_type=\"widget\" data-e-type=\"widget\" data-widget_type=\"heading.default\">\n\t\t\t\t\t<p class=\"elementor-heading-title elementor-size-default\">Stipri\u0173 balso aktori\u0173 duomen\u0173 baz\u0117. Galime \u012fra\u0161yti skelbim\u0105 reikiama kalba. Reklamos \u012fra\u0161as, sukurtas su j\u0117ga ir \u012fsitikinimu.<\/p>\t\t\t\t<\/div>\n\t\t\t\t<div class=\"elementor-element elementor-element-2aa29a1 elementor-align-center button elementor-widget elementor-widget-button\" data-id=\"2aa29a1\" data-element_type=\"widget\" data-e-type=\"widget\" data-widget_type=\"button.default\">\n\t\t\t\t\t\t\t\t\t\t<a class=\"elementor-button elementor-button-link elementor-size-sm elementor-animation-hang\" href=\"https:\/\/digimedia.lv\/lt\/garso-ir-vaizdo-reklamos-irasai\/\">\n\t\t\t\t\t\t<span class=\"elementor-button-content-wrapper\">\n\t\t\t\t\t\t\t\t\t<span class=\"elementor-button-text\">Su\u017einokite daugiau!<\/span>\n\t\t\t\t\t<\/span>\n\t\t\t\t\t<\/a>\n\t\t\t\t\t\t\t\t<\/div>\n\t\t\t\t\t<\/div>\n\t\t\t\t<\/div>\n\t\t<div class=\"elementor-element elementor-element-4ded154 e-flex e-con-boxed e-con e-child\" data-id=\"4ded154\" data-element_type=\"container\" data-e-type=\"container\" data-settings=\"{&quot;background_background&quot;:&quot;classic&quot;}\">\n\t\t\t\t\t<div class=\"e-con-inner\">\n\t\t\t\t<div class=\"elementor-element elementor-element-236f068 elementor-widget elementor-widget-heading\" data-id=\"236f068\" data-element_type=\"widget\" data-e-type=\"widget\" data-widget_type=\"heading.default\">\n\t\t\t\t\t<h3 class=\"elementor-heading-title elementor-size-default\">Audiogidai<br><br><\/h3>\t\t\t\t<\/div>\n\t\t\t\t<div class=\"elementor-element elementor-element-9b2083e elementor-widget elementor-widget-heading\" data-id=\"9b2083e\" data-element_type=\"widget\" data-e-type=\"widget\" data-widget_type=\"heading.default\">\n\t\t\t\t\t<p class=\"elementor-heading-title elementor-size-default\">Pristatykime viet\u0105, muziej\u0173 ar parod\u0105 naujai ir \u012fdomiai. Pateikiame informatyv\u0173 ir patraukl\u0173 garso turin\u012f, kad klausytojas gal\u0117t\u0173 susidom\u0117j\u0119s tyrin\u0117ti svetain\u0119.\n<\/p>\t\t\t\t<\/div>\n\t\t\t\t<div class=\"elementor-element elementor-element-f5174c9 elementor-align-center button elementor-widget elementor-widget-button\" data-id=\"f5174c9\" data-element_type=\"widget\" data-e-type=\"widget\" data-widget_type=\"button.default\">\n\t\t\t\t\t\t\t\t\t\t<a class=\"elementor-button elementor-button-link elementor-size-sm elementor-animation-hang\" href=\"https:\/\/digimedia.lv\/lt\/audiogidai\/\">\n\t\t\t\t\t\t<span class=\"elementor-button-content-wrapper\">\n\t\t\t\t\t\t\t\t\t<span class=\"elementor-button-text\">Su\u017einokite daugiau!<\/span>\n\t\t\t\t\t<\/span>\n\t\t\t\t\t<\/a>\n\t\t\t\t\t\t\t\t<\/div>\n\t\t\t\t\t<\/div>\n\t\t\t\t<\/div>\n\t\t<div class=\"elementor-element elementor-element-2e0e768 e-flex e-con-boxed e-con e-child\" data-id=\"2e0e768\" data-element_type=\"container\" data-e-type=\"container\" data-settings=\"{&quot;background_background&quot;:&quot;classic&quot;}\">\n\t\t\t\t\t<div class=\"e-con-inner\">\n\t\t\t\t<div class=\"elementor-element elementor-element-5770651 elementor-widget elementor-widget-heading\" data-id=\"5770651\" data-element_type=\"widget\" data-e-type=\"widget\" data-widget_type=\"heading.default\">\n\t\t\t\t\t<h3 class=\"elementor-heading-title elementor-size-default\">Audioknygos<br><br><\/h3>\t\t\t\t<\/div>\n\t\t\t\t<div class=\"elementor-element elementor-element-d59a135 elementor-widget elementor-widget-heading\" data-id=\"d59a135\" data-element_type=\"widget\" data-e-type=\"widget\" data-widget_type=\"heading.default\">\n\t\t\t\t\t<p class=\"elementor-heading-title elementor-size-default\">\u012etraukiantis garso nuotykis - garso knyga su garso efektais su\u017eadins klausytojo vaizduot\u0119 ir sustiprins jo geb\u0117jim\u0105 pasinerti \u012f istorij\u0105.<\/p>\t\t\t\t<\/div>\n\t\t\t\t<div class=\"elementor-element elementor-element-6c6b7bd elementor-align-center button elementor-widget elementor-widget-button\" data-id=\"6c6b7bd\" data-element_type=\"widget\" data-e-type=\"widget\" data-widget_type=\"button.default\">\n\t\t\t\t\t\t\t\t\t\t<a class=\"elementor-button elementor-button-link elementor-size-sm elementor-animation-hang\" href=\"https:\/\/digimedia.lv\/lt\/audioknygos\/\">\n\t\t\t\t\t\t<span class=\"elementor-button-content-wrapper\">\n\t\t\t\t\t\t\t\t\t<span class=\"elementor-button-text\">Su\u017einokite daugiau!<\/span>\n\t\t\t\t\t<\/span>\n\t\t\t\t\t<\/a>\n\t\t\t\t\t\t\t\t<\/div>\n\t\t\t\t\t<\/div>\n\t\t\t\t<\/div>\n\t\t\t\t\t<\/div>\n\t\t\t\t<\/div>\n\t\t<div class=\"elementor-element elementor-element-8526327 e-flex e-con-boxed e-con e-child\" data-id=\"8526327\" data-element_type=\"container\" data-e-type=\"container\">\n\t\t\t\t\t<div class=\"e-con-inner\">\n\t\t<div class=\"elementor-element elementor-element-515bf97 e-flex e-con-boxed e-con e-child\" data-id=\"515bf97\" data-element_type=\"container\" data-e-type=\"container\" data-settings=\"{&quot;background_background&quot;:&quot;classic&quot;}\">\n\t\t\t\t\t<div class=\"e-con-inner\">\n\t\t\t\t<div class=\"elementor-element elementor-element-9499d48 elementor-widget elementor-widget-heading\" data-id=\"9499d48\" data-element_type=\"widget\" data-e-type=\"widget\" data-widget_type=\"heading.default\">\n\t\t\t\t\t<h3 class=\"elementor-heading-title elementor-size-default\">IVR (automatinis atsakiklis telefonu)<\/h3>\t\t\t\t<\/div>\n\t\t\t\t<div class=\"elementor-element elementor-element-5370892 elementor-widget elementor-widget-heading\" data-id=\"5370892\" data-element_type=\"widget\" data-e-type=\"widget\" data-widget_type=\"heading.default\">\n\t\t\t\t\t<p class=\"elementor-heading-title elementor-size-default\">U\u017etikrinkite, kad j\u016bs\u0173 verslas b\u016bt\u0173 pasiekiamas 24 valandas per par\u0105, 7 dienas per savait\u0119. Atsakiklis u\u017etikrina veiksming\u0105 bendravim\u0105 su klientais, nes valdo skambu\u010dius ir nedelsdamas teikia informacij\u0105.<\/p>\t\t\t\t<\/div>\n\t\t\t\t<div class=\"elementor-element elementor-element-33a20fe elementor-align-center button elementor-widget elementor-widget-button\" data-id=\"33a20fe\" data-element_type=\"widget\" data-e-type=\"widget\" data-widget_type=\"button.default\">\n\t\t\t\t\t\t\t\t\t\t<a class=\"elementor-button elementor-button-link elementor-size-sm elementor-animation-hang\" href=\"https:\/\/digimedia.lv\/ivr\/\">\n\t\t\t\t\t\t<span class=\"elementor-button-content-wrapper\">\n\t\t\t\t\t\t\t\t\t<span class=\"elementor-button-text\">Su\u017einokite daugiau!<\/span>\n\t\t\t\t\t<\/span>\n\t\t\t\t\t<\/a>\n\t\t\t\t\t\t\t\t<\/div>\n\t\t\t\t\t<\/div>\n\t\t\t\t<\/div>\n\t\t\t\t\t<\/div>\n\t\t\t\t<\/div>\n\t\t\t\t<div class=\"elementor-element elementor-element-1800e8f elementor-widget elementor-widget-spacer\" data-id=\"1800e8f\" data-element_type=\"widget\" data-e-type=\"widget\" data-widget_type=\"spacer.default\">\n\t\t\t\t\t\t\t<div class=\"elementor-spacer\">\n\t\t\t<div class=\"elementor-spacer-inner\"><\/div>\n\t\t<\/div>\n\t\t\t\t\t\t<\/div>\n\t\t\t\t\t<\/div>\n\t\t\t\t<\/div>\n\t\t\t\t<\/div>\n\t\t","protected":false},"excerpt":{"rendered":"<p>Balso \u012fra\u0161ai \u0160e\u0161ios pagrindin\u0117s kalbos: Rus\u0173 kalba Latvijos Lietuvi\u0173 kalba Est\u0173 kalba Ukrainie\u010di\u0173 Angl\u0173 kalba Gimtakalbiai u\u017etikrins skelbimo autenti\u0161kum\u0105 reikiamame regione. Mes ne tik kuriame garsus, bet ir atpa\u017e\u012fstame. M\u016bs\u0173 balso aktoriai pad\u0117s j\u016bs\u0173 prek\u0117s \u017eenklui sukurti garsin\u012f identitet\u0105, kuris i\u0161siskirt\u0173 i\u0161 kit\u0173. Paversime j\u016bs\u0173 \u017eod\u017eius \u012ftraukian\u010dia garso patirtimi, kuri \u012ftrauks ir su\u017eav\u0117s j\u016bs\u0173 auditorij\u0105. [&hellip;]<\/p>\n","protected":false},"author":1,"featured_media":0,"parent":0,"menu_order":0,"comment_status":"closed","ping_status":"closed","template":"","meta":{"inline_featured_image":false,"footnotes":""},"class_list":["post-1032","page","type-page","status-publish","hentry"],"aioseo_notices":[],"_links":{"self":[{"href":"https:\/\/www.digimedia.lv\/lt\/wp-json\/wp\/v2\/pages\/1032","targetHints":{"allow":["GET"]}}],"collection":[{"href":"https:\/\/www.digimedia.lv\/lt\/wp-json\/wp\/v2\/pages"}],"about":[{"href":"https:\/\/www.digimedia.lv\/lt\/wp-json\/wp\/v2\/types\/page"}],"author":[{"embeddable":true,"href":"https:\/\/www.digimedia.lv\/lt\/wp-json\/wp\/v2\/users\/1"}],"replies":[{"embeddable":true,"href":"https:\/\/www.digimedia.lv\/lt\/wp-json\/wp\/v2\/comments?post=1032"}],"version-history":[{"count":1,"href":"https:\/\/www.digimedia.lv\/lt\/wp-json\/wp\/v2\/pages\/1032\/revisions"}],"predecessor-version":[{"id":4850,"href":"https:\/\/www.digimedia.lv\/lt\/wp-json\/wp\/v2\/pages\/1032\/revisions\/4850"}],"wp:attachment":[{"href":"https:\/\/www.digimedia.lv\/lt\/wp-json\/wp\/v2\/media?parent=1032"}],"curies":[{"name":"wp","href":"https:\/\/api.w.org\/{rel}","templated":true}]}}