{"id":1029,"date":"2024-02-22T16:52:24","date_gmt":"2024-02-22T14:52:24","guid":{"rendered":"https:\/\/digimedia.lv\/stazuotes\/"},"modified":"2025-10-23T10:48:20","modified_gmt":"2025-10-23T08:48:20","slug":"stazuotes","status":"publish","type":"page","link":"https:\/\/www.digimedia.lv\/lt\/stazuotes\/","title":{"rendered":"Sta\u017euot\u0117s"},"content":{"rendered":"\t\t<div data-elementor-type=\"wp-page\" data-elementor-id=\"1029\" class=\"elementor elementor-1029\" data-elementor-post-type=\"page\">\n\t\t\t\t<div class=\"elementor-element elementor-element-3b14df2 e-flex e-con-boxed e-con e-parent\" data-id=\"3b14df2\" data-element_type=\"container\" data-e-type=\"container\" data-settings=\"{&quot;background_background&quot;:&quot;classic&quot;}\">\n\t\t\t\t\t<div class=\"e-con-inner\">\n\t\t\t\t<div class=\"elementor-element elementor-element-c16e7b2 elementor-widget elementor-widget-heading\" data-id=\"c16e7b2\" data-element_type=\"widget\" data-e-type=\"widget\" data-widget_type=\"heading.default\">\n\t\t\t\t\t<h1 class=\"elementor-heading-title elementor-size-default\">Sta\u017euot\u0117s<\/h1>\t\t\t\t<\/div>\n\t\t<div class=\"elementor-element elementor-element-08849de e-flex e-con-boxed e-con e-child\" data-id=\"08849de\" data-element_type=\"container\" data-e-type=\"container\" data-settings=\"{&quot;background_background&quot;:&quot;classic&quot;}\">\n\t\t\t\t\t<div class=\"e-con-inner\">\n\t\t<div class=\"elementor-element elementor-element-9e631ea e-flex e-con-boxed e-con e-child\" data-id=\"9e631ea\" data-element_type=\"container\" data-e-type=\"container\">\n\t\t\t\t\t<div class=\"e-con-inner\">\n\t\t<div class=\"elementor-element elementor-element-9acb341 e-con-full e-flex e-con e-child\" data-id=\"9acb341\" data-element_type=\"container\" data-e-type=\"container\">\n\t\t\t\t<div class=\"elementor-element elementor-element-d2dfdfa elementor-widget elementor-widget-text-editor\" data-id=\"d2dfdfa\" data-element_type=\"widget\" data-e-type=\"widget\" data-widget_type=\"text-editor.default\">\n\t\t\t\t\t\t\t\t\t<p><span style=\"font-weight: 400;\">Tai praktiniai u\u017esi\u0117mimai, skirti diktori\u0173 \u012fg\u016bd\u017eiams tobulinti, balso ir mikrofono naudojimo \u012fg\u016bd\u017eiams lavinti.<\/span><\/p>\n<p><span style=\"font-weight: 400;\">U\u017esi\u0117mimus veda DIGI MEDIA vyresnieji prane\u0161\u0117jai.<\/span><\/p>\n\t\t\t\t\t\t\t\t<\/div>\n\t\t\t\t<\/div>\n\t\t<div class=\"elementor-element elementor-element-8cc91d8 e-con-full e-flex e-con e-child\" data-id=\"8cc91d8\" data-element_type=\"container\" data-e-type=\"container\">\n\t\t\t\t<div class=\"elementor-element elementor-element-177b689 elementor-widget elementor-widget-image\" data-id=\"177b689\" data-element_type=\"widget\" data-e-type=\"widget\" data-widget_type=\"image.default\">\n\t\t\t\t\t\t\t\t\t\t\t\t\t\t\t<img fetchpriority=\"high\" decoding=\"async\" width=\"800\" height=\"450\" src=\"https:\/\/www.digimedia.lv\/wp-content\/uploads\/2024\/03\/Prakse-1024x576.jpeg\" class=\"attachment-large size-large wp-image-656\" alt=\"Prakse\" srcset=\"https:\/\/www.digimedia.lv\/wp-content\/uploads\/2024\/03\/Prakse-1024x576.jpeg 1024w, https:\/\/www.digimedia.lv\/wp-content\/uploads\/2024\/03\/Prakse-300x169.jpeg 300w, https:\/\/www.digimedia.lv\/wp-content\/uploads\/2024\/03\/Prakse-768x432.jpeg 768w, https:\/\/www.digimedia.lv\/wp-content\/uploads\/2024\/03\/Prakse-1536x864.jpeg 1536w, https:\/\/www.digimedia.lv\/wp-content\/uploads\/2024\/03\/Prakse.jpeg 1600w\" sizes=\"(max-width: 800px) 100vw, 800px\" \/>\t\t\t\t\t\t\t\t\t\t\t\t\t\t\t<\/div>\n\t\t\t\t<\/div>\n\t\t\t\t\t<\/div>\n\t\t\t\t<\/div>\n\t\t\t\t<div class=\"elementor-element elementor-element-7807924 elementor-widget elementor-widget-heading\" data-id=\"7807924\" data-element_type=\"widget\" data-e-type=\"widget\" data-widget_type=\"heading.default\">\n\t\t\t\t\t<h2 class=\"elementor-heading-title elementor-size-default\">1. Pasipraktikuokite kalbos technik\u0105:<\/h2>\t\t\t\t<\/div>\n\t\t\t\t<div class=\"elementor-element elementor-element-8cbf19f elementor-widget elementor-widget-text-editor\" data-id=\"8cbf19f\" data-element_type=\"widget\" data-e-type=\"widget\" data-widget_type=\"text-editor.default\">\n\t\t\t\t\t\t\t\t\t<p><span style=\"font-weight: 400;\">&#8211; kv\u0117pavimas,<\/span><\/p>\n<p><span style=\"font-weight: 400;\">&#8211; rezonatoriai,<\/span><\/p>\n<p><span style=\"font-weight: 400;\">&#8211; artikuliacija,<\/span><\/p>\n<p><span style=\"font-weight: 400;\">&#8211; darbas su garsu (gama),<\/span><\/p>\n<p><span style=\"font-weight: 400;\">&#8211; Prane\u0161imas,<\/span><\/p>\n<p><span style=\"font-weight: 400;\">&#8211; prane\u0161imo ir gamos derinys,<\/span><\/p>\n<p><span style=\"font-weight: 400;\">&#8211; garso pob\u016bd\u017eio paie\u0161kos,<\/span><\/p>\n<p><span style=\"font-weight: 400;\">&#8211; akcentai,<\/span><\/p>\n<p><span style=\"font-weight: 400;\">&#8211; Sta\u010diatiki\u0173,<\/span><\/p>\n<p><span style=\"font-weight: 400;\">&#8211; kalbos logika,<\/span><\/p>\n<p><span style=\"font-weight: 400;\">&#8211; darbas su tekstais&#8230;<\/span><\/p>\n\t\t\t\t\t\t\t\t<\/div>\n\t\t\t\t<div class=\"elementor-element elementor-element-1863935 elementor-widget elementor-widget-heading\" data-id=\"1863935\" data-element_type=\"widget\" data-e-type=\"widget\" data-widget_type=\"heading.default\">\n\t\t\t\t\t<h2 class=\"elementor-heading-title elementor-size-default\">2. Aktoriaus menin\u0117 praktika<\/h2>\t\t\t\t<\/div>\n\t\t\t\t<div class=\"elementor-element elementor-element-2665bc8 elementor-widget elementor-widget-text-editor\" data-id=\"2665bc8\" data-element_type=\"widget\" data-e-type=\"widget\" data-widget_type=\"text-editor.default\">\n\t\t\t\t\t\t\t\t\t<p><span style=\"font-weight: 400;\">&#8211; tinka tam tikromis aplinkyb\u0117mis,<\/span><\/p>\n<p><span style=\"font-weight: 400;\">&#8211; \u012fvairi\u0173 \u017eanr\u0173 vaidybos technikos,<\/span><\/p>\n<p><span style=\"font-weight: 400;\">&#8211; fizika ir sinchroni\u0161kumas,<\/span><\/p>\n<p><span style=\"font-weight: 400;\">&#8211; dirbti su partneriu,<\/span><\/p>\n<p><span style=\"font-weight: 400;\">&#8211; charakterizavimo darbas,<\/span><\/p>\n<p><span style=\"font-weight: 400;\">&#8211; vaizd\u0173 k\u016brimas ir dar daugiau.<\/span><span style=\"font-weight: 400;\"> <\/span><\/p>\n<p><span style=\"font-weight: 400;\">Trukm\u0117 &#8211; 2 valandos.<\/span><\/p>\n<p><span style=\"font-weight: 400;\">Kaina &#8211; 20 eur\u0173.<\/span><\/p>\n<p><span style=\"font-weight: 400;\">Sekite naujienas m\u016bs\u0173 svetain\u0117je ir socialin\u0117je \u017einiasklaidoje.<\/span><\/p>\n\t\t\t\t\t\t\t\t<\/div>\n\t\t\t\t\t<\/div>\n\t\t\t\t<\/div>\n\t\t\t\t\t<\/div>\n\t\t\t\t<\/div>\n\t\t\t\t<\/div>\n\t\t","protected":false},"excerpt":{"rendered":"<p>Sta\u017euot\u0117s Tai praktiniai u\u017esi\u0117mimai, skirti diktori\u0173 \u012fg\u016bd\u017eiams tobulinti, balso ir mikrofono naudojimo \u012fg\u016bd\u017eiams lavinti. U\u017esi\u0117mimus veda DIGI MEDIA vyresnieji prane\u0161\u0117jai. 1. Pasipraktikuokite kalbos technik\u0105: &#8211; kv\u0117pavimas, &#8211; rezonatoriai, &#8211; artikuliacija, &#8211; darbas su garsu (gama), &#8211; Prane\u0161imas, &#8211; prane\u0161imo ir gamos derinys, &#8211; garso pob\u016bd\u017eio paie\u0161kos, &#8211; akcentai, &#8211; Sta\u010diatiki\u0173, &#8211; kalbos logika, &#8211; darbas [&hellip;]<\/p>\n","protected":false},"author":1,"featured_media":0,"parent":0,"menu_order":0,"comment_status":"closed","ping_status":"closed","template":"","meta":{"inline_featured_image":false,"footnotes":""},"class_list":["post-1029","page","type-page","status-publish","hentry"],"aioseo_notices":[],"_links":{"self":[{"href":"https:\/\/www.digimedia.lv\/lt\/wp-json\/wp\/v2\/pages\/1029","targetHints":{"allow":["GET"]}}],"collection":[{"href":"https:\/\/www.digimedia.lv\/lt\/wp-json\/wp\/v2\/pages"}],"about":[{"href":"https:\/\/www.digimedia.lv\/lt\/wp-json\/wp\/v2\/types\/page"}],"author":[{"embeddable":true,"href":"https:\/\/www.digimedia.lv\/lt\/wp-json\/wp\/v2\/users\/1"}],"replies":[{"embeddable":true,"href":"https:\/\/www.digimedia.lv\/lt\/wp-json\/wp\/v2\/comments?post=1029"}],"version-history":[{"count":1,"href":"https:\/\/www.digimedia.lv\/lt\/wp-json\/wp\/v2\/pages\/1029\/revisions"}],"predecessor-version":[{"id":6255,"href":"https:\/\/www.digimedia.lv\/lt\/wp-json\/wp\/v2\/pages\/1029\/revisions\/6255"}],"wp:attachment":[{"href":"https:\/\/www.digimedia.lv\/lt\/wp-json\/wp\/v2\/media?parent=1029"}],"curies":[{"name":"wp","href":"https:\/\/api.w.org\/{rel}","templated":true}]}}