{"id":1018,"date":"2024-02-22T14:29:07","date_gmt":"2024-02-22T12:29:07","guid":{"rendered":"https:\/\/digimedia.lv\/sinchroninis-vertimas-zodziu\/"},"modified":"2024-08-20T12:22:34","modified_gmt":"2024-08-20T10:22:34","slug":"sinchroninis-vertimas-zodziu","status":"publish","type":"page","link":"https:\/\/www.digimedia.lv\/lt\/sinchroninis-vertimas-zodziu\/","title":{"rendered":"Sinchroninis vertimas \u017eod\u017eiu"},"content":{"rendered":"\t\t<div data-elementor-type=\"wp-page\" data-elementor-id=\"1018\" class=\"elementor elementor-1018\" data-elementor-post-type=\"page\">\n\t\t\t\t<div class=\"elementor-element elementor-element-5d13c26 e-flex e-con-boxed e-con e-parent\" data-id=\"5d13c26\" data-element_type=\"container\" data-e-type=\"container\" data-settings=\"{&quot;background_background&quot;:&quot;classic&quot;}\">\n\t\t\t\t\t<div class=\"e-con-inner\">\n\t\t\t\t<div class=\"elementor-element elementor-element-3c0b307 elementor-widget elementor-widget-heading\" data-id=\"3c0b307\" data-element_type=\"widget\" data-e-type=\"widget\" data-widget_type=\"heading.default\">\n\t\t\t\t\t<h1 class=\"elementor-heading-title elementor-size-default\">Sinchroninis vertimas \u017eod\u017eiu<\/h1>\t\t\t\t<\/div>\n\t\t\t\t<div class=\"elementor-element elementor-element-744b4a2 elementor-widget elementor-widget-heading\" data-id=\"744b4a2\" data-element_type=\"widget\" data-e-type=\"widget\" data-widget_type=\"heading.default\">\n\t\t\t\t\t<h2 class=\"elementor-heading-title elementor-size-default\">Kas yra sinchroninis vertimas \u017eod\u017eiu?\n\n<\/h2>\t\t\t\t<\/div>\n\t\t<div class=\"elementor-element elementor-element-d5a7cf2 e-flex e-con-boxed e-con e-child\" data-id=\"d5a7cf2\" data-element_type=\"container\" data-e-type=\"container\">\n\t\t\t\t\t<div class=\"e-con-inner\">\n\t\t<div class=\"elementor-element elementor-element-4613cf5 e-flex e-con-boxed e-con e-child\" data-id=\"4613cf5\" data-element_type=\"container\" data-e-type=\"container\" data-settings=\"{&quot;background_background&quot;:&quot;classic&quot;}\">\n\t\t\t\t\t<div class=\"e-con-inner\">\n\t\t\t\t<div class=\"elementor-element elementor-element-3c19690 elementor-widget elementor-widget-heading\" data-id=\"3c19690\" data-element_type=\"widget\" data-e-type=\"widget\" data-widget_type=\"heading.default\">\n\t\t\t\t\t<h3 class=\"elementor-heading-title elementor-size-default\">Sinchroninis vertimas \u017eod\u017eiu - tai vertimo \u017eod\u017eiu r\u016b\u0161is, kai vert\u0117jas \u017eod\u017eiu vienu metu ver\u010dia kalb\u0105 i\u0161 vienos kalbos \u012f kit\u0105, kad u\u017etikrint\u0173 skirtingomis kalbomis kalban\u010di\u0173 dalyvi\u0173 bendravim\u0105 ir supratim\u0105.<\/h3>\t\t\t\t<\/div>\n\t\t\t\t<div class=\"elementor-element elementor-element-5fe5939 elementor-widget elementor-widget-heading\" data-id=\"5fe5939\" data-element_type=\"widget\" data-e-type=\"widget\" data-widget_type=\"heading.default\">\n\t\t\t\t\t<h2 class=\"elementor-heading-title elementor-size-default\">Kaip \u012fmon\u0117 gali teikti \u0161i\u0105 paslaug\u0105?<\/h2>\t\t\t\t<\/div>\n\t\t\t\t<div class=\"elementor-element elementor-element-8e27af2 elementor-widget elementor-widget-heading\" data-id=\"8e27af2\" data-element_type=\"widget\" data-e-type=\"widget\" data-widget_type=\"heading.default\">\n\t\t\t\t\t<p class=\"elementor-heading-title elementor-size-default\">Sprendimu gali b\u016bti paskirtas pra\u0161omos kalbos <a href=\"https:\/\/en.wikipedia.org\/wiki\/Language\">vert\u0117jas<\/a> \u017eod\u017eiu, dirbantis kartu su renginio prane\u0161\u0117ju ar ved\u0117ju. Siekiant u\u017etikrinti geresn\u0119 vertimo kokyb\u0119 ir ai\u0161kum\u0105, gali b\u016bti naudojamos specialios technologijos, pavyzd\u017eiui, belaid\u0117s ausin\u0117s.\n <\/p>\t\t\t\t<\/div>\n\t\t\t\t<div class=\"elementor-element elementor-element-a0cbc7a elementor-widget elementor-widget-heading\" data-id=\"a0cbc7a\" data-element_type=\"widget\" data-e-type=\"widget\" data-widget_type=\"heading.default\">\n\t\t\t\t\t<h3 class=\"elementor-heading-title elementor-size-default\">Sinchroninis vertimas \u017eod\u017eiu yra b\u016btina rengini\u0173, susitikim\u0173 ir konferencij\u0173, kuriuose dalyvauja skirting\u0173 kalb\u0173 ir kult\u016br\u0173 atstovai, paslauga, u\u017etikrinanti veiksming\u0105 bendravim\u0105 tarp skirtingomis kalbomis kalban\u010di\u0173 dalyvi\u0173.<\/h3>\t\t\t\t<\/div>\n\t\t\t\t<div class=\"elementor-element elementor-element-3bb699d elementor-widget elementor-widget-heading\" data-id=\"3bb699d\" data-element_type=\"widget\" data-e-type=\"widget\" data-widget_type=\"heading.default\">\n\t\t\t\t\t<h2 class=\"elementor-heading-title elementor-size-default\">Susisiekite su mumis ir gaukite pasi\u016blym\u0105 savo projektui!<\/h2>\t\t\t\t<\/div>\n\t\t\t\t<div class=\"elementor-element elementor-element-c68c02e elementor-align-center elementor-widget elementor-widget-button\" data-id=\"c68c02e\" data-element_type=\"widget\" data-e-type=\"widget\" data-widget_type=\"button.default\">\n\t\t\t\t\t\t\t\t\t\t<a class=\"elementor-button elementor-button-link elementor-size-sm\" href=\"https:\/\/www.digimedia.lv\/lt\/susisiekite-su\/\">\n\t\t\t\t\t\t<span class=\"elementor-button-content-wrapper\">\n\t\t\t\t\t\t\t\t\t<span class=\"elementor-button-text\">KONTAKTAI!<\/span>\n\t\t\t\t\t<\/span>\n\t\t\t\t\t<\/a>\n\t\t\t\t\t\t\t\t<\/div>\n\t\t\t\t\t<\/div>\n\t\t\t\t<\/div>\n\t\t\t\t\t<\/div>\n\t\t\t\t<\/div>\n\t\t\t\t<div class=\"elementor-element elementor-element-6139a13 elementor-widget elementor-widget-spacer\" data-id=\"6139a13\" data-element_type=\"widget\" data-e-type=\"widget\" data-widget_type=\"spacer.default\">\n\t\t\t\t\t\t\t<div class=\"elementor-spacer\">\n\t\t\t<div class=\"elementor-spacer-inner\"><\/div>\n\t\t<\/div>\n\t\t\t\t\t\t<\/div>\n\t\t\t\t\t<\/div>\n\t\t\t\t<\/div>\n\t\t\t\t<\/div>\n\t\t","protected":false},"excerpt":{"rendered":"<p>Sinchroninis vertimas \u017eod\u017eiu Kas yra sinchroninis vertimas \u017eod\u017eiu? Sinchroninis vertimas \u017eod\u017eiu &#8211; tai vertimo \u017eod\u017eiu r\u016b\u0161is, kai vert\u0117jas \u017eod\u017eiu vienu metu ver\u010dia kalb\u0105 i\u0161 vienos kalbos \u012f kit\u0105, kad u\u017etikrint\u0173 skirtingomis kalbomis kalban\u010di\u0173 dalyvi\u0173 bendravim\u0105 ir supratim\u0105. Kaip \u012fmon\u0117 gali teikti \u0161i\u0105 paslaug\u0105? Sprendimu gali b\u016bti paskirtas pra\u0161omos kalbos vert\u0117jas \u017eod\u017eiu, dirbantis kartu su renginio [&hellip;]<\/p>\n","protected":false},"author":1,"featured_media":0,"parent":0,"menu_order":0,"comment_status":"closed","ping_status":"closed","template":"","meta":{"inline_featured_image":false,"footnotes":""},"class_list":["post-1018","page","type-page","status-publish","hentry"],"aioseo_notices":[],"_links":{"self":[{"href":"https:\/\/www.digimedia.lv\/lt\/wp-json\/wp\/v2\/pages\/1018","targetHints":{"allow":["GET"]}}],"collection":[{"href":"https:\/\/www.digimedia.lv\/lt\/wp-json\/wp\/v2\/pages"}],"about":[{"href":"https:\/\/www.digimedia.lv\/lt\/wp-json\/wp\/v2\/types\/page"}],"author":[{"embeddable":true,"href":"https:\/\/www.digimedia.lv\/lt\/wp-json\/wp\/v2\/users\/1"}],"replies":[{"embeddable":true,"href":"https:\/\/www.digimedia.lv\/lt\/wp-json\/wp\/v2\/comments?post=1018"}],"version-history":[{"count":6,"href":"https:\/\/www.digimedia.lv\/lt\/wp-json\/wp\/v2\/pages\/1018\/revisions"}],"predecessor-version":[{"id":4224,"href":"https:\/\/www.digimedia.lv\/lt\/wp-json\/wp\/v2\/pages\/1018\/revisions\/4224"}],"wp:attachment":[{"href":"https:\/\/www.digimedia.lv\/lt\/wp-json\/wp\/v2\/media?parent=1018"}],"curies":[{"name":"wp","href":"https:\/\/api.w.org\/{rel}","templated":true}]}}