{"id":1009,"date":"2024-02-22T16:47:25","date_gmt":"2024-02-22T14:47:25","guid":{"rendered":"https:\/\/digimedia.lv\/meistriskumo-kursai-su-profesionaliais-pasakotojais\/"},"modified":"2025-10-23T10:35:51","modified_gmt":"2025-10-23T08:35:51","slug":"meistriskumo-kursai-su-profesionaliais-pasakotojais","status":"publish","type":"page","link":"https:\/\/www.digimedia.lv\/lt\/meistriskumo-kursai-su-profesionaliais-pasakotojais\/","title":{"rendered":"Meistri\u0161kumo kursai su profesionaliais pasakotojais"},"content":{"rendered":"\t\t<div data-elementor-type=\"wp-page\" data-elementor-id=\"1009\" class=\"elementor elementor-1009\" data-elementor-post-type=\"page\">\n\t\t\t\t<div class=\"elementor-element elementor-element-e90a6aa e-flex e-con-boxed e-con e-parent\" data-id=\"e90a6aa\" data-element_type=\"container\" data-e-type=\"container\" data-settings=\"{&quot;background_background&quot;:&quot;classic&quot;}\">\n\t\t\t\t\t<div class=\"e-con-inner\">\n\t\t\t\t<div class=\"elementor-element elementor-element-7fe24c0 elementor-widget elementor-widget-heading\" data-id=\"7fe24c0\" data-element_type=\"widget\" data-e-type=\"widget\" data-widget_type=\"heading.default\">\n\t\t\t\t\t<h1 class=\"elementor-heading-title elementor-size-default\">Meistri\u0161kumo kursai su profesionaliais pasakotojais<\/h1>\t\t\t\t<\/div>\n\t\t<div class=\"elementor-element elementor-element-804dc02 e-flex e-con-boxed e-con e-child\" data-id=\"804dc02\" data-element_type=\"container\" data-e-type=\"container\" data-settings=\"{&quot;background_background&quot;:&quot;classic&quot;}\">\n\t\t\t\t\t<div class=\"e-con-inner\">\n\t\t<div class=\"elementor-element elementor-element-c1c99a7 e-flex e-con-boxed e-con e-child\" data-id=\"c1c99a7\" data-element_type=\"container\" data-e-type=\"container\">\n\t\t\t\t\t<div class=\"e-con-inner\">\n\t\t<div class=\"elementor-element elementor-element-ebb7255 e-con-full e-flex e-con e-child\" data-id=\"ebb7255\" data-element_type=\"container\" data-e-type=\"container\">\n\t\t\t\t<div class=\"elementor-element elementor-element-e392339 elementor-widget elementor-widget-text-editor\" data-id=\"e392339\" data-element_type=\"widget\" data-e-type=\"widget\" data-widget_type=\"text-editor.default\">\n\t\t\t\t\t\t\t\t\t<p><strong>Individualiai arba poromis.<\/strong><\/p>\n<p><span style=\"font-weight: 400;\">Galite pasirinkti bet kokio \u017eanro med\u017eiag\u0105 (triler\u012f, komedij\u0105, animacij\u0105, realyb\u0117s \u0161ou ir t. t.) ir praktikuotis j\u0105 \u012fra\u0161yti su profesionaliu diktoriumi \u012fra\u0161\u0173 studijoje.<\/span><\/p>\n<p><span style=\"font-weight: 400;\">Trukm\u0117 &#8211; <strong>2 valandos<\/strong>.<\/span><\/p>\n<p><span style=\"font-weight: 400;\">Sesijos kaina &#8211; <strong>120 eur\u0173<\/strong>.<\/span><\/p>\n<p><span style=\"font-weight: 400;\">Pasiliekate demonstracin\u012f filmo \u012fra\u0161\u0105.<\/span><\/p>\n<p><strong>Grupiniai meistri\u0161kumo kursai.<\/strong><\/p>\n<p><span style=\"font-weight: 400;\">Teminis, kart\u0105 per m\u0117nes\u012f.<\/span><\/p>\n<p><span style=\"font-weight: 400;\">Be studijin\u0117s praktikos.<\/span><\/p>\n<p><span style=\"font-weight: 400;\"> <\/span><span style=\"font-weight: 400;\">Trukm\u0117 &#8211; <strong>2 valandos<\/strong>.<\/span><\/p>\n<p><span style=\"font-weight: 400;\">Kaina &#8211; <strong>20 eur\u0173<\/strong>.<\/span><\/p>\n\t\t\t\t\t\t\t\t<\/div>\n\t\t\t\t<\/div>\n\t\t<div class=\"elementor-element elementor-element-d90da9a e-con-full e-flex e-con e-child\" data-id=\"d90da9a\" data-element_type=\"container\" data-e-type=\"container\">\n\t\t\t\t<div class=\"elementor-element elementor-element-7d0bc28 elementor-widget elementor-widget-image\" data-id=\"7d0bc28\" data-element_type=\"widget\" data-e-type=\"widget\" data-widget_type=\"image.default\">\n\t\t\t\t\t\t\t\t\t\t\t\t\t\t\t<img fetchpriority=\"high\" decoding=\"async\" width=\"800\" height=\"533\" src=\"https:\/\/www.digimedia.lv\/wp-content\/uploads\/2024\/03\/Meistarklase-ar-profesionaliem-balss-aktieriem-1024x682.jpg\" class=\"attachment-large size-large wp-image-648\" alt=\"Kino\" srcset=\"https:\/\/www.digimedia.lv\/wp-content\/uploads\/2024\/03\/Meistarklase-ar-profesionaliem-balss-aktieriem-1024x682.jpg 1024w, https:\/\/www.digimedia.lv\/wp-content\/uploads\/2024\/03\/Meistarklase-ar-profesionaliem-balss-aktieriem-300x200.jpg 300w, https:\/\/www.digimedia.lv\/wp-content\/uploads\/2024\/03\/Meistarklase-ar-profesionaliem-balss-aktieriem-768x512.jpg 768w, https:\/\/www.digimedia.lv\/wp-content\/uploads\/2024\/03\/Meistarklase-ar-profesionaliem-balss-aktieriem-1536x1024.jpg 1536w, https:\/\/www.digimedia.lv\/wp-content\/uploads\/2024\/03\/Meistarklase-ar-profesionaliem-balss-aktieriem.jpg 2000w\" sizes=\"(max-width: 800px) 100vw, 800px\" \/>\t\t\t\t\t\t\t\t\t\t\t\t\t\t\t<\/div>\n\t\t\t\t<\/div>\n\t\t\t\t\t<\/div>\n\t\t\t\t<\/div>\n\t\t\t\t\t<\/div>\n\t\t\t\t<\/div>\n\t\t\t\t\t<\/div>\n\t\t\t\t<\/div>\n\t\t\t\t<\/div>\n\t\t","protected":false},"excerpt":{"rendered":"<p>Meistri\u0161kumo kursai su profesionaliais pasakotojais Individualiai arba poromis. Galite pasirinkti bet kokio \u017eanro med\u017eiag\u0105 (triler\u012f, komedij\u0105, animacij\u0105, realyb\u0117s \u0161ou ir t. t.) ir praktikuotis j\u0105 \u012fra\u0161yti su profesionaliu diktoriumi \u012fra\u0161\u0173 studijoje. Trukm\u0117 &#8211; 2 valandos. Sesijos kaina &#8211; 120 eur\u0173. Pasiliekate demonstracin\u012f filmo \u012fra\u0161\u0105. Grupiniai meistri\u0161kumo kursai. Teminis, kart\u0105 per m\u0117nes\u012f. Be studijin\u0117s praktikos. Trukm\u0117 [&hellip;]<\/p>\n","protected":false},"author":1,"featured_media":0,"parent":0,"menu_order":0,"comment_status":"closed","ping_status":"closed","template":"","meta":{"inline_featured_image":false,"footnotes":""},"class_list":["post-1009","page","type-page","status-publish","hentry"],"aioseo_notices":[],"_links":{"self":[{"href":"https:\/\/www.digimedia.lv\/lt\/wp-json\/wp\/v2\/pages\/1009","targetHints":{"allow":["GET"]}}],"collection":[{"href":"https:\/\/www.digimedia.lv\/lt\/wp-json\/wp\/v2\/pages"}],"about":[{"href":"https:\/\/www.digimedia.lv\/lt\/wp-json\/wp\/v2\/types\/page"}],"author":[{"embeddable":true,"href":"https:\/\/www.digimedia.lv\/lt\/wp-json\/wp\/v2\/users\/1"}],"replies":[{"embeddable":true,"href":"https:\/\/www.digimedia.lv\/lt\/wp-json\/wp\/v2\/comments?post=1009"}],"version-history":[{"count":1,"href":"https:\/\/www.digimedia.lv\/lt\/wp-json\/wp\/v2\/pages\/1009\/revisions"}],"predecessor-version":[{"id":6250,"href":"https:\/\/www.digimedia.lv\/lt\/wp-json\/wp\/v2\/pages\/1009\/revisions\/6250"}],"wp:attachment":[{"href":"https:\/\/www.digimedia.lv\/lt\/wp-json\/wp\/v2\/media?parent=1009"}],"curies":[{"name":"wp","href":"https:\/\/api.w.org\/{rel}","templated":true}]}}