{"id":1006,"date":"2024-02-22T16:36:03","date_gmt":"2024-02-22T14:36:03","guid":{"rendered":"https:\/\/digimedia.lv\/profesionalus-jusu-balso-demonstracinis-irasas\/"},"modified":"2025-10-23T10:43:31","modified_gmt":"2025-10-23T08:43:31","slug":"profesionalus-jusu-balso-demonstracinis-irasas","status":"publish","type":"page","link":"https:\/\/www.digimedia.lv\/lt\/profesionalus-jusu-balso-demonstracinis-irasas\/","title":{"rendered":"Profesionalus j\u016bs\u0173 balso demonstracinis \u012fra\u0161as"},"content":{"rendered":"\t\t<div data-elementor-type=\"wp-page\" data-elementor-id=\"1006\" class=\"elementor elementor-1006\" data-elementor-post-type=\"page\">\n\t\t\t\t<div class=\"elementor-element elementor-element-c871b87 e-flex e-con-boxed e-con e-parent\" data-id=\"c871b87\" data-element_type=\"container\" data-e-type=\"container\" data-settings=\"{&quot;background_background&quot;:&quot;classic&quot;}\">\n\t\t\t\t\t<div class=\"e-con-inner\">\n\t\t\t\t<div class=\"elementor-element elementor-element-29dde62 elementor-widget elementor-widget-heading\" data-id=\"29dde62\" data-element_type=\"widget\" data-e-type=\"widget\" data-widget_type=\"heading.default\">\n\t\t\t\t\t<h1 class=\"elementor-heading-title elementor-size-default\">Profesionalus j\u016bs\u0173 balso demonstracinis \u012fra\u0161as<\/h1>\t\t\t\t<\/div>\n\t\t<div class=\"elementor-element elementor-element-8a6adcd e-flex e-con-boxed e-con e-child\" data-id=\"8a6adcd\" data-element_type=\"container\" data-e-type=\"container\" data-settings=\"{&quot;background_background&quot;:&quot;classic&quot;}\">\n\t\t\t\t\t<div class=\"e-con-inner\">\n\t\t<div class=\"elementor-element elementor-element-b2e49e2 e-flex e-con-boxed e-con e-child\" data-id=\"b2e49e2\" data-element_type=\"container\" data-e-type=\"container\">\n\t\t\t\t\t<div class=\"e-con-inner\">\n\t\t<div class=\"elementor-element elementor-element-f9642d8 e-con-full e-flex e-con e-child\" data-id=\"f9642d8\" data-element_type=\"container\" data-e-type=\"container\">\n\t\t\t\t<div class=\"elementor-element elementor-element-480d820 elementor-widget elementor-widget-text-editor\" data-id=\"480d820\" data-element_type=\"widget\" data-e-type=\"widget\" data-widget_type=\"text-editor.default\">\n\t\t\t\t\t\t\t\t\t<p><span style=\"font-weight: 400;\">Kiekvienas save gerbiantis pasakotojas turi balso \u012fra\u0161\u0173 portfel\u012f.<\/span><\/p>\n<p><span style=\"font-weight: 400;\">Demonstracija ypa\u010d svarbi pradedantiesiems pasakotojams. Tai rodo j\u016bs\u0173 rimtus ketinimus ir profesional\u0173 po\u017ei\u016br\u012f \u012f darb\u0105.  <\/span><\/p>\n<p><span style=\"font-weight: 400;\">\u0160is \u012fra\u0161as bus j\u016bs\u0173 geb\u0117jim\u0173 rodiklis ir ateityje sudomins potencialius partnerius ar darbdavius.<\/span><\/p>\n<p><span style=\"font-weight: 400;\">\u012era\u0161\u0105 padar\u0117 profesionalus garso in\u017einierius.<\/span><\/p>\n<p><span style=\"font-weight: 400;\">Trukm\u0117 &#8211; <strong>2 valandos<\/strong>.<\/span><\/p>\n<p><span style=\"font-weight: 400;\">Kaina &#8211; <strong>120 eur\u0173<\/strong>.<\/span><\/p>\n\t\t\t\t\t\t\t\t<\/div>\n\t\t\t\t<\/div>\n\t\t<div class=\"elementor-element elementor-element-e44d68a e-con-full e-flex e-con e-child\" data-id=\"e44d68a\" data-element_type=\"container\" data-e-type=\"container\">\n\t\t\t\t<div class=\"elementor-element elementor-element-172bf77 elementor-widget elementor-widget-image\" data-id=\"172bf77\" data-element_type=\"widget\" data-e-type=\"widget\" data-widget_type=\"image.default\">\n\t\t\t\t\t\t\t\t\t\t\t\t\t\t\t<img fetchpriority=\"high\" decoding=\"async\" width=\"800\" height=\"534\" src=\"https:\/\/www.digimedia.lv\/wp-content\/uploads\/2024\/03\/demo-ieraksts-1024x683.jpg\" class=\"attachment-large size-large wp-image-652\" alt=\"Demo ieraksts\" srcset=\"https:\/\/www.digimedia.lv\/wp-content\/uploads\/2024\/03\/demo-ieraksts-1024x683.jpg 1024w, https:\/\/www.digimedia.lv\/wp-content\/uploads\/2024\/03\/demo-ieraksts-300x200.jpg 300w, https:\/\/www.digimedia.lv\/wp-content\/uploads\/2024\/03\/demo-ieraksts-768x512.jpg 768w, https:\/\/www.digimedia.lv\/wp-content\/uploads\/2024\/03\/demo-ieraksts-1536x1024.jpg 1536w, https:\/\/www.digimedia.lv\/wp-content\/uploads\/2024\/03\/demo-ieraksts-2048x1365.jpg 2048w\" sizes=\"(max-width: 800px) 100vw, 800px\" \/>\t\t\t\t\t\t\t\t\t\t\t\t\t\t\t<\/div>\n\t\t\t\t<\/div>\n\t\t\t\t\t<\/div>\n\t\t\t\t<\/div>\n\t\t\t\t\t<\/div>\n\t\t\t\t<\/div>\n\t\t\t\t\t<\/div>\n\t\t\t\t<\/div>\n\t\t\t\t<\/div>\n\t\t","protected":false},"excerpt":{"rendered":"<p>Profesionalus j\u016bs\u0173 balso demonstracinis \u012fra\u0161as Kiekvienas save gerbiantis pasakotojas turi balso \u012fra\u0161\u0173 portfel\u012f. Demonstracija ypa\u010d svarbi pradedantiesiems pasakotojams. Tai rodo j\u016bs\u0173 rimtus ketinimus ir profesional\u0173 po\u017ei\u016br\u012f \u012f darb\u0105. \u0160is \u012fra\u0161as bus j\u016bs\u0173 geb\u0117jim\u0173 rodiklis ir ateityje sudomins potencialius partnerius ar darbdavius. \u012era\u0161\u0105 padar\u0117 profesionalus garso in\u017einierius. Trukm\u0117 &#8211; 2 valandos. Kaina &#8211; 120 eur\u0173.<\/p>\n","protected":false},"author":1,"featured_media":0,"parent":0,"menu_order":0,"comment_status":"closed","ping_status":"closed","template":"","meta":{"inline_featured_image":false,"footnotes":""},"class_list":["post-1006","page","type-page","status-publish","hentry"],"aioseo_notices":[],"_links":{"self":[{"href":"https:\/\/www.digimedia.lv\/lt\/wp-json\/wp\/v2\/pages\/1006","targetHints":{"allow":["GET"]}}],"collection":[{"href":"https:\/\/www.digimedia.lv\/lt\/wp-json\/wp\/v2\/pages"}],"about":[{"href":"https:\/\/www.digimedia.lv\/lt\/wp-json\/wp\/v2\/types\/page"}],"author":[{"embeddable":true,"href":"https:\/\/www.digimedia.lv\/lt\/wp-json\/wp\/v2\/users\/1"}],"replies":[{"embeddable":true,"href":"https:\/\/www.digimedia.lv\/lt\/wp-json\/wp\/v2\/comments?post=1006"}],"version-history":[{"count":1,"href":"https:\/\/www.digimedia.lv\/lt\/wp-json\/wp\/v2\/pages\/1006\/revisions"}],"predecessor-version":[{"id":6253,"href":"https:\/\/www.digimedia.lv\/lt\/wp-json\/wp\/v2\/pages\/1006\/revisions\/6253"}],"wp:attachment":[{"href":"https:\/\/www.digimedia.lv\/lt\/wp-json\/wp\/v2\/media?parent=1006"}],"curies":[{"name":"wp","href":"https:\/\/api.w.org\/{rel}","templated":true}]}}