{"id":4790,"date":"2024-02-22T14:31:11","date_gmt":"2024-02-22T12:31:11","guid":{"rendered":"https:\/\/www.digimedia.lv\/verkkosivuston-ja-verkkokaupan-kaantaminen\/"},"modified":"2024-10-18T15:35:53","modified_gmt":"2024-10-18T13:35:53","slug":"verkkosivuston-ja-verkkokaupan-kaantaminen","status":"publish","type":"page","link":"https:\/\/www.digimedia.lv\/fi\/verkkosivuston-ja-verkkokaupan-kaantaminen\/","title":{"rendered":"Verkkosivuston ja verkkokaupan k\u00e4\u00e4nt\u00e4minen"},"content":{"rendered":"\t\t<div data-elementor-type=\"wp-page\" data-elementor-id=\"4790\" class=\"elementor elementor-4790\" data-elementor-post-type=\"page\">\n\t\t\t\t<div class=\"elementor-element elementor-element-ef15248 e-flex e-con-boxed e-con e-parent\" data-id=\"ef15248\" data-element_type=\"container\" data-e-type=\"container\" data-settings=\"{&quot;background_background&quot;:&quot;classic&quot;}\">\n\t\t\t\t\t<div class=\"e-con-inner\">\n\t\t\t\t<div class=\"elementor-element elementor-element-c528cd5 elementor-widget elementor-widget-heading\" data-id=\"c528cd5\" data-element_type=\"widget\" data-e-type=\"widget\" data-widget_type=\"heading.default\">\n\t\t\t\t\t<h1 class=\"elementor-heading-title elementor-size-default\">Verkkosivuston ja verkkokaupan k\u00e4\u00e4nt\u00e4minen<\/h1>\t\t\t\t<\/div>\n\t\t\t\t<div class=\"elementor-element elementor-element-12bf867 elementor-widget elementor-widget-heading\" data-id=\"12bf867\" data-element_type=\"widget\" data-e-type=\"widget\" data-widget_type=\"heading.default\">\n\t\t\t\t\t<h2 class=\"elementor-heading-title elementor-size-default\">Voimme k\u00e4\u00e4nt\u00e4\u00e4 verkkosivustosi tai verkkokauppasi haluamallesi kielelle.  <\/h2>\t\t\t\t<\/div>\n\t\t<div class=\"elementor-element elementor-element-df03b6f e-flex e-con-boxed e-con e-child\" data-id=\"df03b6f\" data-element_type=\"container\" data-e-type=\"container\">\n\t\t\t\t\t<div class=\"e-con-inner\">\n\t\t<div class=\"elementor-element elementor-element-3252cc5 e-flex e-con-boxed e-con e-child\" data-id=\"3252cc5\" data-element_type=\"container\" data-e-type=\"container\" data-settings=\"{&quot;background_background&quot;:&quot;classic&quot;}\">\n\t\t\t\t\t<div class=\"e-con-inner\">\n\t\t\t\t<div class=\"elementor-element elementor-element-c2dfc72 elementor-widget elementor-widget-heading\" data-id=\"c2dfc72\" data-element_type=\"widget\" data-e-type=\"widget\" data-widget_type=\"heading.default\">\n\t\t\t\t\t<h3 class=\"elementor-heading-title elementor-size-default\">ven\u00e4j\u00e4ksi, latviaksi, liettuaksi, viroksi, englanniksi, ukrainaksi ja suomeksi.  <\/h3>\t\t\t\t<\/div>\n\t\t\t\t<div class=\"elementor-element elementor-element-97947cf elementor-widget elementor-widget-heading\" data-id=\"97947cf\" data-element_type=\"widget\" data-e-type=\"widget\" data-widget_type=\"heading.default\">\n\t\t\t\t\t<h2 class=\"elementor-heading-title elementor-size-default\">Mik\u00e4 on verkkosivuston ja verkkokaupan k\u00e4\u00e4nn\u00f6s ja miksi sit\u00e4 tarvitaan?<\/h2>\t\t\t\t<\/div>\n\t\t\t\t<div class=\"elementor-element elementor-element-08c3755 elementor-widget elementor-widget-heading\" data-id=\"08c3755\" data-element_type=\"widget\" data-e-type=\"widget\" data-widget_type=\"heading.default\">\n\t\t\t\t\t<p class=\"elementor-heading-title elementor-size-default\">Verkkosivujen ja verkkokauppojen k\u00e4\u00e4nt\u00e4minen tarkoittaa verkkosivuston tai verkkokaupan sis\u00e4ll\u00f6n k\u00e4\u00e4nt\u00e4mist\u00e4 yhdelt\u00e4 kielelt\u00e4 toiselle, jotta eri kieli\u00e4 puhuvat asiakkaat ymm\u00e4rt\u00e4v\u00e4t ja voivat k\u00e4ytt\u00e4\u00e4 saatavilla olevia tietoja ja tuotekuvauksia.  <\/p>\t\t\t\t<\/div>\n\t\t\t\t<div class=\"elementor-element elementor-element-2e61852 elementor-widget elementor-widget-heading\" data-id=\"2e61852\" data-element_type=\"widget\" data-e-type=\"widget\" data-widget_type=\"heading.default\">\n\t\t\t\t\t<h2 class=\"elementor-heading-title elementor-size-default\">Miten yritys voi tarjota t\u00e4t\u00e4 palvelua?<\/h2>\t\t\t\t<\/div>\n\t\t\t\t<div class=\"elementor-element elementor-element-bb8383e elementor-widget elementor-widget-heading\" data-id=\"bb8383e\" data-element_type=\"widget\" data-e-type=\"widget\" data-widget_type=\"heading.default\">\n\t\t\t\t\t<p class=\"elementor-heading-title elementor-size-default\">Tarjoamme markkinointiin ja verkkosis\u00e4lt\u00f6\u00f6n erikoistuneita kielik\u00e4\u00e4nn\u00f6ksi\u00e4 tilauksesta, jotta sis\u00e4lt\u00f6si pysyy t\u00e4sm\u00e4llisen\u00e4 ja markkinointistrategiaasi vastaavana.<br> Ennen sis\u00e4ll\u00f6n l\u00e4hett\u00e4mist\u00e4 suoritamme laatutarkastuksen ja muokkauksen varmistaaksemme, ett\u00e4 k\u00e4\u00e4nn\u00f6s on tarkka, luettava ja vastaa verkkosivuston tai verkkokaupan tavoitteita.<br><br> Tarjoamme asiakkaillemme mahdollisuuden valita useita kieli\u00e4, jotka he haluavat n\u00e4hd\u00e4 verkkosivustolla tai verkkokaupassa, ja r\u00e4\u00e4t\u00e4l\u00f6id\u00e4 sis\u00e4ll\u00f6n vastaamaan eri <a href=\"https:\/\/en.wikipedia.org\/wiki\/Language\">kieli-<\/a> ja kulttuurispesifikaatioita.  <\/p>\t\t\t\t<\/div>\n\t\t\t\t<div class=\"elementor-element elementor-element-011b3e4 elementor-widget elementor-widget-heading\" data-id=\"011b3e4\" data-element_type=\"widget\" data-e-type=\"widget\" data-widget_type=\"heading.default\">\n\t\t\t\t\t<h3 class=\"elementor-heading-title elementor-size-default\">Verkkosivujen ja verkkokauppojen k\u00e4\u00e4nt\u00e4minen on olennainen askel kansainv\u00e4lisen yleis\u00f6n tavoittamisessa ja liiketoimintamahdollisuuksien laajentamisessa, kun sis\u00e4lt\u00f6 tehd\u00e4\u00e4n monikielisille asiakkaille helposti l\u00e4hestytt\u00e4v\u00e4ksi ja ymm\u00e4rrett\u00e4v\u00e4ksi.<\/h3>\t\t\t\t<\/div>\n\t\t\t\t<div class=\"elementor-element elementor-element-ef0ecee elementor-widget elementor-widget-heading\" data-id=\"ef0ecee\" data-element_type=\"widget\" data-e-type=\"widget\" data-widget_type=\"heading.default\">\n\t\t\t\t\t<h2 class=\"elementor-heading-title elementor-size-default\">Ota yhteytt\u00e4 ja pyyd\u00e4 tarjous projektistasi!<\/h2>\t\t\t\t<\/div>\n\t\t\t\t<div class=\"elementor-element elementor-element-21aa178 elementor-align-center elementor-widget elementor-widget-button\" data-id=\"21aa178\" data-element_type=\"widget\" data-e-type=\"widget\" data-widget_type=\"button.default\">\n\t\t\t\t\t\t\t\t\t\t<a class=\"elementor-button elementor-button-link elementor-size-sm\" href=\"https:\/\/www.digimedia.lv\/fi\/ota-yhteytta\/\">\n\t\t\t\t\t\t<span class=\"elementor-button-content-wrapper\">\n\t\t\t\t\t\t\t\t\t<span class=\"elementor-button-text\">YHTEYSTIEDOT!<\/span>\n\t\t\t\t\t<\/span>\n\t\t\t\t\t<\/a>\n\t\t\t\t\t\t\t\t<\/div>\n\t\t\t\t\t<\/div>\n\t\t\t\t<\/div>\n\t\t\t\t\t<\/div>\n\t\t\t\t<\/div>\n\t\t\t\t<div class=\"elementor-element elementor-element-e292665 elementor-widget elementor-widget-spacer\" data-id=\"e292665\" data-element_type=\"widget\" data-e-type=\"widget\" data-widget_type=\"spacer.default\">\n\t\t\t\t\t\t\t<div class=\"elementor-spacer\">\n\t\t\t<div class=\"elementor-spacer-inner\"><\/div>\n\t\t<\/div>\n\t\t\t\t\t\t<\/div>\n\t\t\t\t\t<\/div>\n\t\t\t\t<\/div>\n\t\t\t\t<\/div>\n\t\t","protected":false},"excerpt":{"rendered":"<p>Verkkosivuston ja verkkokaupan k\u00e4\u00e4nt\u00e4minen Voimme k\u00e4\u00e4nt\u00e4\u00e4 verkkosivustosi tai verkkokauppasi haluamallesi kielelle. ven\u00e4j\u00e4ksi, latviaksi, liettuaksi, viroksi, englanniksi, ukrainaksi ja suomeksi. Mik\u00e4 on verkkosivuston ja verkkokaupan k\u00e4\u00e4nn\u00f6s ja miksi sit\u00e4 tarvitaan? Verkkosivujen ja verkkokauppojen k\u00e4\u00e4nt\u00e4minen tarkoittaa verkkosivuston tai verkkokaupan sis\u00e4ll\u00f6n k\u00e4\u00e4nt\u00e4mist\u00e4 yhdelt\u00e4 kielelt\u00e4 toiselle, jotta eri kieli\u00e4 puhuvat asiakkaat ymm\u00e4rt\u00e4v\u00e4t ja voivat k\u00e4ytt\u00e4\u00e4 saatavilla olevia tietoja ja [&hellip;]<\/p>\n","protected":false},"author":1,"featured_media":0,"parent":0,"menu_order":0,"comment_status":"closed","ping_status":"closed","template":"","meta":{"inline_featured_image":false,"footnotes":""},"class_list":["post-4790","page","type-page","status-publish","hentry"],"aioseo_notices":[],"_links":{"self":[{"href":"https:\/\/www.digimedia.lv\/fi\/wp-json\/wp\/v2\/pages\/4790","targetHints":{"allow":["GET"]}}],"collection":[{"href":"https:\/\/www.digimedia.lv\/fi\/wp-json\/wp\/v2\/pages"}],"about":[{"href":"https:\/\/www.digimedia.lv\/fi\/wp-json\/wp\/v2\/types\/page"}],"author":[{"embeddable":true,"href":"https:\/\/www.digimedia.lv\/fi\/wp-json\/wp\/v2\/users\/1"}],"replies":[{"embeddable":true,"href":"https:\/\/www.digimedia.lv\/fi\/wp-json\/wp\/v2\/comments?post=4790"}],"version-history":[{"count":1,"href":"https:\/\/www.digimedia.lv\/fi\/wp-json\/wp\/v2\/pages\/4790\/revisions"}],"predecessor-version":[{"id":4796,"href":"https:\/\/www.digimedia.lv\/fi\/wp-json\/wp\/v2\/pages\/4790\/revisions\/4796"}],"wp:attachment":[{"href":"https:\/\/www.digimedia.lv\/fi\/wp-json\/wp\/v2\/media?parent=4790"}],"curies":[{"name":"wp","href":"https:\/\/api.w.org\/{rel}","templated":true}]}}