{"id":4777,"date":"2024-09-02T11:59:46","date_gmt":"2024-09-02T09:59:46","guid":{"rendered":"https:\/\/www.digimedia.lv\/elokuvien-aanisuunnittelu\/"},"modified":"2024-09-13T08:39:48","modified_gmt":"2024-09-13T06:39:48","slug":"elokuvien-aanisuunnittelu","status":"publish","type":"page","link":"https:\/\/www.digimedia.lv\/fi\/elokuvien-aanisuunnittelu\/","title":{"rendered":"Elokuvien \u00e4\u00e4nisuunnittelu"},"content":{"rendered":"\t\t<div data-elementor-type=\"wp-page\" data-elementor-id=\"4777\" class=\"elementor elementor-4777\" data-elementor-post-type=\"page\">\n\t\t\t\t<div class=\"elementor-element elementor-element-41fbe81 e-flex e-con-boxed e-con e-parent\" data-id=\"41fbe81\" data-element_type=\"container\" data-e-type=\"container\" data-settings=\"{&quot;background_background&quot;:&quot;classic&quot;}\">\n\t\t\t\t\t<div class=\"e-con-inner\">\n\t\t\t\t<div class=\"elementor-element elementor-element-d4242a0 elementor-widget elementor-widget-heading\" data-id=\"d4242a0\" data-element_type=\"widget\" data-e-type=\"widget\" data-widget_type=\"heading.default\">\n\t\t\t\t\t<h1 class=\"elementor-heading-title elementor-size-default\">Elokuvien \u00e4\u00e4nisuunnittelu<\/h1>\t\t\t\t<\/div>\n\t\t\t\t<div class=\"elementor-element elementor-element-e2ab08e elementor-widget elementor-widget-heading\" data-id=\"e2ab08e\" data-element_type=\"widget\" data-e-type=\"widget\" data-widget_type=\"heading.default\">\n\t\t\t\t\t<h3 class=\"elementor-heading-title elementor-size-default\">Elokuvien \u00e4\u00e4nisuunnittelu luo emotionaalisen ja tunnelmallisen el\u00e4myksen synkronoimalla \u00e4\u00e4nitehosteet ja puhe\u00e4\u00e4net tarkasti visuaalisten elementtien kanssa.<\/h3>\t\t\t\t<\/div>\n\t\t\t\t<div class=\"elementor-element elementor-element-72f2588 elementor-view-default elementor-widget elementor-widget-icon\" data-id=\"72f2588\" data-element_type=\"widget\" data-e-type=\"widget\" data-widget_type=\"icon.default\">\n\t\t\t\t\t\t\t<div class=\"elementor-icon-wrapper\">\n\t\t\t<div class=\"elementor-icon\">\n\t\t\t<svg aria-hidden=\"true\" class=\"e-font-icon-svg e-fas-money-bill-wave\" viewBox=\"0 0 640 512\" xmlns=\"http:\/\/www.w3.org\/2000\/svg\"><path d=\"M621.16 54.46C582.37 38.19 543.55 32 504.75 32c-123.17-.01-246.33 62.34-369.5 62.34-30.89 0-61.76-3.92-92.65-13.72-3.47-1.1-6.95-1.62-10.35-1.62C15.04 79 0 92.32 0 110.81v317.26c0 12.63 7.23 24.6 18.84 29.46C57.63 473.81 96.45 480 135.25 480c123.17 0 246.34-62.35 369.51-62.35 30.89 0 61.76 3.92 92.65 13.72 3.47 1.1 6.95 1.62 10.35 1.62 17.21 0 32.25-13.32 32.25-31.81V83.93c-.01-12.64-7.24-24.6-18.85-29.47zM48 132.22c20.12 5.04 41.12 7.57 62.72 8.93C104.84 170.54 79 192.69 48 192.69v-60.47zm0 285v-47.78c34.37 0 62.18 27.27 63.71 61.4-22.53-1.81-43.59-6.31-63.71-13.62zM320 352c-44.19 0-80-42.99-80-96 0-53.02 35.82-96 80-96s80 42.98 80 96c0 53.03-35.83 96-80 96zm272 27.78c-17.52-4.39-35.71-6.85-54.32-8.44 5.87-26.08 27.5-45.88 54.32-49.28v57.72zm0-236.11c-30.89-3.91-54.86-29.7-55.81-61.55 19.54 2.17 38.09 6.23 55.81 12.66v48.89z\"><\/path><\/svg>\t\t\t<\/div>\n\t\t<\/div>\n\t\t\t\t\t\t<\/div>\n\t\t<div class=\"elementor-element elementor-element-6f5ea7f e-flex e-con-boxed e-con e-child\" data-id=\"6f5ea7f\" data-element_type=\"container\" data-e-type=\"container\" data-settings=\"{&quot;background_background&quot;:&quot;classic&quot;}\">\n\t\t\t\t\t<div class=\"e-con-inner\">\n\t\t<div class=\"elementor-element elementor-element-8c54152 e-flex e-con-boxed e-con e-child\" data-id=\"8c54152\" data-element_type=\"container\" data-e-type=\"container\">\n\t\t\t\t\t<div class=\"e-con-inner\">\n\t\t<div class=\"elementor-element elementor-element-6a8c45e e-con-full e-flex e-con e-child\" data-id=\"6a8c45e\" data-element_type=\"container\" data-e-type=\"container\">\n\t\t\t\t<div class=\"elementor-element elementor-element-460b263 elementor-hidden-mobile elementor-widget elementor-widget-heading\" data-id=\"460b263\" data-element_type=\"widget\" data-e-type=\"widget\" data-widget_type=\"heading.default\">\n\t\t\t\t\t<h3 class=\"elementor-heading-title elementor-size-default\"><span class=\"section-title\">Miksi valita meid\u00e4t?<\/span><\/h3>\t\t\t\t<\/div>\n\t\t\t\t<div class=\"elementor-element elementor-element-23c0192 elementor-hidden-desktop elementor-hidden-laptop elementor-hidden-tablet elementor-widget elementor-widget-heading\" data-id=\"23c0192\" data-element_type=\"widget\" data-e-type=\"widget\" data-widget_type=\"heading.default\">\n\t\t\t\t\t<h3 class=\"elementor-heading-title elementor-size-default\"><span class=\"mobile-title\">Miksi valita meid\u00e4t?:<\/span><\/h3>\t\t\t\t<\/div>\n\t\t\t\t<div class=\"elementor-element elementor-element-026eb68 elementor-widget elementor-widget-text-editor\" data-id=\"026eb68\" data-element_type=\"widget\" data-e-type=\"widget\" data-widget_type=\"text-editor.default\">\n\t\t\t\t\t\t\t\t\t<p>Elokuvan \u00e4\u00e4nisuunnittelu luo tunteita, tunnelmaa ja tarinan syvyytt\u00e4.<br \/>\nSe on yht\u00e4 t\u00e4rke\u00e4\u00e4 kuin visuaalinen ilme, ja usein se muuttaa elokuvan kokemuksen pelk\u00e4st\u00e4 kuvavirrasta t\u00e4ydelliseksi tunnekokemukseksi. <\/p>\n<p>\u00c4\u00e4ni alkaa perusasioista: dialogista, tausta\u00e4\u00e4nist\u00e4 ja musiikista.<br \/>\nSe ei kuitenkaan rajoitu n\u00e4ihin elementteihin.<br \/>\nJokainen \u00e4\u00e4ni, pienist\u00e4 yksityiskohdista, kuten askeleista, aina r\u00e4j\u00e4hdysten mahtavaan meluun, on huolellisesti suunniteltu tietyn vaikutuksen aikaansaamiseksi.<br \/>\n\u00c4\u00e4net eiv\u00e4t ole sattumanvaraisia, vaan ne luodaan, muokataan ja sekoitetaan visuaalisen tarinan tehostamiseksi ja t\u00e4ydellisen ilmapiirin ja tunnelman luomiseksi.   <\/p>\n<p>\u00c4\u00e4nisuunnittelu auttaa yleis\u00f6\u00e4 liikkumaan tarinassa, tehosteilla voidaan osoittaa, mit\u00e4 tapahtuu kuvan ulkopuolella, tai luoda yll\u00e4tysmomentteja.<br \/>\nEsimerkiksi hiljaisuus ennen \u00e4killist\u00e4 \u00e4\u00e4nitehostetta voi luoda j\u00e4nnityst\u00e4 ja j\u00e4nnityst\u00e4, mik\u00e4 tekee kokemuksesta entist\u00e4kin intensiivisemm\u00e4n. <\/p>\n<p>Elokuvan \u00e4\u00e4nisuunnittelu on siis kuin n\u00e4kym\u00e4t\u00f6n sankari, joka k\u00e4ytt\u00e4\u00e4 ty\u00f6kalujaan elokuvan jokaisen yksityiskohdan hienos\u00e4\u00e4t\u00f6\u00f6n ja parantamiseen.<br \/>\nSe on v\u00e4ltt\u00e4m\u00e4t\u00f6n v\u00e4line, joka ei ainoastaan t\u00e4ydenn\u00e4 visuaalista tarinaa vaan my\u00f6s muokkaa katsojan tunnekokemusta, jolloin jokaisesta elokuvasta tulee unohtumaton ja ainutlaatuinen. <\/p>\n\t\t\t\t\t\t\t\t<\/div>\n\t\t<div class=\"elementor-element elementor-element-3df4ef8 e-con-full e-flex e-con e-child\" data-id=\"3df4ef8\" data-element_type=\"container\" data-e-type=\"container\">\n\t\t<div class=\"elementor-element elementor-element-1099153 e-con-full e-flex e-con e-child\" data-id=\"1099153\" data-element_type=\"container\" data-e-type=\"container\">\n\t\t\t\t<div class=\"elementor-element elementor-element-745efb4 elementor-widget elementor-widget-heading\" data-id=\"745efb4\" data-element_type=\"widget\" data-e-type=\"widget\" data-widget_type=\"heading.default\">\n\t\t\t\t\t<h3 class=\"elementor-heading-title elementor-size-default\">30 kokenutta \u00e4\u00e4niteknikkoa<\/h3>\t\t\t\t<\/div>\n\t\t\t\t<\/div>\n\t\t<div class=\"elementor-element elementor-element-5b17f7c e-con-full e-flex e-con e-child\" data-id=\"5b17f7c\" data-element_type=\"container\" data-e-type=\"container\">\n\t\t\t\t<div class=\"elementor-element elementor-element-67c9f02 elementor-widget elementor-widget-heading\" data-id=\"67c9f02\" data-element_type=\"widget\" data-e-type=\"widget\" data-widget_type=\"heading.default\">\n\t\t\t\t\t<h3 class=\"elementor-heading-title elementor-size-default\">Dolby Atmos<\/h3>\t\t\t\t<\/div>\n\t\t\t\t<\/div>\n\t\t\t\t<\/div>\n\t\t<div class=\"elementor-element elementor-element-5c713fa e-flex e-con-boxed e-con e-child\" data-id=\"5c713fa\" data-element_type=\"container\" data-e-type=\"container\">\n\t\t\t\t\t<div class=\"e-con-inner\">\n\t\t<div class=\"elementor-element elementor-element-70947f8 e-con-full e-flex e-con e-child\" data-id=\"70947f8\" data-element_type=\"container\" data-e-type=\"container\">\n\t\t\t\t<div class=\"elementor-element elementor-element-d9a69be elementor-widget elementor-widget-heading\" data-id=\"d9a69be\" data-element_type=\"widget\" data-e-type=\"widget\" data-widget_type=\"heading.default\">\n\t\t\t\t\t<h3 class=\"elementor-heading-title elementor-size-default\">Sekoittaminen<\/h3>\t\t\t\t<\/div>\n\t\t\t\t<\/div>\n\t\t<div class=\"elementor-element elementor-element-378ecbe e-con-full e-flex e-con e-child\" data-id=\"378ecbe\" data-element_type=\"container\" data-e-type=\"container\">\n\t\t\t\t<div class=\"elementor-element elementor-element-c9cd77c elementor-widget elementor-widget-heading\" data-id=\"c9cd77c\" data-element_type=\"widget\" data-e-type=\"widget\" data-widget_type=\"heading.default\">\n\t\t\t\t\t<h3 class=\"elementor-heading-title elementor-size-default\">Mastering<\/h3>\t\t\t\t<\/div>\n\t\t\t\t<\/div>\n\t\t<div class=\"elementor-element elementor-element-ff24d0a e-con-full e-flex e-con e-child\" data-id=\"ff24d0a\" data-element_type=\"container\" data-e-type=\"container\">\n\t\t\t\t<div class=\"elementor-element elementor-element-df46e1f elementor-widget elementor-widget-heading\" data-id=\"df46e1f\" data-element_type=\"widget\" data-e-type=\"widget\" data-widget_type=\"heading.default\">\n\t\t\t\t\t<h3 class=\"elementor-heading-title elementor-size-default\">Kattava palvelu<\/h3>\t\t\t\t<\/div>\n\t\t\t\t<\/div>\n\t\t\t\t\t<\/div>\n\t\t\t\t<\/div>\n\t\t\t\t<\/div>\n\t\t<div class=\"elementor-element elementor-element-7013610 e-con-full e-flex e-con e-child\" data-id=\"7013610\" data-element_type=\"container\" data-e-type=\"container\" data-settings=\"{&quot;background_background&quot;:&quot;classic&quot;}\">\n\t\t\t\t<\/div>\n\t\t\t\t\t<\/div>\n\t\t\t\t<\/div>\n\t\t\t\t<div class=\"elementor-element elementor-element-d476471 elementor-widget elementor-widget-text-editor\" data-id=\"d476471\" data-element_type=\"widget\" data-e-type=\"widget\" data-widget_type=\"text-editor.default\">\n\t\t\t\t\t\t\t\t\t<p>Digi Medialla on yli 30 \u00e4\u00e4nisuunnittelijan tiimi, joka k\u00e4ytt\u00e4\u00e4 uusinta ja edistyksellisint\u00e4 tekniikkaa luodakseen n\u00e4ytt\u00e4v\u00e4n lopputuloksen.<br \/>\nEnsimm\u00e4isest\u00e4 ideasta lopulliseen miksaukseen tarjoamme t\u00e4ydellisen \u00e4\u00e4nisuunnitteluprosessin, joka sis\u00e4lt\u00e4\u00e4 dialogin k\u00e4sittelyn, \u00e4\u00e4nitehosteet ja tausta\u00e4\u00e4net sek\u00e4 musiikin s\u00e4vellyksen ja integroinnin. <\/p>\n<p>Projektin koosta ja monimutkaisuudesta riippumatta tarjoamme yksil\u00f6llisen l\u00e4hestymistavan korkeimman laadun saavuttamiseksi.<\/p>\n\t\t\t\t\t\t\t\t<\/div>\n\t\t\t\t<div class=\"elementor-element elementor-element-1bf4722 elementor-hidden-mobile elementor-widget elementor-widget-heading\" data-id=\"1bf4722\" data-element_type=\"widget\" data-e-type=\"widget\" data-widget_type=\"heading.default\">\n\t\t\t\t\t<h2 class=\"elementor-heading-title elementor-size-default\"><span class=\"section-title\">Tarjoamme:  <\/span><\/h2>\t\t\t\t<\/div>\n\t\t\t\t<div class=\"elementor-element elementor-element-23b130b elementor-hidden-desktop elementor-hidden-laptop elementor-hidden-tablet elementor-widget elementor-widget-heading\" data-id=\"23b130b\" data-element_type=\"widget\" data-e-type=\"widget\" data-widget_type=\"heading.default\">\n\t\t\t\t\t<h3 class=\"elementor-heading-title elementor-size-default\"><span class=\"mobile-title\">Tarjoamme:<\/span><\/h3>\t\t\t\t<\/div>\n\t\t\t\t<div class=\"elementor-element elementor-element-9651abd elementor-widget elementor-widget-text-editor\" data-id=\"9651abd\" data-element_type=\"widget\" data-e-type=\"widget\" data-widget_type=\"text-editor.default\">\n\t\t\t\t\t\t\t\t\t<p><strong>\u2714 <\/strong><strong>\u00c4\u00e4nitykset kuvauspaikalla<\/strong><\/p>\n<p>\u00c4\u00e4nitys kuvauspaikalla laadukkailla \u00e4\u00e4nentoistolaitteilla ja kokeneilla \u00e4\u00e4niteknikoilla.<\/p>\n<p><strong>\u2714 <\/strong><strong>Dialogit \/ \u00c4\u00e4nitehosteet \/ Ainutlaatuisen musiikin luominen<\/strong><\/p>\n<p>Dialogitallenteet, \u00e4\u00e4nitehosteet ja musiikin integrointi luovat mukaansatempaavan \u00e4\u00e4niraidan.<\/p>\n<p><strong>\u2714 <\/strong><strong>Sekoitus<\/strong><\/p>\n<p>Kaikki \u00e4\u00e4nielementit &#8211; dialogi, \u00e4\u00e4nitehosteet ja musiikki &#8211; on yhdistetty.<br \/>\nYleisradion stereomiksauksesta Dolby Atmos -miksauksen kehitt\u00e4miseen. <\/p>\n<p><strong>\u2714 <\/strong><strong>Mastering<\/strong><\/p>\n<p>Varmista lopullisen \u00e4\u00e4niraidan optimaalinen laatu ja yhteensopivuus eri formaattien kanssa stereosta immersiiviseen \u00e4\u00e4neen.<\/p>\n\t\t\t\t\t\t\t\t<\/div>\n\t\t\t\t<div class=\"elementor-element elementor-element-885d534 elementor-widget elementor-widget-text-editor\" data-id=\"885d534\" data-element_type=\"widget\" data-e-type=\"widget\" data-widget_type=\"text-editor.default\">\n\t\t\t\t\t\t\t\t\t<p>T\u00e4yt\u00e4 kyselylomake, jotta voimme ymm\u00e4rt\u00e4\u00e4 tarpeesi ja l\u00f6yt\u00e4\u00e4 sinulle parhaan ratkaisun.<\/p>\n\t\t\t\t\t\t\t\t<\/div>\n\t\t\t\t<div class=\"elementor-element elementor-element-a72fed2 elementor-widget-laptop__width-initial elementor-button-align-stretch elementor-widget elementor-widget-form\" data-id=\"a72fed2\" data-element_type=\"widget\" data-e-type=\"widget\" data-settings=\"{&quot;button_width&quot;:&quot;30&quot;,&quot;step_next_label&quot;:&quot;Seuraava&quot;,&quot;step_previous_label&quot;:&quot;Edellinen&quot;,&quot;step_type&quot;:&quot;number_text&quot;,&quot;step_icon_shape&quot;:&quot;circle&quot;}\" data-widget_type=\"form.default\">\n\t\t\t\t\t\t\t<form class=\"elementor-form\" method=\"post\" name=\"Tapahtumien \u00e4\u00e4nentoisto\" aria-label=\"Tapahtumien \u00e4\u00e4nentoisto\">\n\t\t\t<input type=\"hidden\" name=\"post_id\" value=\"4777\"\/>\n\t\t\t<input type=\"hidden\" name=\"form_id\" value=\"a72fed2\"\/>\n\t\t\t<input type=\"hidden\" name=\"referer_title\" value=\"\" \/>\n\n\t\t\t\n\t\t\t<div class=\"elementor-form-fields-wrapper elementor-labels-above\">\n\t\t\t\t\t\t\t\t<div class=\"elementor-field-type-text elementor-field-group elementor-column elementor-field-group-name elementor-col-100\">\n\t\t\t\t\t\t\t\t\t\t\t\t\t<input size=\"1\" type=\"text\" name=\"form_fields[name]\" id=\"form-field-name\" class=\"elementor-field elementor-size-sm  elementor-field-textual\" placeholder=\"Nimi\">\n\t\t\t\t\t\t\t\t\t\t\t<\/div>\n\t\t\t\t\t\t\t\t<div class=\"elementor-field-type-email elementor-field-group elementor-column elementor-field-group-email elementor-col-100 elementor-field-required\">\n\t\t\t\t\t\t\t\t\t\t\t\t\t<input size=\"1\" type=\"email\" name=\"form_fields[email]\" id=\"form-field-email\" class=\"elementor-field elementor-size-sm  elementor-field-textual\" placeholder=\"S\u00e4hk\u00f6posti\" required=\"required\">\n\t\t\t\t\t\t\t\t\t\t\t<\/div>\n\t\t\t\t\t\t\t\t<div class=\"elementor-field-type-tel elementor-field-group elementor-column elementor-field-group-field_82d0973 elementor-col-100\">\n\t\t\t\t\t\t\t<input size=\"1\" type=\"tel\" name=\"form_fields[field_82d0973]\" id=\"form-field-field_82d0973\" class=\"elementor-field elementor-size-sm  elementor-field-textual\" placeholder=\"Puhelin\" pattern=\"[0-9()#&amp;+*-=.]+\" title=\"Only numbers and phone characters (#, -, *, etc) are accepted.\">\n\n\t\t\t\t\t\t<\/div>\n\t\t\t\t\t\t\t\t<div class=\"elementor-field-type-textarea elementor-field-group elementor-column elementor-field-group-message elementor-col-100\">\n\t\t\t\t\t<textarea class=\"elementor-field-textual elementor-field  elementor-size-sm\" name=\"form_fields[message]\" id=\"form-field-message\" rows=\"4\" placeholder=\"Kuvaus\"><\/textarea>\t\t\t\t<\/div>\n\t\t\t\t\t\t\t\t<div class=\"elementor-field-group elementor-column elementor-field-type-submit elementor-col-30 e-form__buttons\">\n\t\t\t\t\t<button class=\"elementor-button elementor-size-sm elementor-animation-grow\" type=\"submit\">\n\t\t\t\t\t\t<span class=\"elementor-button-content-wrapper\">\n\t\t\t\t\t\t\t\t\t\t\t\t\t\t\t\t\t\t\t\t\t\t<span class=\"elementor-button-text\">L\u00e4het\u00e4 osoitteeseen<\/span>\n\t\t\t\t\t\t\t\t\t\t\t\t\t<\/span>\n\t\t\t\t\t<\/button>\n\t\t\t\t<\/div>\n\t\t\t<\/div>\n\t\t<\/form>\n\t\t\t\t\t\t<\/div>\n\t\t\t\t\t<\/div>\n\t\t\t\t<\/div>\n\t\t\t\t\t<\/div>\n\t\t\t\t<\/div>\n\t\t\t\t<\/div>\n\t\t","protected":false},"excerpt":{"rendered":"<p>Elokuvien \u00e4\u00e4nisuunnittelu Elokuvien \u00e4\u00e4nisuunnittelu luo emotionaalisen ja tunnelmallisen el\u00e4myksen synkronoimalla \u00e4\u00e4nitehosteet ja puhe\u00e4\u00e4net tarkasti visuaalisten elementtien kanssa. Miksi valita meid\u00e4t? Miksi valita meid\u00e4t?: Elokuvan \u00e4\u00e4nisuunnittelu luo tunteita, tunnelmaa ja tarinan syvyytt\u00e4. Se on yht\u00e4 t\u00e4rke\u00e4\u00e4 kuin visuaalinen ilme, ja usein se muuttaa elokuvan kokemuksen pelk\u00e4st\u00e4 kuvavirrasta t\u00e4ydelliseksi tunnekokemukseksi. \u00c4\u00e4ni alkaa perusasioista: dialogista, tausta\u00e4\u00e4nist\u00e4 ja musiikista. [&hellip;]<\/p>\n","protected":false},"author":1,"featured_media":0,"parent":0,"menu_order":0,"comment_status":"closed","ping_status":"closed","template":"","meta":{"inline_featured_image":false,"footnotes":""},"class_list":["post-4777","page","type-page","status-publish","hentry"],"aioseo_notices":[],"_links":{"self":[{"href":"https:\/\/www.digimedia.lv\/fi\/wp-json\/wp\/v2\/pages\/4777","targetHints":{"allow":["GET"]}}],"collection":[{"href":"https:\/\/www.digimedia.lv\/fi\/wp-json\/wp\/v2\/pages"}],"about":[{"href":"https:\/\/www.digimedia.lv\/fi\/wp-json\/wp\/v2\/types\/page"}],"author":[{"embeddable":true,"href":"https:\/\/www.digimedia.lv\/fi\/wp-json\/wp\/v2\/users\/1"}],"replies":[{"embeddable":true,"href":"https:\/\/www.digimedia.lv\/fi\/wp-json\/wp\/v2\/comments?post=4777"}],"version-history":[{"count":1,"href":"https:\/\/www.digimedia.lv\/fi\/wp-json\/wp\/v2\/pages\/4777\/revisions"}],"predecessor-version":[{"id":4778,"href":"https:\/\/www.digimedia.lv\/fi\/wp-json\/wp\/v2\/pages\/4777\/revisions\/4778"}],"wp:attachment":[{"href":"https:\/\/www.digimedia.lv\/fi\/wp-json\/wp\/v2\/media?parent=4777"}],"curies":[{"name":"wp","href":"https:\/\/api.w.org\/{rel}","templated":true}]}}