{"id":4766,"date":"2024-02-22T17:16:02","date_gmt":"2024-02-22T15:16:02","guid":{"rendered":"https:\/\/www.digimedia.lv\/aanitallenteet\/"},"modified":"2024-10-18T15:38:51","modified_gmt":"2024-10-18T13:38:51","slug":"aanitallenteet","status":"publish","type":"page","link":"https:\/\/www.digimedia.lv\/fi\/aanitallenteet\/","title":{"rendered":"\u00c4\u00e4nitallenteet"},"content":{"rendered":"\t\t<div data-elementor-type=\"wp-page\" data-elementor-id=\"4766\" class=\"elementor elementor-4766\" data-elementor-post-type=\"page\">\n\t\t\t\t<div class=\"elementor-element elementor-element-9f0f52a e-flex e-con-boxed e-con e-parent\" data-id=\"9f0f52a\" data-element_type=\"container\" data-e-type=\"container\" data-settings=\"{&quot;background_background&quot;:&quot;classic&quot;}\">\n\t\t\t\t\t<div class=\"e-con-inner\">\n\t\t\t\t<div class=\"elementor-element elementor-element-aaabddc elementor-widget elementor-widget-heading\" data-id=\"aaabddc\" data-element_type=\"widget\" data-e-type=\"widget\" data-widget_type=\"heading.default\">\n\t\t\t\t\t<h1 class=\"elementor-heading-title elementor-size-default\">\u00c4\u00e4nitallenteet<\/h1>\t\t\t\t<\/div>\n\t\t<div class=\"elementor-element elementor-element-cedae8c e-flex e-con-boxed e-con e-child\" data-id=\"cedae8c\" data-element_type=\"container\" data-e-type=\"container\" data-settings=\"{&quot;background_background&quot;:&quot;classic&quot;}\">\n\t\t\t\t\t<div class=\"e-con-inner\">\n\t\t<div class=\"elementor-element elementor-element-3e6e035 e-flex e-con-boxed e-con e-child\" data-id=\"3e6e035\" data-element_type=\"container\" data-e-type=\"container\">\n\t\t\t\t\t<div class=\"e-con-inner\">\n\t\t<div class=\"elementor-element elementor-element-55863f4 e-con-full e-flex e-con e-child\" data-id=\"55863f4\" data-element_type=\"container\" data-e-type=\"container\">\n\t\t\t\t<div class=\"elementor-element elementor-element-0fad3cc elementor-widget elementor-widget-heading\" data-id=\"0fad3cc\" data-element_type=\"widget\" data-e-type=\"widget\" data-widget_type=\"heading.default\">\n\t\t\t\t\t<h2 class=\"elementor-heading-title elementor-size-default\">Kuusi p\u00e4\u00e4kielt\u00e4:  <\/h2>\t\t\t\t<\/div>\n\t\t\t\t<div class=\"elementor-element elementor-element-08b0f05 elementor-icon-list--layout-inline elementor-align-center elementor-list-item-link-full_width elementor-widget elementor-widget-icon-list\" data-id=\"08b0f05\" data-element_type=\"widget\" data-e-type=\"widget\" data-widget_type=\"icon-list.default\">\n\t\t\t\t\t\t\t<ul class=\"elementor-icon-list-items elementor-inline-items\">\n\t\t\t\t\t\t\t<li class=\"elementor-icon-list-item elementor-inline-item\">\n\t\t\t\t\t\t\t\t\t\t\t<span class=\"elementor-icon-list-icon\">\n\t\t\t\t\t\t\t<svg xmlns=\"http:\/\/www.w3.org\/2000\/svg\" xmlns:xlink=\"http:\/\/www.w3.org\/1999\/xlink\" width=\"800px\" height=\"800px\" viewBox=\"0 0 36 36\" aria-hidden=\"true\" role=\"img\" class=\"iconify iconify--twemoji\" preserveAspectRatio=\"xMidYMid meet\"><path fill=\"#CE2028\" d=\"M36 27a4 4 0 0 1-4 4H4a4 4 0 0 1-4-4v-4h36v4z\"><\/path><path fill=\"#22408C\" d=\"M0 13h36v10H0z\"><\/path><path fill=\"#EEE\" d=\"M32 5H4a4 4 0 0 0-4 4v4h36V9a4 4 0 0 0-4-4z\"><\/path><\/svg>\t\t\t\t\t\t<\/span>\n\t\t\t\t\t\t\t\t\t\t<span class=\"elementor-icon-list-text\">Ven\u00e4l\u00e4inen<\/span>\n\t\t\t\t\t\t\t\t\t<\/li>\n\t\t\t\t\t\t\t\t<li class=\"elementor-icon-list-item elementor-inline-item\">\n\t\t\t\t\t\t\t\t\t\t\t<span class=\"elementor-icon-list-icon\">\n\t\t\t\t\t\t\t<svg xmlns=\"http:\/\/www.w3.org\/2000\/svg\" xmlns:xlink=\"http:\/\/www.w3.org\/1999\/xlink\" width=\"800px\" height=\"800px\" viewBox=\"0 0 36 36\" aria-hidden=\"true\" role=\"img\" class=\"iconify iconify--twemoji\" preserveAspectRatio=\"xMidYMid meet\"><path fill=\"#9E3039\" d=\"M32 5H4a4 4 0 0 0-4 4v6h36V9a4 4 0 0 0-4-4zm0 26H4a4 4 0 0 1-4-4v-6h36v6a4 4 0 0 1-4 4z\"><\/path><path fill=\"#EEE\" d=\"M0 15h36v6H0z\"><\/path><\/svg>\t\t\t\t\t\t<\/span>\n\t\t\t\t\t\t\t\t\t\t<span class=\"elementor-icon-list-text\">Latvian<\/span>\n\t\t\t\t\t\t\t\t\t<\/li>\n\t\t\t\t\t\t\t\t<li class=\"elementor-icon-list-item elementor-inline-item\">\n\t\t\t\t\t\t\t\t\t\t\t<span class=\"elementor-icon-list-icon\">\n\t\t\t\t\t\t\t<svg xmlns=\"http:\/\/www.w3.org\/2000\/svg\" xmlns:xlink=\"http:\/\/www.w3.org\/1999\/xlink\" width=\"800px\" height=\"800px\" viewBox=\"0 0 36 36\" aria-hidden=\"true\" role=\"img\" class=\"iconify iconify--twemoji\" preserveAspectRatio=\"xMidYMid meet\"><path fill=\"#006A44\" d=\"M0 14h36v8H0z\"><\/path><path fill=\"#FDB913\" d=\"M32 5H4a4 4 0 0 0-4 4v5h36V9a4 4 0 0 0-4-4z\"><\/path><path fill=\"#C1272D\" d=\"M4 31h28a4 4 0 0 0 4-4v-5H0v5a4 4 0 0 0 4 4z\"><\/path><\/svg>\t\t\t\t\t\t<\/span>\n\t\t\t\t\t\t\t\t\t\t<span class=\"elementor-icon-list-text\">Liettuan<\/span>\n\t\t\t\t\t\t\t\t\t<\/li>\n\t\t\t\t\t\t\t\t<li class=\"elementor-icon-list-item elementor-inline-item\">\n\t\t\t\t\t\t\t\t\t\t\t<span class=\"elementor-icon-list-icon\">\n\t\t\t\t\t\t\t<svg xmlns=\"http:\/\/www.w3.org\/2000\/svg\" xmlns:xlink=\"http:\/\/www.w3.org\/1999\/xlink\" width=\"800px\" height=\"800px\" viewBox=\"0 0 36 36\" aria-hidden=\"true\" role=\"img\" class=\"iconify iconify--twemoji\" preserveAspectRatio=\"xMidYMid meet\"><path fill=\"#141414\" d=\"M0 14h36v9H0z\"><\/path><path fill=\"#4891D9\" d=\"M32 5H4a4 4 0 0 0-4 4v5h36V9a4 4 0 0 0-4-4z\"><\/path><path fill=\"#EEE\" d=\"M32 31H4a4 4 0 0 1-4-4v-4h36v4a4 4 0 0 1-4 4z\"><\/path><\/svg>\t\t\t\t\t\t<\/span>\n\t\t\t\t\t\t\t\t\t\t<span class=\"elementor-icon-list-text\">Viron<\/span>\n\t\t\t\t\t\t\t\t\t<\/li>\n\t\t\t\t\t\t\t\t<li class=\"elementor-icon-list-item elementor-inline-item\">\n\t\t\t\t\t\t\t\t\t\t\t<span class=\"elementor-icon-list-icon\">\n\t\t\t\t\t\t\t<svg xmlns=\"http:\/\/www.w3.org\/2000\/svg\" xmlns:xlink=\"http:\/\/www.w3.org\/1999\/xlink\" width=\"800px\" height=\"800px\" viewBox=\"0 0 36 36\" aria-hidden=\"true\" role=\"img\" class=\"iconify iconify--twemoji\" preserveAspectRatio=\"xMidYMid meet\"><path fill=\"#005BBB\" d=\"M32 5H4a4 4 0 0 0-4 4v9h36V9a4 4 0 0 0-4-4z\"><\/path><path fill=\"#FFD500\" d=\"M36 27a4 4 0 0 1-4 4H4a4 4 0 0 1-4-4v-9h36v9z\"><\/path><\/svg>\t\t\t\t\t\t<\/span>\n\t\t\t\t\t\t\t\t\t\t<span class=\"elementor-icon-list-text\">Ukrainan<\/span>\n\t\t\t\t\t\t\t\t\t<\/li>\n\t\t\t\t\t\t\t\t<li class=\"elementor-icon-list-item elementor-inline-item\">\n\t\t\t\t\t\t\t\t\t\t\t<span class=\"elementor-icon-list-icon\">\n\t\t\t\t\t\t\t<svg xmlns=\"http:\/\/www.w3.org\/2000\/svg\" xmlns:xlink=\"http:\/\/www.w3.org\/1999\/xlink\" height=\"800px\" width=\"800px\" id=\"Layer_1\" viewBox=\"0 0 512 512\" xml:space=\"preserve\"><path style=\"fill:#41479B;\" d=\"M473.655,88.276H38.345C17.167,88.276,0,105.443,0,126.621V385.38 c0,21.177,17.167,38.345,38.345,38.345h435.31c21.177,0,38.345-17.167,38.345-38.345V126.621 C512,105.443,494.833,88.276,473.655,88.276z\"><\/path><path style=\"fill:#F5F5F5;\" d=\"M511.469,120.282c-3.022-18.159-18.797-32.007-37.814-32.007h-9.977l-163.54,107.147V88.276h-88.276 v107.147L48.322,88.276h-9.977c-19.017,0-34.792,13.847-37.814,32.007l139.778,91.58H0v88.276h140.309L0.531,391.717 c3.022,18.159,18.797,32.007,37.814,32.007h9.977l163.54-107.147v107.147h88.276V316.577l163.54,107.147h9.977 c19.017,0,34.792-13.847,37.814-32.007l-139.778-91.58H512v-88.276H371.691L511.469,120.282z\"><\/path><g>\t<polygon style=\"fill:#FF4B55;\" points=\"282.483,88.276 229.517,88.276 229.517,229.517 0,229.517 0,282.483 229.517,282.483   229.517,423.724 282.483,423.724 282.483,282.483 512,282.483 512,229.517 282.483,229.517  \"><\/polygon>\t<path style=\"fill:#FF4B55;\" d=\"M24.793,421.252l186.583-121.114h-32.428L9.224,410.31  C13.377,415.157,18.714,418.955,24.793,421.252z\"><\/path>\t<path style=\"fill:#FF4B55;\" d=\"M346.388,300.138H313.96l180.716,117.305c5.057-3.321,9.277-7.807,12.287-13.075L346.388,300.138z\"><\/path>\t<path style=\"fill:#FF4B55;\" d=\"M4.049,109.475l157.73,102.387h32.428L15.475,95.842C10.676,99.414,6.749,104.084,4.049,109.475z\"><\/path>\t<path style=\"fill:#FF4B55;\" d=\"M332.566,211.862l170.035-110.375c-4.199-4.831-9.578-8.607-15.699-10.86L300.138,211.862H332.566z\"><\/path><\/g><\/svg>\t\t\t\t\t\t<\/span>\n\t\t\t\t\t\t\t\t\t\t<span class=\"elementor-icon-list-text\">Englanti<\/span>\n\t\t\t\t\t\t\t\t\t<\/li>\n\t\t\t\t\t\t<\/ul>\n\t\t\t\t\t\t<\/div>\n\t\t\t\t<div class=\"elementor-element elementor-element-4329c5b elementor-widget elementor-widget-heading\" data-id=\"4329c5b\" data-element_type=\"widget\" data-e-type=\"widget\" data-widget_type=\"heading.default\">\n\t\t\t\t\t<h2 class=\"elementor-heading-title elementor-size-default\">\u00c4idinkieliset puhujat varmistavat mainoksen aitouden vaaditulla alueella.  <br><br>  Emme luo vain \u00e4\u00e4ni\u00e4, vaan tunnettuutta.\n\u00c4\u00e4nin\u00e4yttelij\u00f6idemme avulla br\u00e4ndisi saa kuultavan identiteetin, joka erottuu muista.   <br><br>Muutetaan sanasi mukaansatempaavaksi \u00e4\u00e4nikokemukseksi, joka sitouttaa ja vangitsee yleis\u00f6si.  <\/h2>\t\t\t\t<\/div>\n\t\t\t\t<\/div>\n\t\t\t\t\t<\/div>\n\t\t\t\t<\/div>\n\t\t\t\t\t<\/div>\n\t\t\t\t<\/div>\n\t\t<div class=\"elementor-element elementor-element-56a7ea0 e-flex e-con-boxed e-con e-child\" data-id=\"56a7ea0\" data-element_type=\"container\" data-e-type=\"container\">\n\t\t\t\t\t<div class=\"e-con-inner\">\n\t\t<div class=\"elementor-element elementor-element-2969082 e-flex e-con-boxed e-con e-child\" data-id=\"2969082\" data-element_type=\"container\" data-e-type=\"container\" data-settings=\"{&quot;background_background&quot;:&quot;classic&quot;}\">\n\t\t\t\t\t<div class=\"e-con-inner\">\n\t\t\t\t<div class=\"elementor-element elementor-element-e2b9933 elementor-widget elementor-widget-heading\" data-id=\"e2b9933\" data-element_type=\"widget\" data-e-type=\"widget\" data-widget_type=\"heading.default\">\n\t\t\t\t\t<h3 class=\"elementor-heading-title elementor-size-default\"><br> \u00c4\u00e4ni- ja videotallenteet mainonnasta<\/h3>\t\t\t\t<\/div>\n\t\t\t\t<div class=\"elementor-element elementor-element-c5e6241 elementor-widget elementor-widget-heading\" data-id=\"c5e6241\" data-element_type=\"widget\" data-e-type=\"widget\" data-widget_type=\"heading.default\">\n\t\t\t\t\t<p class=\"elementor-heading-title elementor-size-default\">Vahvojen \u00e4\u00e4nin\u00e4yttelij\u00f6iden tietokanta.\nVoimme \u00e4\u00e4nitt\u00e4\u00e4 mainoksesi haluamallasi kielell\u00e4.\nVoimakkaasti ja vakuuttavasti \u00e4\u00e4nitetyt mainokset.  <\/p>\t\t\t\t<\/div>\n\t\t\t\t<div class=\"elementor-element elementor-element-2aa29a1 elementor-align-center button elementor-widget elementor-widget-button\" data-id=\"2aa29a1\" data-element_type=\"widget\" data-e-type=\"widget\" data-widget_type=\"button.default\">\n\t\t\t\t\t\t\t\t\t\t<a class=\"elementor-button elementor-button-link elementor-size-sm elementor-animation-hang\" href=\"https:\/\/www.digimedia.lv\/fi\/aani-ja-videotallenteet-mainonnasta\/\">\n\t\t\t\t\t\t<span class=\"elementor-button-content-wrapper\">\n\t\t\t\t\t\t\t\t\t<span class=\"elementor-button-text\">Lue lis\u00e4\u00e4!<\/span>\n\t\t\t\t\t<\/span>\n\t\t\t\t\t<\/a>\n\t\t\t\t\t\t\t\t<\/div>\n\t\t\t\t\t<\/div>\n\t\t\t\t<\/div>\n\t\t<div class=\"elementor-element elementor-element-4ded154 e-flex e-con-boxed e-con e-child\" data-id=\"4ded154\" data-element_type=\"container\" data-e-type=\"container\" data-settings=\"{&quot;background_background&quot;:&quot;classic&quot;}\">\n\t\t\t\t\t<div class=\"e-con-inner\">\n\t\t\t\t<div class=\"elementor-element elementor-element-236f068 elementor-widget elementor-widget-heading\" data-id=\"236f068\" data-element_type=\"widget\" data-e-type=\"widget\" data-widget_type=\"heading.default\">\n\t\t\t\t\t<h3 class=\"elementor-heading-title elementor-size-default\">Audiogids<br><br><\/h3>\t\t\t\t<\/div>\n\t\t\t\t<div class=\"elementor-element elementor-element-9b2083e elementor-widget elementor-widget-heading\" data-id=\"9b2083e\" data-element_type=\"widget\" data-e-type=\"widget\" data-widget_type=\"heading.default\">\n\t\t\t\t\t<p class=\"elementor-heading-title elementor-size-default\">Esittelemme paikan, museon tai n\u00e4yttelyn uudella ja mielenkiintoisella tavalla.\nTarjoamme informatiivista ja houkuttelevaa \u00e4\u00e4nisis\u00e4lt\u00f6\u00e4, jotta kuulija kiinnostuu tutustumaan kohteeseen.   <\/p>\t\t\t\t<\/div>\n\t\t\t\t<div class=\"elementor-element elementor-element-f5174c9 elementor-align-center button elementor-widget elementor-widget-button\" data-id=\"f5174c9\" data-element_type=\"widget\" data-e-type=\"widget\" data-widget_type=\"button.default\">\n\t\t\t\t\t\t\t\t\t\t<a class=\"elementor-button elementor-button-link elementor-size-sm elementor-animation-hang\" href=\"https:\/\/www.digimedia.lv\/fi\/audiogids\/\">\n\t\t\t\t\t\t<span class=\"elementor-button-content-wrapper\">\n\t\t\t\t\t\t\t\t\t<span class=\"elementor-button-text\">Lue lis\u00e4\u00e4!<\/span>\n\t\t\t\t\t<\/span>\n\t\t\t\t\t<\/a>\n\t\t\t\t\t\t\t\t<\/div>\n\t\t\t\t\t<\/div>\n\t\t\t\t<\/div>\n\t\t<div class=\"elementor-element elementor-element-2e0e768 e-flex e-con-boxed e-con e-child\" data-id=\"2e0e768\" data-element_type=\"container\" data-e-type=\"container\" data-settings=\"{&quot;background_background&quot;:&quot;classic&quot;}\">\n\t\t\t\t\t<div class=\"e-con-inner\">\n\t\t\t\t<div class=\"elementor-element elementor-element-5770651 elementor-widget elementor-widget-heading\" data-id=\"5770651\" data-element_type=\"widget\" data-e-type=\"widget\" data-widget_type=\"heading.default\">\n\t\t\t\t\t<h3 class=\"elementor-heading-title elementor-size-default\">\u00c4\u00e4nikirjat<br><br><\/h3>\t\t\t\t<\/div>\n\t\t\t\t<div class=\"elementor-element elementor-element-d59a135 elementor-widget elementor-widget-heading\" data-id=\"d59a135\" data-element_type=\"widget\" data-e-type=\"widget\" data-widget_type=\"heading.default\">\n\t\t\t\t\t<p class=\"elementor-heading-title elementor-size-default\">Mukaansatempaava \u00e4\u00e4niseikkailu - \u00e4\u00e4nikirja \u00e4\u00e4nitehosteineen stimuloi kuulijan mielikuvitusta ja parantaa h\u00e4nen kyky\u00e4\u00e4n uppoutua tarinaan.<\/p>\t\t\t\t<\/div>\n\t\t\t\t<div class=\"elementor-element elementor-element-6c6b7bd elementor-align-center button elementor-widget elementor-widget-button\" data-id=\"6c6b7bd\" data-element_type=\"widget\" data-e-type=\"widget\" data-widget_type=\"button.default\">\n\t\t\t\t\t\t\t\t\t\t<a class=\"elementor-button elementor-button-link elementor-size-sm elementor-animation-hang\" href=\"https:\/\/www.digimedia.lv\/fi\/aanikirjat\/\">\n\t\t\t\t\t\t<span class=\"elementor-button-content-wrapper\">\n\t\t\t\t\t\t\t\t\t<span class=\"elementor-button-text\">Lue lis\u00e4\u00e4!<\/span>\n\t\t\t\t\t<\/span>\n\t\t\t\t\t<\/a>\n\t\t\t\t\t\t\t\t<\/div>\n\t\t\t\t\t<\/div>\n\t\t\t\t<\/div>\n\t\t\t\t\t<\/div>\n\t\t\t\t<\/div>\n\t\t<div class=\"elementor-element elementor-element-8526327 e-flex e-con-boxed e-con e-child\" data-id=\"8526327\" data-element_type=\"container\" data-e-type=\"container\">\n\t\t\t\t\t<div class=\"e-con-inner\">\n\t\t<div class=\"elementor-element elementor-element-515bf97 e-flex e-con-boxed e-con e-child\" data-id=\"515bf97\" data-element_type=\"container\" data-e-type=\"container\" data-settings=\"{&quot;background_background&quot;:&quot;classic&quot;}\">\n\t\t\t\t\t<div class=\"e-con-inner\">\n\t\t\t\t<div class=\"elementor-element elementor-element-9499d48 elementor-widget elementor-widget-heading\" data-id=\"9499d48\" data-element_type=\"widget\" data-e-type=\"widget\" data-widget_type=\"heading.default\">\n\t\t\t\t\t<h3 class=\"elementor-heading-title elementor-size-default\">IVR (automaattinen puhelinvastaaja)<\/h3>\t\t\t\t<\/div>\n\t\t\t\t<div class=\"elementor-element elementor-element-5370892 elementor-widget elementor-widget-heading\" data-id=\"5370892\" data-element_type=\"widget\" data-e-type=\"widget\" data-widget_type=\"heading.default\">\n\t\t\t\t\t<p class=\"elementor-heading-title elementor-size-default\">Tee yrityksest\u00e4si k\u00e4ytett\u00e4viss\u00e4si 24\/7.\nVastaaja varmistaa tehokkaan asiakasviestinn\u00e4n hoitamalla puhelut ja antamalla tietoja viipym\u00e4tt\u00e4. <\/p>\t\t\t\t<\/div>\n\t\t\t\t<div class=\"elementor-element elementor-element-33a20fe elementor-align-center button elementor-widget elementor-widget-button\" data-id=\"33a20fe\" data-element_type=\"widget\" data-e-type=\"widget\" data-widget_type=\"button.default\">\n\t\t\t\t\t\t\t\t\t\t<a class=\"elementor-button elementor-button-link elementor-size-sm elementor-animation-hang\" href=\"https:\/\/www.digimedia.lv\/interaktiva-balss-atbilde\/\">\n\t\t\t\t\t\t<span class=\"elementor-button-content-wrapper\">\n\t\t\t\t\t\t\t\t\t<span class=\"elementor-button-text\">Lue lis\u00e4\u00e4!<\/span>\n\t\t\t\t\t<\/span>\n\t\t\t\t\t<\/a>\n\t\t\t\t\t\t\t\t<\/div>\n\t\t\t\t\t<\/div>\n\t\t\t\t<\/div>\n\t\t\t\t\t<\/div>\n\t\t\t\t<\/div>\n\t\t\t\t<div class=\"elementor-element elementor-element-1800e8f elementor-widget elementor-widget-spacer\" data-id=\"1800e8f\" data-element_type=\"widget\" data-e-type=\"widget\" data-widget_type=\"spacer.default\">\n\t\t\t\t\t\t\t<div class=\"elementor-spacer\">\n\t\t\t<div class=\"elementor-spacer-inner\"><\/div>\n\t\t<\/div>\n\t\t\t\t\t\t<\/div>\n\t\t\t\t\t<\/div>\n\t\t\t\t<\/div>\n\t\t\t\t<\/div>\n\t\t","protected":false},"excerpt":{"rendered":"<p>\u00c4\u00e4nitallenteet Kuusi p\u00e4\u00e4kielt\u00e4: Ven\u00e4l\u00e4inen Latvian Liettuan Viron Ukrainan Englanti \u00c4idinkieliset puhujat varmistavat mainoksen aitouden vaaditulla alueella. Emme luo vain \u00e4\u00e4ni\u00e4, vaan tunnettuutta. \u00c4\u00e4nin\u00e4yttelij\u00f6idemme avulla br\u00e4ndisi saa kuultavan identiteetin, joka erottuu muista. Muutetaan sanasi mukaansatempaavaksi \u00e4\u00e4nikokemukseksi, joka sitouttaa ja vangitsee yleis\u00f6si. \u00c4\u00e4ni- ja videotallenteet mainonnasta Vahvojen \u00e4\u00e4nin\u00e4yttelij\u00f6iden tietokanta. Voimme \u00e4\u00e4nitt\u00e4\u00e4 mainoksesi haluamallasi kielell\u00e4. Voimakkaasti ja vakuuttavasti [&hellip;]<\/p>\n","protected":false},"author":1,"featured_media":0,"parent":0,"menu_order":0,"comment_status":"closed","ping_status":"closed","template":"","meta":{"inline_featured_image":false,"footnotes":""},"class_list":["post-4766","page","type-page","status-publish","hentry"],"aioseo_notices":[],"_links":{"self":[{"href":"https:\/\/www.digimedia.lv\/fi\/wp-json\/wp\/v2\/pages\/4766","targetHints":{"allow":["GET"]}}],"collection":[{"href":"https:\/\/www.digimedia.lv\/fi\/wp-json\/wp\/v2\/pages"}],"about":[{"href":"https:\/\/www.digimedia.lv\/fi\/wp-json\/wp\/v2\/types\/page"}],"author":[{"embeddable":true,"href":"https:\/\/www.digimedia.lv\/fi\/wp-json\/wp\/v2\/users\/1"}],"replies":[{"embeddable":true,"href":"https:\/\/www.digimedia.lv\/fi\/wp-json\/wp\/v2\/comments?post=4766"}],"version-history":[{"count":1,"href":"https:\/\/www.digimedia.lv\/fi\/wp-json\/wp\/v2\/pages\/4766\/revisions"}],"predecessor-version":[{"id":4770,"href":"https:\/\/www.digimedia.lv\/fi\/wp-json\/wp\/v2\/pages\/4766\/revisions\/4770"}],"wp:attachment":[{"href":"https:\/\/www.digimedia.lv\/fi\/wp-json\/wp\/v2\/media?parent=4766"}],"curies":[{"name":"wp","href":"https:\/\/api.w.org\/{rel}","templated":true}]}}