{"id":4763,"date":"2024-02-22T15:59:36","date_gmt":"2024-02-22T13:59:36","guid":{"rendered":"https:\/\/www.digimedia.lv\/aanikirjat\/"},"modified":"2024-09-13T08:37:14","modified_gmt":"2024-09-13T06:37:14","slug":"aanikirjat","status":"publish","type":"page","link":"https:\/\/www.digimedia.lv\/fi\/aanikirjat\/","title":{"rendered":"\u00c4\u00e4nikirjat"},"content":{"rendered":"\t\t<div data-elementor-type=\"wp-page\" data-elementor-id=\"4763\" class=\"elementor elementor-4763\" data-elementor-post-type=\"page\">\n\t\t\t\t<div class=\"elementor-element elementor-element-6ae211b e-flex e-con-boxed e-con e-parent\" data-id=\"6ae211b\" data-element_type=\"container\" data-e-type=\"container\" data-settings=\"{&quot;background_background&quot;:&quot;classic&quot;}\">\n\t\t\t\t\t<div class=\"e-con-inner\">\n\t\t\t\t<div class=\"elementor-element elementor-element-5461be2 elementor-widget elementor-widget-heading\" data-id=\"5461be2\" data-element_type=\"widget\" data-e-type=\"widget\" data-widget_type=\"heading.default\">\n\t\t\t\t\t<h1 class=\"elementor-heading-title elementor-size-default\">\u00c4\u00e4nikirjat<\/h1>\t\t\t\t<\/div>\n\t\t\t\t<div class=\"elementor-element elementor-element-2767923 elementor-widget elementor-widget-heading\" data-id=\"2767923\" data-element_type=\"widget\" data-e-type=\"widget\" data-widget_type=\"heading.default\">\n\t\t\t\t\t<h3 class=\"elementor-heading-title elementor-size-default\">Mukaansatempaava \u00e4\u00e4niseikkailu - \u00e4\u00e4nikirja \u00e4\u00e4nitehosteineen stimuloi kuulijan mielikuvitusta ja parantaa h\u00e4nen kyky\u00e4\u00e4n uppoutua tarinaan.  <\/h3>\t\t\t\t<\/div>\n\t\t<div class=\"elementor-element elementor-element-3a7a289 e-flex e-con-boxed e-con e-child\" data-id=\"3a7a289\" data-element_type=\"container\" data-e-type=\"container\" data-settings=\"{&quot;background_background&quot;:&quot;classic&quot;}\">\n\t\t\t\t\t<div class=\"e-con-inner\">\n\t\t<div class=\"elementor-element elementor-element-54d8e69 e-flex e-con-boxed e-con e-child\" data-id=\"54d8e69\" data-element_type=\"container\" data-e-type=\"container\">\n\t\t\t\t\t<div class=\"e-con-inner\">\n\t\t\t\t<div class=\"elementor-element elementor-element-bdba266 elementor-widget elementor-widget-heading\" data-id=\"bdba266\" data-element_type=\"widget\" data-e-type=\"widget\" data-widget_type=\"heading.default\">\n\t\t\t\t\t<h2 class=\"elementor-heading-title elementor-size-default\">Tarjoamme \u00e4\u00e4nikirjoja ja \u00e4\u00e4nitteit\u00e4 eri \u00e4\u00e4nill\u00e4 useilla kielill\u00e4:<br><\/h2>\t\t\t\t<\/div>\n\t\t<div class=\"elementor-element elementor-element-db391b6 e-flex e-con-boxed e-con e-child\" data-id=\"db391b6\" data-element_type=\"container\" data-e-type=\"container\">\n\t\t\t\t\t<div class=\"e-con-inner\">\n\t\t\t\t<div class=\"elementor-element elementor-element-275f2c8 elementor-widget elementor-widget-text-editor\" data-id=\"275f2c8\" data-element_type=\"widget\" data-e-type=\"widget\" data-widget_type=\"text-editor.default\">\n\t\t\t\t\t\t\t\t\t<p><span style=\"font-weight: 400;\">latvia, liettua, viro, ven\u00e4j\u00e4, englanti, ruotsi, ukraina, suomi<\/span><\/p>\n\t\t\t\t\t\t\t\t<\/div>\n\t\t\t\t<div class=\"elementor-element elementor-element-1011adf elementor-hidden-mobile elementor-widget elementor-widget-heading\" data-id=\"1011adf\" data-element_type=\"widget\" data-e-type=\"widget\" data-widget_type=\"heading.default\">\n\t\t\t\t\t<h3 class=\"elementor-heading-title elementor-size-default\"><span class=\"section-title\">Mik\u00e4 on \u00e4\u00e4nikirja?<\/span><\/h3>\t\t\t\t<\/div>\n\t\t\t\t<div class=\"elementor-element elementor-element-d33273e elementor-hidden-desktop elementor-hidden-laptop elementor-hidden-tablet elementor-widget elementor-widget-heading\" data-id=\"d33273e\" data-element_type=\"widget\" data-e-type=\"widget\" data-widget_type=\"heading.default\">\n\t\t\t\t\t<h3 class=\"elementor-heading-title elementor-size-default\"><span class=\"mobile-title\">Mik\u00e4 on \u00e4\u00e4nikirja?<\/span><\/h3>\t\t\t\t<\/div>\n\t\t\t\t<div class=\"elementor-element elementor-element-0a5e263 elementor-widget elementor-widget-text-editor\" data-id=\"0a5e263\" data-element_type=\"widget\" data-e-type=\"widget\" data-widget_type=\"text-editor.default\">\n\t\t\t\t\t\t\t\t\t<p><span style=\"font-weight: 400;\">\u00c4\u00e4nikirja on kirjan tai tekstin \u00e4\u00e4niversio, joka luetaan ja tallennetaan kuunneltavaksi ja nautittavaksi lukemisen sijaan.<\/span><\/p>\n\t\t\t\t\t\t\t\t<\/div>\n\t\t\t\t\t<\/div>\n\t\t\t\t<\/div>\n\t\t\t\t\t<\/div>\n\t\t\t\t<\/div>\n\t\t<div class=\"elementor-element elementor-element-c16002c e-con-full e-flex e-con e-child\" data-id=\"c16002c\" data-element_type=\"container\" data-e-type=\"container\">\n\t\t<div class=\"elementor-element elementor-element-c243732 e-flex e-con-boxed e-con e-child\" data-id=\"c243732\" data-element_type=\"container\" data-e-type=\"container\">\n\t\t\t\t\t<div class=\"e-con-inner\">\n\t\t\t\t<div class=\"elementor-element elementor-element-3c532e7 elementor-hidden-mobile elementor-widget elementor-widget-heading\" data-id=\"3c532e7\" data-element_type=\"widget\" data-e-type=\"widget\" data-widget_type=\"heading.default\">\n\t\t\t\t\t<h3 class=\"elementor-heading-title elementor-size-default\"><span class=\"section-title\">Miten \u00e4\u00e4nikirjan \u00e4\u00e4nitysprosessi toimii?<\/span><\/h3>\t\t\t\t<\/div>\n\t\t\t\t<div class=\"elementor-element elementor-element-f595ed4 elementor-hidden-desktop elementor-hidden-laptop elementor-hidden-tablet elementor-widget elementor-widget-heading\" data-id=\"f595ed4\" data-element_type=\"widget\" data-e-type=\"widget\" data-widget_type=\"heading.default\">\n\t\t\t\t\t<h3 class=\"elementor-heading-title elementor-size-default\"><span class=\"mobile-title\">Miten \u00e4\u00e4nikirjan \u00e4\u00e4nitysprosessi toimii?<\/span><\/h3>\t\t\t\t<\/div>\n\t\t\t\t<div class=\"elementor-element elementor-element-a4510cd elementor-widget elementor-widget-text-editor\" data-id=\"a4510cd\" data-element_type=\"widget\" data-e-type=\"widget\" data-widget_type=\"text-editor.default\">\n\t\t\t\t\t\t\t\t\t<ul>\n \t<li style=\"font-weight: 400;\" aria-level=\"1\"><span style=\"font-weight: 400;\">Sis\u00e4ll\u00f6n valmistelu &#8211; muunnettava kirja tai teksti on ensin valittava.  <a href=\"https:\/\/en.wikipedia.org\/wiki\/Audiobook\" target=\"_blank\" rel=\"noopener\"><font color=\"#000000\">\u00c4\u00e4nikirjat  <\/a><\/font>muodossa.\nKyseess\u00e4 voi olla kirjallinen teos tai muunlainen teksti, kuten opetusmateriaali tai uutinen. <\/span><\/li>\n \t<li style=\"font-weight: 400;\" aria-level=\"1\"><span style=\"font-weight: 400;\">Tekstin tulkinta &#8211; valitaan \u00e4\u00e4nin\u00e4yttelij\u00e4, jonka \u00e4\u00e4nenv\u00e4ri vastaa vaadittua muotoa ja joka pystyy siten esitt\u00e4m\u00e4\u00e4n sen sopivalla intonaatiolla ja tunnetasolla.<\/span><\/li>\n \t<li style=\"font-weight: 400;\" aria-level=\"1\"><span style=\"font-weight: 400;\">\u00c4\u00e4nitys &#8211; \u00e4\u00e4nin\u00e4yttelij\u00e4 \u00e4\u00e4nitt\u00e4\u00e4 tekstin varustetuissa studioissamme.\nVarmistamme korkean \u00e4\u00e4nenlaadun ja selke\u00e4n \u00e4\u00e4nt\u00e4misen. <\/span><\/li>\n \t<li style=\"font-weight: 400;\" aria-level=\"1\"><span style=\"font-weight: 400;\">Muokkaus ja j\u00e4lkik\u00e4sittely &#8211; Tallennettu materiaali tarkistetaan, muokataan ja j\u00e4lkik\u00e4sitell\u00e4\u00e4n virheiden poistamiseksi ja kokonaislaadun parantamiseksi.\nT\u00e4h\u00e4n voi sis\u00e4lty\u00e4 \u00e4\u00e4nitasojen s\u00e4\u00e4t\u00e4mist\u00e4, hiljaisuuden poistamista ja muita korjauksia. <\/span><\/li>\n \t<li style=\"font-weight: 400;\" aria-level=\"1\"><span style=\"font-weight: 400;\">Formaatin valmistelu &#8211; Lopuksi \u00e4\u00e4nikirja valmistellaan ja digitoidaan jaettavaksi tarvittavissa kanavissa.<\/span><\/li>\n<\/ul>\t\t\t\t\t\t\t\t<\/div>\n\t\t\t\t<div class=\"elementor-element elementor-element-8110571 elementor-widget elementor-widget-heading\" data-id=\"8110571\" data-element_type=\"widget\" data-e-type=\"widget\" data-widget_type=\"heading.default\">\n\t\t\t\t\t<h2 class=\"elementor-heading-title elementor-size-default\">\u00c4\u00e4nikirjan \u00e4\u00e4nitysprosessi vaatii huolellista suunnittelua, ammattimaista toteutusta ja korkeaa laatutasoa, jotta saadaan aikaan hyv\u00e4 ja miellytt\u00e4v\u00e4 \u00e4\u00e4nikirja, joka vet\u00e4\u00e4 kuulijoita puoleensa ja sitouttaa heid\u00e4t.  <\/h2>\t\t\t\t<\/div>\n\t\t\t\t<div class=\"elementor-element elementor-element-67511f1 elementor-widget elementor-widget-heading\" data-id=\"67511f1\" data-element_type=\"widget\" data-e-type=\"widget\" data-widget_type=\"heading.default\">\n\t\t\t\t\t<h2 class=\"elementor-heading-title elementor-size-default\"><a href=\"https:\/\/www.digimedia.lv\/musu-darbi\/\">Ota yhteytt\u00e4 ja pyyd\u00e4 tarjous projektistasi!<\/a><\/h2>\t\t\t\t<\/div>\n\t\t\t\t<div class=\"elementor-element elementor-element-d8f503a elementor-widget elementor-widget-button\" data-id=\"d8f503a\" data-element_type=\"widget\" data-e-type=\"widget\" data-widget_type=\"button.default\">\n\t\t\t\t\t\t\t\t\t\t<a class=\"elementor-button elementor-button-link elementor-size-sm\" href=\"https:\/\/www.digimedia.lv\/kontakti\/\">\n\t\t\t\t\t\t<span class=\"elementor-button-content-wrapper\">\n\t\t\t\t\t\t\t\t\t<span class=\"elementor-button-text\">YHTEYSTIEDOT!<\/span>\n\t\t\t\t\t<\/span>\n\t\t\t\t\t<\/a>\n\t\t\t\t\t\t\t\t<\/div>\n\t\t\t\t\t<\/div>\n\t\t\t\t<\/div>\n\t\t\t\t<\/div>\n\t\t\t\t\t<\/div>\n\t\t\t\t<\/div>\n\t\t\t\t\t<\/div>\n\t\t\t\t<\/div>\n\t\t\t\t<\/div>\n\t\t","protected":false},"excerpt":{"rendered":"<p>\u00c4\u00e4nikirjat Mukaansatempaava \u00e4\u00e4niseikkailu &#8211; \u00e4\u00e4nikirja \u00e4\u00e4nitehosteineen stimuloi kuulijan mielikuvitusta ja parantaa h\u00e4nen kyky\u00e4\u00e4n uppoutua tarinaan. Tarjoamme \u00e4\u00e4nikirjoja ja \u00e4\u00e4nitteit\u00e4 eri \u00e4\u00e4nill\u00e4 useilla kielill\u00e4: latvia, liettua, viro, ven\u00e4j\u00e4, englanti, ruotsi, ukraina, suomi Mik\u00e4 on \u00e4\u00e4nikirja? Mik\u00e4 on \u00e4\u00e4nikirja? \u00c4\u00e4nikirja on kirjan tai tekstin \u00e4\u00e4niversio, joka luetaan ja tallennetaan kuunneltavaksi ja nautittavaksi lukemisen sijaan. Miten \u00e4\u00e4nikirjan \u00e4\u00e4nitysprosessi [&hellip;]<\/p>\n","protected":false},"author":1,"featured_media":0,"parent":0,"menu_order":0,"comment_status":"closed","ping_status":"closed","template":"","meta":{"inline_featured_image":false,"footnotes":""},"class_list":["post-4763","page","type-page","status-publish","hentry"],"aioseo_notices":[],"_links":{"self":[{"href":"https:\/\/www.digimedia.lv\/fi\/wp-json\/wp\/v2\/pages\/4763","targetHints":{"allow":["GET"]}}],"collection":[{"href":"https:\/\/www.digimedia.lv\/fi\/wp-json\/wp\/v2\/pages"}],"about":[{"href":"https:\/\/www.digimedia.lv\/fi\/wp-json\/wp\/v2\/types\/page"}],"author":[{"embeddable":true,"href":"https:\/\/www.digimedia.lv\/fi\/wp-json\/wp\/v2\/users\/1"}],"replies":[{"embeddable":true,"href":"https:\/\/www.digimedia.lv\/fi\/wp-json\/wp\/v2\/comments?post=4763"}],"version-history":[{"count":1,"href":"https:\/\/www.digimedia.lv\/fi\/wp-json\/wp\/v2\/pages\/4763\/revisions"}],"predecessor-version":[{"id":4765,"href":"https:\/\/www.digimedia.lv\/fi\/wp-json\/wp\/v2\/pages\/4763\/revisions\/4765"}],"wp:attachment":[{"href":"https:\/\/www.digimedia.lv\/fi\/wp-json\/wp\/v2\/media?parent=4763"}],"curies":[{"name":"wp","href":"https:\/\/api.w.org\/{rel}","templated":true}]}}