{"id":4751,"date":"2024-02-22T14:14:35","date_gmt":"2024-02-22T12:14:35","guid":{"rendered":"https:\/\/www.digimedia.lv\/audio-ja-videotiedostojen-kaantaminen\/"},"modified":"2024-09-13T08:32:37","modified_gmt":"2024-09-13T06:32:37","slug":"audio-ja-videotiedostojen-kaantaminen","status":"publish","type":"page","link":"https:\/\/www.digimedia.lv\/fi\/audio-ja-videotiedostojen-kaantaminen\/","title":{"rendered":"Audio- ja videotiedostojen k\u00e4\u00e4nt\u00e4minen"},"content":{"rendered":"\t\t<div data-elementor-type=\"wp-page\" data-elementor-id=\"4751\" class=\"elementor elementor-4751\" data-elementor-post-type=\"page\">\n\t\t\t\t<div class=\"elementor-element elementor-element-08777d1 e-flex e-con-boxed e-con e-parent\" data-id=\"08777d1\" data-element_type=\"container\" data-e-type=\"container\" data-settings=\"{&quot;background_background&quot;:&quot;classic&quot;}\">\n\t\t\t\t\t<div class=\"e-con-inner\">\n\t\t\t\t<div class=\"elementor-element elementor-element-6a7f91c elementor-widget elementor-widget-heading\" data-id=\"6a7f91c\" data-element_type=\"widget\" data-e-type=\"widget\" data-widget_type=\"heading.default\">\n\t\t\t\t\t<h1 class=\"elementor-heading-title elementor-size-default\">Audio- ja videotiedostojen k\u00e4\u00e4nt\u00e4minen<\/h1>\t\t\t\t<\/div>\n\t\t\t\t<div class=\"elementor-element elementor-element-9a1bbbf elementor-widget elementor-widget-heading\" data-id=\"9a1bbbf\" data-element_type=\"widget\" data-e-type=\"widget\" data-widget_type=\"heading.default\">\n\t\t\t\t\t<h2 class=\"elementor-heading-title elementor-size-default\">Houkuttele yleis\u00f6\u00e4 ymp\u00e4ri maailmaa - valitse meid\u00e4t \u00e4\u00e4ni- ja videotiedostojesi lokalisointiin.\nR\u00e4\u00e4t\u00e4l\u00f6i sis\u00e4lt\u00f6 kulttuuristen ja kielellisten vivahteiden mukaan!   <\/h2>\t\t\t\t<\/div>\n\t\t<div class=\"elementor-element elementor-element-f396ee5 e-flex e-con-boxed e-con e-child\" data-id=\"f396ee5\" data-element_type=\"container\" data-e-type=\"container\">\n\t\t\t\t\t<div class=\"e-con-inner\">\n\t\t<div class=\"elementor-element elementor-element-8e32e38 e-flex e-con-boxed e-con e-child\" data-id=\"8e32e38\" data-element_type=\"container\" data-e-type=\"container\" data-settings=\"{&quot;background_background&quot;:&quot;classic&quot;}\">\n\t\t\t\t\t<div class=\"e-con-inner\">\n\t\t\t\t<div class=\"elementor-element elementor-element-bebfb28 elementor-widget elementor-widget-heading\" data-id=\"bebfb28\" data-element_type=\"widget\" data-e-type=\"widget\" data-widget_type=\"heading.default\">\n\t\t\t\t\t<h3 class=\"elementor-heading-title elementor-size-default\">Meill\u00e4 on 20 omaa studiota Baltian maissa, p\u00e4\u00e4konttori sijaitsee Riiassa.  <\/h3>\t\t\t\t<\/div>\n\t\t\t\t<div class=\"elementor-element elementor-element-255e2ab elementor-widget elementor-widget-heading\" data-id=\"255e2ab\" data-element_type=\"widget\" data-e-type=\"widget\" data-widget_type=\"heading.default\">\n\t\t\t\t\t<h2 class=\"elementor-heading-title elementor-size-default\">Miten \u00e4\u00e4nik\u00e4\u00e4nn\u00f6s ja \u00e4\u00e4nitys tehd\u00e4\u00e4n?<\/h2>\t\t\t\t<\/div>\n\t\t\t\t<div class=\"elementor-element elementor-element-e8649c5 elementor-widget elementor-widget-text-editor\" data-id=\"e8649c5\" data-element_type=\"widget\" data-e-type=\"widget\" data-widget_type=\"text-editor.default\">\n\t\t\t\t\t\t\t\t\t<p>\u00c4\u00e4nitiedostosi v\u00e4litet\u00e4\u00e4n k\u00e4\u00e4nt\u00e4j\u00e4lle, joka k\u00e4\u00e4nt\u00e4\u00e4 \u00e4\u00e4nitiedoston halutulle kielelle.<\/p>\n<p>Kun tiedostoa k\u00e4\u00e4nnet\u00e4\u00e4n, voit valita suosikkin\u00e4yttelij\u00e4si tietokannastamme.<br \/>\nVoit valita tarvittaessa useamman kuin yhden \u00e4\u00e4nin\u00e4yttelij\u00e4n. <\/p>\n<p>Kun tiedosto on k\u00e4\u00e4nnetty tarvittaville kielille, se toimitetaan \u00e4\u00e4nin\u00e4yttelij\u00e4lle ja \u00e4\u00e4niteknikolle, jotka \u00e4\u00e4nitt\u00e4v\u00e4t sen tarvittavaan s\u00e4vyyn.<\/p>\n<p>Saat valmiin \u00e4\u00e4nitiedoston, jota voit k\u00e4ytt\u00e4\u00e4 omiin tarkoituksiisi, tai se &#8221;asetetaan p\u00e4\u00e4llekk\u00e4in&#8221; ja sovitetaan tarvitsemaasi videomateriaaliin.<\/p>\n\t\t\t\t\t\t\t\t<\/div>\n\t\t\t\t<div class=\"elementor-element elementor-element-f5b7dd7 elementor-widget elementor-widget-heading\" data-id=\"f5b7dd7\" data-element_type=\"widget\" data-e-type=\"widget\" data-widget_type=\"heading.default\">\n\t\t\t\t\t<h2 class=\"elementor-heading-title elementor-size-default\"><a href=\"https:\/\/www.digimedia.lv\/kontakti\/\">Ota yhteytt\u00e4 ja pyyd\u00e4 tarjous projektistasi!<\/a><\/h2>\t\t\t\t<\/div>\n\t\t\t\t<div class=\"elementor-element elementor-element-76ded1d elementor-align-center elementor-widget elementor-widget-button\" data-id=\"76ded1d\" data-element_type=\"widget\" data-e-type=\"widget\" data-widget_type=\"button.default\">\n\t\t\t\t\t\t\t\t\t\t<a class=\"elementor-button elementor-button-link elementor-size-sm\" href=\"https:\/\/www.digimedia.lv\/kontakti\/\">\n\t\t\t\t\t\t<span class=\"elementor-button-content-wrapper\">\n\t\t\t\t\t\t\t\t\t<span class=\"elementor-button-text\">YHTEYSTIEDOT!<\/span>\n\t\t\t\t\t<\/span>\n\t\t\t\t\t<\/a>\n\t\t\t\t\t\t\t\t<\/div>\n\t\t\t\t\t<\/div>\n\t\t\t\t<\/div>\n\t\t\t\t\t<\/div>\n\t\t\t\t<\/div>\n\t\t\t\t<div class=\"elementor-element elementor-element-4713478 elementor-widget elementor-widget-spacer\" data-id=\"4713478\" data-element_type=\"widget\" data-e-type=\"widget\" data-widget_type=\"spacer.default\">\n\t\t\t\t\t\t\t<div class=\"elementor-spacer\">\n\t\t\t<div class=\"elementor-spacer-inner\"><\/div>\n\t\t<\/div>\n\t\t\t\t\t\t<\/div>\n\t\t\t\t\t<\/div>\n\t\t\t\t<\/div>\n\t\t\t\t<\/div>\n\t\t","protected":false},"excerpt":{"rendered":"<p>Audio- ja videotiedostojen k\u00e4\u00e4nt\u00e4minen Houkuttele yleis\u00f6\u00e4 ymp\u00e4ri maailmaa &#8211; valitse meid\u00e4t \u00e4\u00e4ni- ja videotiedostojesi lokalisointiin. R\u00e4\u00e4t\u00e4l\u00f6i sis\u00e4lt\u00f6 kulttuuristen ja kielellisten vivahteiden mukaan! Meill\u00e4 on 20 omaa studiota Baltian maissa, p\u00e4\u00e4konttori sijaitsee Riiassa. Miten \u00e4\u00e4nik\u00e4\u00e4nn\u00f6s ja \u00e4\u00e4nitys tehd\u00e4\u00e4n? \u00c4\u00e4nitiedostosi v\u00e4litet\u00e4\u00e4n k\u00e4\u00e4nt\u00e4j\u00e4lle, joka k\u00e4\u00e4nt\u00e4\u00e4 \u00e4\u00e4nitiedoston halutulle kielelle. Kun tiedostoa k\u00e4\u00e4nnet\u00e4\u00e4n, voit valita suosikkin\u00e4yttelij\u00e4si tietokannastamme. Voit valita tarvittaessa [&hellip;]<\/p>\n","protected":false},"author":1,"featured_media":0,"parent":0,"menu_order":0,"comment_status":"closed","ping_status":"closed","template":"","meta":{"inline_featured_image":false,"footnotes":""},"class_list":["post-4751","page","type-page","status-publish","hentry"],"aioseo_notices":[],"_links":{"self":[{"href":"https:\/\/www.digimedia.lv\/fi\/wp-json\/wp\/v2\/pages\/4751","targetHints":{"allow":["GET"]}}],"collection":[{"href":"https:\/\/www.digimedia.lv\/fi\/wp-json\/wp\/v2\/pages"}],"about":[{"href":"https:\/\/www.digimedia.lv\/fi\/wp-json\/wp\/v2\/types\/page"}],"author":[{"embeddable":true,"href":"https:\/\/www.digimedia.lv\/fi\/wp-json\/wp\/v2\/users\/1"}],"replies":[{"embeddable":true,"href":"https:\/\/www.digimedia.lv\/fi\/wp-json\/wp\/v2\/comments?post=4751"}],"version-history":[{"count":1,"href":"https:\/\/www.digimedia.lv\/fi\/wp-json\/wp\/v2\/pages\/4751\/revisions"}],"predecessor-version":[{"id":4752,"href":"https:\/\/www.digimedia.lv\/fi\/wp-json\/wp\/v2\/pages\/4751\/revisions\/4752"}],"wp:attachment":[{"href":"https:\/\/www.digimedia.lv\/fi\/wp-json\/wp\/v2\/media?parent=4751"}],"curies":[{"name":"wp","href":"https:\/\/api.w.org\/{rel}","templated":true}]}}