{"id":5143,"date":"2025-02-10T15:52:02","date_gmt":"2025-02-10T13:52:02","guid":{"rendered":"https:\/\/www.digimedia.lv\/?page_id=5143"},"modified":"2025-02-10T16:03:17","modified_gmt":"2025-02-10T14:03:17","slug":"urituse-heli-teenused","status":"publish","type":"page","link":"https:\/\/www.digimedia.lv\/et\/urituse-heli-teenused\/","title":{"rendered":"\u00dcrituse heli teenused"},"content":{"rendered":"\t\t<div data-elementor-type=\"wp-page\" data-elementor-id=\"5143\" class=\"elementor elementor-5143\" data-elementor-post-type=\"page\">\n\t\t\t\t<div class=\"elementor-element elementor-element-41fbe81 e-flex e-con-boxed e-con e-parent\" data-id=\"41fbe81\" data-element_type=\"container\" data-e-type=\"container\" data-settings=\"{&quot;background_background&quot;:&quot;classic&quot;}\">\n\t\t\t\t\t<div class=\"e-con-inner\">\n\t\t\t\t<div class=\"elementor-element elementor-element-d4242a0 elementor-widget elementor-widget-heading\" data-id=\"d4242a0\" data-element_type=\"widget\" data-e-type=\"widget\" data-widget_type=\"heading.default\">\n\t\t\t\t\t<h1 class=\"elementor-heading-title elementor-size-default\">\u00dcrituse heli teenused<\/h1>\t\t\t\t<\/div>\n\t\t\t\t<div class=\"elementor-element elementor-element-e2ab08e elementor-widget elementor-widget-heading\" data-id=\"e2ab08e\" data-element_type=\"widget\" data-e-type=\"widget\" data-widget_type=\"heading.default\">\n\t\t\t\t\t<h3 class=\"elementor-heading-title elementor-size-default\">Heliv\u00f5imendus ettev\u00f5tte\u00fcritustel, kontsertidel ja konverentsidel\nPakume erakordset heli ja teenust, et tagada teie \u00fcrituse suurep\u00e4rane heli.<\/h3>\t\t\t\t<\/div>\n\t\t\t\t<div class=\"elementor-element elementor-element-72f2588 elementor-view-default elementor-widget elementor-widget-icon\" data-id=\"72f2588\" data-element_type=\"widget\" data-e-type=\"widget\" data-widget_type=\"icon.default\">\n\t\t\t\t\t\t\t<div class=\"elementor-icon-wrapper\">\n\t\t\t<div class=\"elementor-icon\">\n\t\t\t<svg aria-hidden=\"true\" class=\"e-font-icon-svg e-fas-money-bill-wave\" viewBox=\"0 0 640 512\" xmlns=\"http:\/\/www.w3.org\/2000\/svg\"><path d=\"M621.16 54.46C582.37 38.19 543.55 32 504.75 32c-123.17-.01-246.33 62.34-369.5 62.34-30.89 0-61.76-3.92-92.65-13.72-3.47-1.1-6.95-1.62-10.35-1.62C15.04 79 0 92.32 0 110.81v317.26c0 12.63 7.23 24.6 18.84 29.46C57.63 473.81 96.45 480 135.25 480c123.17 0 246.34-62.35 369.51-62.35 30.89 0 61.76 3.92 92.65 13.72 3.47 1.1 6.95 1.62 10.35 1.62 17.21 0 32.25-13.32 32.25-31.81V83.93c-.01-12.64-7.24-24.6-18.85-29.47zM48 132.22c20.12 5.04 41.12 7.57 62.72 8.93C104.84 170.54 79 192.69 48 192.69v-60.47zm0 285v-47.78c34.37 0 62.18 27.27 63.71 61.4-22.53-1.81-43.59-6.31-63.71-13.62zM320 352c-44.19 0-80-42.99-80-96 0-53.02 35.82-96 80-96s80 42.98 80 96c0 53.03-35.83 96-80 96zm272 27.78c-17.52-4.39-35.71-6.85-54.32-8.44 5.87-26.08 27.5-45.88 54.32-49.28v57.72zm0-236.11c-30.89-3.91-54.86-29.7-55.81-61.55 19.54 2.17 38.09 6.23 55.81 12.66v48.89z\"><\/path><\/svg>\t\t\t<\/div>\n\t\t<\/div>\n\t\t\t\t\t\t<\/div>\n\t\t<div class=\"elementor-element elementor-element-6f5ea7f e-flex e-con-boxed e-con e-child\" data-id=\"6f5ea7f\" data-element_type=\"container\" data-e-type=\"container\" data-settings=\"{&quot;background_background&quot;:&quot;classic&quot;}\">\n\t\t\t\t\t<div class=\"e-con-inner\">\n\t\t<div class=\"elementor-element elementor-element-8c54152 e-flex e-con-boxed e-con e-child\" data-id=\"8c54152\" data-element_type=\"container\" data-e-type=\"container\">\n\t\t\t\t\t<div class=\"e-con-inner\">\n\t\t<div class=\"elementor-element elementor-element-6a8c45e e-con-full e-flex e-con e-child\" data-id=\"6a8c45e\" data-element_type=\"container\" data-e-type=\"container\">\n\t\t\t\t<div class=\"elementor-element elementor-element-460b263 elementor-hidden-mobile elementor-widget elementor-widget-heading\" data-id=\"460b263\" data-element_type=\"widget\" data-e-type=\"widget\" data-widget_type=\"heading.default\">\n\t\t\t\t\t<h3 class=\"elementor-heading-title elementor-size-default\"><span class=\"section-title\">Miks valida meid?<\/span><\/h3>\t\t\t\t<\/div>\n\t\t\t\t<div class=\"elementor-element elementor-element-23c0192 elementor-hidden-desktop elementor-hidden-laptop elementor-hidden-tablet elementor-widget elementor-widget-heading\" data-id=\"23c0192\" data-element_type=\"widget\" data-e-type=\"widget\" data-widget_type=\"heading.default\">\n\t\t\t\t\t<h3 class=\"elementor-heading-title elementor-size-default\"><span class='mobile-title'>Miks valida meid?\u200b:<\/span><\/h3>\t\t\t\t<\/div>\n\t\t\t\t<div class=\"elementor-element elementor-element-69e01ab elementor-widget-divider--view-line elementor-widget elementor-widget-divider\" data-id=\"69e01ab\" data-element_type=\"widget\" data-e-type=\"widget\" data-widget_type=\"divider.default\">\n\t\t\t\t\t\t\t<div class=\"elementor-divider\">\n\t\t\t<span class=\"elementor-divider-separator\">\n\t\t\t\t\t\t<\/span>\n\t\t<\/div>\n\t\t\t\t\t\t<\/div>\n\t\t<div class=\"elementor-element elementor-element-3df4ef8 e-con-full e-flex e-con e-child\" data-id=\"3df4ef8\" data-element_type=\"container\" data-e-type=\"container\">\n\t\t<div class=\"elementor-element elementor-element-1099153 e-con-full e-flex e-con e-child\" data-id=\"1099153\" data-element_type=\"container\" data-e-type=\"container\">\n\t\t\t\t<div class=\"elementor-element elementor-element-745efb4 elementor-widget elementor-widget-heading\" data-id=\"745efb4\" data-element_type=\"widget\" data-e-type=\"widget\" data-widget_type=\"heading.default\">\n\t\t\t\t\t<h3 class=\"elementor-heading-title elementor-size-default\">30 kogenud helitehnikut\n\n\n\n\n\n\n<\/h3>\t\t\t\t<\/div>\n\t\t\t\t<\/div>\n\t\t<div class=\"elementor-element elementor-element-5b17f7c e-con-full e-flex e-con e-child\" data-id=\"5b17f7c\" data-element_type=\"container\" data-e-type=\"container\">\n\t\t\t\t<div class=\"elementor-element elementor-element-67c9f02 elementor-widget elementor-widget-heading\" data-id=\"67c9f02\" data-element_type=\"widget\" data-e-type=\"widget\" data-widget_type=\"heading.default\">\n\t\t\t\t\t<h3 class=\"elementor-heading-title elementor-size-default\">Kaasaegne varustus<\/h3>\t\t\t\t<\/div>\n\t\t\t\t<\/div>\n\t\t\t\t<\/div>\n\t\t<div class=\"elementor-element elementor-element-5c713fa e-flex e-con-boxed e-con e-child\" data-id=\"5c713fa\" data-element_type=\"container\" data-e-type=\"container\">\n\t\t\t\t\t<div class=\"e-con-inner\">\n\t\t<div class=\"elementor-element elementor-element-70947f8 e-flex e-con-boxed e-con e-child\" data-id=\"70947f8\" data-element_type=\"container\" data-e-type=\"container\">\n\t\t\t\t\t<div class=\"e-con-inner\">\n\t\t\t\t<div class=\"elementor-element elementor-element-d9a69be elementor-widget elementor-widget-heading\" data-id=\"d9a69be\" data-element_type=\"widget\" data-e-type=\"widget\" data-widget_type=\"heading.default\">\n\t\t\t\t\t<h3 class=\"elementor-heading-title elementor-size-default\">Isikup\u00e4rastatud l\u00e4henemine<\/h3>\t\t\t\t<\/div>\n\t\t\t\t\t<\/div>\n\t\t\t\t<\/div>\n\t\t<div class=\"elementor-element elementor-element-378ecbe e-con-full e-flex e-con e-child\" data-id=\"378ecbe\" data-element_type=\"container\" data-e-type=\"container\">\n\t\t\t\t<div class=\"elementor-element elementor-element-c9cd77c elementor-widget elementor-widget-heading\" data-id=\"c9cd77c\" data-element_type=\"widget\" data-e-type=\"widget\" data-widget_type=\"heading.default\">\n\t\t\t\t\t<h3 class=\"elementor-heading-title elementor-size-default\">Kvaliteet<\/h3>\t\t\t\t<\/div>\n\t\t\t\t<\/div>\n\t\t<div class=\"elementor-element elementor-element-ff24d0a e-con-full e-flex e-con e-child\" data-id=\"ff24d0a\" data-element_type=\"container\" data-e-type=\"container\">\n\t\t\t\t<div class=\"elementor-element elementor-element-df46e1f elementor-widget elementor-widget-heading\" data-id=\"df46e1f\" data-element_type=\"widget\" data-e-type=\"widget\" data-widget_type=\"heading.default\">\n\t\t\t\t\t<h3 class=\"elementor-heading-title elementor-size-default\">Kohandatud teenus<\/h3>\t\t\t\t<\/div>\n\t\t\t\t<\/div>\n\t\t\t\t\t<\/div>\n\t\t\t\t<\/div>\n\t\t\t\t<div class=\"elementor-element elementor-element-026eb68 elementor-widget elementor-widget-text-editor\" data-id=\"026eb68\" data-element_type=\"widget\" data-e-type=\"widget\" data-widget_type=\"text-editor.default\">\n\t\t\t\t\t\t\t\t\t<p>Valides meie \u00fcrituse heli v\u00f5imenduse teenuse, saate kvaliteetse varustuse ja kogenud meeskonna, kes tagab laitmatu teenuse. Lisaks erakordsele teenusele pakume \u00fchte parimatest hindadest valdkonnas.<\/p>\t\t\t\t\t\t\t\t<\/div>\n\t\t\t\t<\/div>\n\t\t<div class=\"elementor-element elementor-element-7013610 e-con-full e-flex e-con e-child\" data-id=\"7013610\" data-element_type=\"container\" data-e-type=\"container\" data-settings=\"{&quot;background_background&quot;:&quot;classic&quot;}\">\n\t\t\t\t<\/div>\n\t\t\t\t\t<\/div>\n\t\t\t\t<\/div>\n\t\t<div class=\"elementor-element elementor-element-ba0c2ac e-grid e-con-full e-con e-child\" data-id=\"ba0c2ac\" data-element_type=\"container\" data-e-type=\"container\">\n\t\t<div class=\"elementor-element elementor-element-746ecbc e-con-full e-flex e-con e-child\" data-id=\"746ecbc\" data-element_type=\"container\" data-e-type=\"container\" data-settings=\"{&quot;background_background&quot;:&quot;classic&quot;}\">\n\t\t\t\t<div class=\"elementor-element elementor-element-60eb00e elementor-widget elementor-widget-heading\" data-id=\"60eb00e\" data-element_type=\"widget\" data-e-type=\"widget\" data-widget_type=\"heading.default\">\n\t\t\t\t\t<h3 class=\"elementor-heading-title elementor-size-default\">Heliseadmete rentimine<\/h3>\t\t\t\t<\/div>\n\t\t\t\t<\/div>\n\t\t<div class=\"elementor-element elementor-element-a8bbef3 e-con-full e-flex e-con e-child\" data-id=\"a8bbef3\" data-element_type=\"container\" data-e-type=\"container\">\n\t\t\t\t<div class=\"elementor-element elementor-element-aa24006 elementor-widget elementor-widget-heading\" data-id=\"aa24006\" data-element_type=\"widget\" data-e-type=\"widget\" data-widget_type=\"heading.default\">\n\t\t\t\t\t<h3 class=\"elementor-heading-title elementor-size-default\">Paigaldus ja teenus<\/h3>\t\t\t\t<\/div>\n\t\t\t\t<\/div>\n\t\t<div class=\"elementor-element elementor-element-252d332 e-con-full e-flex e-con e-child\" data-id=\"252d332\" data-element_type=\"container\" data-e-type=\"container\">\n\t\t\t\t<div class=\"elementor-element elementor-element-d29447d elementor-widget elementor-widget-heading\" data-id=\"d29447d\" data-element_type=\"widget\" data-e-type=\"widget\" data-widget_type=\"heading.default\">\n\t\t\t\t\t<h3 class=\"elementor-heading-title elementor-size-default\">Tehniline tugi<\/h3>\t\t\t\t<\/div>\n\t\t\t\t<\/div>\n\t\t<div class=\"elementor-element elementor-element-6a6aa2a e-flex e-con-boxed e-con e-child\" data-id=\"6a6aa2a\" data-element_type=\"container\" data-e-type=\"container\">\n\t\t\t\t\t<div class=\"e-con-inner\">\n\t\t\t\t<div class=\"elementor-element elementor-element-5f9d3e1 elementor-widget elementor-widget-heading\" data-id=\"5f9d3e1\" data-element_type=\"widget\" data-e-type=\"widget\" data-widget_type=\"heading.default\">\n\t\t\t\t\t<h3 class=\"elementor-heading-title elementor-size-default\">Konverentsiseadmed<\/h3>\t\t\t\t<\/div>\n\t\t\t\t\t<\/div>\n\t\t\t\t<\/div>\n\t\t<div class=\"elementor-element elementor-element-8e0e00e e-con-full e-flex e-con e-child\" data-id=\"8e0e00e\" data-element_type=\"container\" data-e-type=\"container\">\n\t\t\t\t<div class=\"elementor-element elementor-element-98cb5f6 elementor-widget elementor-widget-heading\" data-id=\"98cb5f6\" data-element_type=\"widget\" data-e-type=\"widget\" data-widget_type=\"heading.default\">\n\t\t\t\t\t<h3 class=\"elementor-heading-title elementor-size-default\">\u00dcrituse heli v\u00f5imendus<\/h3>\t\t\t\t<\/div>\n\t\t\t\t<\/div>\n\t\t<div class=\"elementor-element elementor-element-854d25c e-con-full e-flex e-con e-child\" data-id=\"854d25c\" data-element_type=\"container\" data-e-type=\"container\">\n\t\t\t\t<div class=\"elementor-element elementor-element-9959543 elementor-widget elementor-widget-heading\" data-id=\"9959543\" data-element_type=\"widget\" data-e-type=\"widget\" data-widget_type=\"heading.default\">\n\t\t\t\t\t<h3 class=\"elementor-heading-title elementor-size-default\">Teenuse kohandamine<\/h3>\t\t\t\t<\/div>\n\t\t\t\t<\/div>\n\t\t<div class=\"elementor-element elementor-element-ff73921 e-con-full e-flex e-con e-child\" data-id=\"ff73921\" data-element_type=\"container\" data-e-type=\"container\">\n\t\t\t\t<div class=\"elementor-element elementor-element-a9e1667 elementor-widget elementor-widget-heading\" data-id=\"a9e1667\" data-element_type=\"widget\" data-e-type=\"widget\" data-widget_type=\"heading.default\">\n\t\t\t\t\t<h3 class=\"elementor-heading-title elementor-size-default\">Simultaanse t\u00f5lke seadmed<\/h3>\t\t\t\t<\/div>\n\t\t\t\t<\/div>\n\t\t<div class=\"elementor-element elementor-element-97f443d e-con-full e-flex e-con e-child\" data-id=\"97f443d\" data-element_type=\"container\" data-e-type=\"container\">\n\t\t\t\t<div class=\"elementor-element elementor-element-2879090 elementor-widget elementor-widget-heading\" data-id=\"2879090\" data-element_type=\"widget\" data-e-type=\"widget\" data-widget_type=\"heading.default\">\n\t\t\t\t\t<h3 class=\"elementor-heading-title elementor-size-default\">\u00dcrituste lahendused<\/h3>\t\t\t\t<\/div>\n\t\t\t\t<\/div>\n\t\t<div class=\"elementor-element elementor-element-354ad65 e-con-full e-flex e-con e-child\" data-id=\"354ad65\" data-element_type=\"container\" data-e-type=\"container\">\n\t\t\t\t<div class=\"elementor-element elementor-element-4ca4ec0 elementor-widget elementor-widget-heading\" data-id=\"4ca4ec0\" data-element_type=\"widget\" data-e-type=\"widget\" data-widget_type=\"heading.default\">\n\t\t\t\t\t<h3 class=\"elementor-heading-title elementor-size-default\">Audiovisuaalsed teenused<\/h3>\t\t\t\t<\/div>\n\t\t\t\t<\/div>\n\t\t\t\t<\/div>\n\t\t\t\t<div class=\"elementor-element elementor-element-d476471 elementor-widget elementor-widget-text-editor\" data-id=\"d476471\" data-element_type=\"widget\" data-e-type=\"widget\" data-widget_type=\"text-editor.default\">\n\t\t\t\t\t\t\t\t\t<p>T\u00e4isteenuse \u00fcrituse heli v\u00f5imendus, pakkudes k\u00f5ike, mida on vaja laitmatu \u00fcrituse tagamiseks. Alates kohandatud helilahendustest ja k\u00f5rgekvaliteedilise varustuse valikust kuni paigaldamise ja t\u00e4psete ruumi akustika kohandusteni. Meie kogenud meeskond hoolitseb k\u00f5igi heli v\u00f5imenduse aspektide eest, pakkudes pidevat tehnilist tuge kogu \u00fcrituse v\u00e4ltel.<\/p><p>Me hoolitseme iga detaili eest!<\/p>\t\t\t\t\t\t\t\t<\/div>\n\t\t\t\t<div class=\"elementor-element elementor-element-1bf4722 elementor-hidden-mobile elementor-widget elementor-widget-heading\" data-id=\"1bf4722\" data-element_type=\"widget\" data-e-type=\"widget\" data-widget_type=\"heading.default\">\n\t\t\t\t\t<h2 class=\"elementor-heading-title elementor-size-default\"><span class=\"section-title\">\u00dcrituse formaadid\n<\/span><\/h2>\t\t\t\t<\/div>\n\t\t\t\t<div class=\"elementor-element elementor-element-23b130b elementor-hidden-desktop elementor-hidden-laptop elementor-hidden-tablet elementor-widget elementor-widget-heading\" data-id=\"23b130b\" data-element_type=\"widget\" data-e-type=\"widget\" data-widget_type=\"heading.default\">\n\t\t\t\t\t<h3 class=\"elementor-heading-title elementor-size-default\"><span class=\"mobile-title\">\u00dcrituse formaadid<\/span><\/h3>\t\t\t\t<\/div>\n\t\t\t\t<div class=\"elementor-element elementor-element-9651abd elementor-widget elementor-widget-text-editor\" data-id=\"9651abd\" data-element_type=\"widget\" data-e-type=\"widget\" data-widget_type=\"text-editor.default\">\n\t\t\t\t\t\t\t\t\t<p>\u2714 <strong>Korporatiiv\u00fcritused<\/strong><br \/>Professionaalne heli v\u00f5imendus korporatiiv\u00fcritustel, tagades k\u00f5rgekvaliteedilise heli ja t\u00e4pset tehnilist tuge igasugustes paikades.<\/p><p>\u2714 <strong>Kontsertid ja festivalid<\/strong><br \/>T\u00e4isteenuse heli v\u00f5imendus kontsertidel ja festivalidel, pakkudes v\u00f5imast heli ja laitmatut kuulamiskogemust igal skaalal.<\/p><p>\u2714 <strong>Konverentsid<\/strong><br \/>K\u00f5rgekvaliteedilised heliteenused konverentsidel, sealhulgas simultaanse t\u00f5lke seadmed ja t\u00f5lkide toetus, tagades, et iga detail edastatakse t\u00e4pselt k\u00f5ikides keeltes.<\/p><p>\u2714 <strong>Esitluse \u00fcritused<\/strong><br \/>Erakordne heli v\u00f5imendus esitluse \u00fcritustel, kasutades uusimaid tehnoloogiaid, et tagada laitmatu helikvaliteet.<\/p>\t\t\t\t\t\t\t\t<\/div>\n\t\t\t\t<div class=\"elementor-element elementor-element-885d534 elementor-widget elementor-widget-text-editor\" data-id=\"885d534\" data-element_type=\"widget\" data-e-type=\"widget\" data-widget_type=\"text-editor.default\">\n\t\t\t\t\t\t\t\t\t<p>Kuna me m\u00f5istame teie vajadusi ja pakume k\u00f5ige sobivamat lahendust, palun t\u00e4itke plaanitud \u00fcrituse k\u00fcsimustik.<\/p>\t\t\t\t\t\t\t\t<\/div>\n\t\t\t\t<div class=\"elementor-element elementor-element-a72fed2 elementor-widget-laptop__width-initial elementor-button-align-stretch elementor-widget elementor-widget-form\" data-id=\"a72fed2\" data-element_type=\"widget\" data-e-type=\"widget\" data-settings=\"{&quot;button_width&quot;:&quot;30&quot;,&quot;step_next_label&quot;:&quot;Next&quot;,&quot;step_previous_label&quot;:&quot;Previous&quot;,&quot;step_type&quot;:&quot;number_text&quot;,&quot;step_icon_shape&quot;:&quot;circle&quot;}\" data-widget_type=\"form.default\">\n\t\t\t\t\t\t\t<form class=\"elementor-form\" method=\"post\" name=\"Pas\u0101kumu apska\u0146o\u0161ana\" aria-label=\"Pas\u0101kumu apska\u0146o\u0161ana\">\n\t\t\t<input type=\"hidden\" name=\"post_id\" value=\"5143\"\/>\n\t\t\t<input type=\"hidden\" name=\"form_id\" value=\"a72fed2\"\/>\n\t\t\t<input type=\"hidden\" name=\"referer_title\" value=\"\u00dcrituse heli teenused\" \/>\n\n\t\t\t\t\t\t\t<input type=\"hidden\" name=\"queried_id\" value=\"5143\"\/>\n\t\t\t\n\t\t\t<div class=\"elementor-form-fields-wrapper elementor-labels-above\">\n\t\t\t\t\t\t\t\t<div class=\"elementor-field-type-text elementor-field-group elementor-column elementor-field-group-name elementor-col-100\">\n\t\t\t\t\t\t\t\t\t\t\t\t\t<input size=\"1\" type=\"text\" name=\"form_fields[name]\" id=\"form-field-name\" class=\"elementor-field elementor-size-sm  elementor-field-textual\" placeholder=\"Nimi\">\n\t\t\t\t\t\t\t\t\t\t\t<\/div>\n\t\t\t\t\t\t\t\t<div class=\"elementor-field-type-email elementor-field-group elementor-column elementor-field-group-email elementor-col-100 elementor-field-required\">\n\t\t\t\t\t\t\t\t\t\t\t\t\t<input size=\"1\" type=\"email\" name=\"form_fields[email]\" id=\"form-field-email\" class=\"elementor-field elementor-size-sm  elementor-field-textual\" placeholder=\"E-post\" required=\"required\">\n\t\t\t\t\t\t\t\t\t\t\t<\/div>\n\t\t\t\t\t\t\t\t<div class=\"elementor-field-type-tel elementor-field-group elementor-column elementor-field-group-field_82d0973 elementor-col-100\">\n\t\t\t\t\t\t\t<input size=\"1\" type=\"tel\" name=\"form_fields[field_82d0973]\" id=\"form-field-field_82d0973\" class=\"elementor-field elementor-size-sm  elementor-field-textual\" placeholder=\"Telefon\" pattern=\"[0-9()#&amp;+*-=.]+\" title=\"Only numbers and phone characters (#, -, *, etc) are accepted.\">\n\n\t\t\t\t\t\t<\/div>\n\t\t\t\t\t\t\t\t<div class=\"elementor-field-type-date elementor-field-group elementor-column elementor-field-group-field_229d0f5 elementor-col-100\">\n\t\t\t\t\t\n\t\t<input type=\"date\" name=\"form_fields[field_229d0f5]\" id=\"form-field-field_229d0f5\" class=\"elementor-field elementor-size-sm  elementor-field-textual elementor-date-field\" placeholder=\"Plaanitud \u00fcrituse kuup\u00e4ev\" pattern=\"[0-9]{4}-[0-9]{2}-[0-9]{2}\">\n\t\t\t\t\t\t<\/div>\n\t\t\t\t\t\t\t\t<div class=\"elementor-field-type-textarea elementor-field-group elementor-column elementor-field-group-message elementor-col-100\">\n\t\t\t\t\t<textarea class=\"elementor-field-textual elementor-field  elementor-size-sm\" name=\"form_fields[message]\" id=\"form-field-message\" rows=\"4\" placeholder=\"\u00dcrituse kirjeldus\"><\/textarea>\t\t\t\t<\/div>\n\t\t\t\t\t\t\t\t<div class=\"elementor-field-group elementor-column elementor-field-type-submit elementor-col-30 e-form__buttons\">\n\t\t\t\t\t<button class=\"elementor-button elementor-size-sm elementor-animation-grow\" type=\"submit\">\n\t\t\t\t\t\t<span class=\"elementor-button-content-wrapper\">\n\t\t\t\t\t\t\t\t\t\t\t\t\t\t\t\t\t\t\t\t\t\t<span class=\"elementor-button-text\">SAADA<\/span>\n\t\t\t\t\t\t\t\t\t\t\t\t\t<\/span>\n\t\t\t\t\t<\/button>\n\t\t\t\t<\/div>\n\t\t\t<\/div>\n\t\t<\/form>\n\t\t\t\t\t\t<\/div>\n\t\t\t\t\t<\/div>\n\t\t\t\t<\/div>\n\t\t\t\t\t<\/div>\n\t\t\t\t<\/div>\n\t\t\t\t<\/div>\n\t\t","protected":false},"excerpt":{"rendered":"<p>\u00dcrituse heli teenused Heliv\u00f5imendus ettev\u00f5tte\u00fcritustel, kontsertidel ja konverentsidel Pakume erakordset heli ja teenust, et tagada teie \u00fcrituse suurep\u00e4rane heli. Miks valida meid? Miks valida meid?\u200b: 30 kogenud helitehnikut Kaasaegne varustus Isikup\u00e4rastatud l\u00e4henemine Kvaliteet Kohandatud teenus Valides meie \u00fcrituse heli v\u00f5imenduse teenuse, saate kvaliteetse varustuse ja kogenud meeskonna, kes tagab laitmatu teenuse. Lisaks erakordsele teenusele pakume [&hellip;]<\/p>\n","protected":false},"author":1,"featured_media":0,"parent":0,"menu_order":0,"comment_status":"closed","ping_status":"closed","template":"","meta":{"inline_featured_image":false,"footnotes":""},"class_list":["post-5143","page","type-page","status-publish","hentry"],"aioseo_notices":[],"_links":{"self":[{"href":"https:\/\/www.digimedia.lv\/et\/wp-json\/wp\/v2\/pages\/5143","targetHints":{"allow":["GET"]}}],"collection":[{"href":"https:\/\/www.digimedia.lv\/et\/wp-json\/wp\/v2\/pages"}],"about":[{"href":"https:\/\/www.digimedia.lv\/et\/wp-json\/wp\/v2\/types\/page"}],"author":[{"embeddable":true,"href":"https:\/\/www.digimedia.lv\/et\/wp-json\/wp\/v2\/users\/1"}],"replies":[{"embeddable":true,"href":"https:\/\/www.digimedia.lv\/et\/wp-json\/wp\/v2\/comments?post=5143"}],"version-history":[{"count":4,"href":"https:\/\/www.digimedia.lv\/et\/wp-json\/wp\/v2\/pages\/5143\/revisions"}],"predecessor-version":[{"id":5148,"href":"https:\/\/www.digimedia.lv\/et\/wp-json\/wp\/v2\/pages\/5143\/revisions\/5148"}],"wp:attachment":[{"href":"https:\/\/www.digimedia.lv\/et\/wp-json\/wp\/v2\/media?parent=5143"}],"curies":[{"name":"wp","href":"https:\/\/api.w.org\/{rel}","templated":true}]}}