{"id":4675,"date":"2024-02-22T14:22:11","date_gmt":"2024-02-22T12:22:11","guid":{"rendered":"https:\/\/www.digimedia.lv\/seo-tolge\/"},"modified":"2024-09-12T14:53:28","modified_gmt":"2024-09-12T12:53:28","slug":"seo-tolge","status":"publish","type":"page","link":"https:\/\/www.digimedia.lv\/et\/seo-tolge\/","title":{"rendered":"SEO t\u00f5lge"},"content":{"rendered":"\t\t<div data-elementor-type=\"wp-page\" data-elementor-id=\"4675\" class=\"elementor elementor-4675\" data-elementor-post-type=\"page\">\n\t\t\t\t<div class=\"elementor-element elementor-element-8ad6692 e-flex e-con-boxed e-con e-parent\" data-id=\"8ad6692\" data-element_type=\"container\" data-e-type=\"container\" data-settings=\"{&quot;background_background&quot;:&quot;classic&quot;}\">\n\t\t\t\t\t<div class=\"e-con-inner\">\n\t\t\t\t<div class=\"elementor-element elementor-element-c0b7ca6 elementor-widget elementor-widget-heading\" data-id=\"c0b7ca6\" data-element_type=\"widget\" data-e-type=\"widget\" data-widget_type=\"heading.default\">\n\t\t\t\t\t<h1 class=\"elementor-heading-title elementor-size-default\">SEO t\u00f5lge<\/h1>\t\t\t\t<\/div>\n\t\t\t\t<div class=\"elementor-element elementor-element-6d59164 elementor-widget elementor-widget-heading\" data-id=\"6d59164\" data-element_type=\"widget\" data-e-type=\"widget\" data-widget_type=\"heading.default\">\n\t\t\t\t\t<h2 class=\"elementor-heading-title elementor-size-default\">Parandage oma n\u00e4htavust otsingumootorites ja edastage kvaliteetset sisu laiemale publikule.  <\/h2>\t\t\t\t<\/div>\n\t\t<div class=\"elementor-element elementor-element-464209f e-flex e-con-boxed e-con e-child\" data-id=\"464209f\" data-element_type=\"container\" data-e-type=\"container\">\n\t\t\t\t\t<div class=\"e-con-inner\">\n\t\t<div class=\"elementor-element elementor-element-63a4926 e-flex e-con-boxed e-con e-child\" data-id=\"63a4926\" data-element_type=\"container\" data-e-type=\"container\" data-settings=\"{&quot;background_background&quot;:&quot;classic&quot;}\">\n\t\t\t\t\t<div class=\"e-con-inner\">\n\t\t\t\t<div class=\"elementor-element elementor-element-154b3b9 elementor-widget elementor-widget-heading\" data-id=\"154b3b9\" data-element_type=\"widget\" data-e-type=\"widget\" data-widget_type=\"heading.default\">\n\t\t\t\t\t<h3 class=\"elementor-heading-title elementor-size-default\">SEO-t\u00f5lge on iga rahvusvahelise \u00e4ristrateegia oluline osa, sest see v\u00f5imaldab ettev\u00f5tetel j\u00f5uda \u00fclemaailmse publikuni ja parandada oma otsingumootori positsiooni mitmes keeles.\nSelles jaotises uurime, mis on <a href=\"https:\/\/developers.google.com\/search\/docs\/fundamentals\/seo-starter-guide\">SEO-t\u00f5lge<\/a>, selle funktsioone, eeliseid ja \u00fcleskutset. <\/h3>\t\t\t\t<\/div>\n\t\t\t\t<div class=\"elementor-element elementor-element-393fc43 elementor-widget elementor-widget-heading\" data-id=\"393fc43\" data-element_type=\"widget\" data-e-type=\"widget\" data-widget_type=\"heading.default\">\n\t\t\t\t\t<h2 class=\"elementor-heading-title elementor-size-default\">Kuidas t\u00f6\u00f6tab SEO-t\u00f5lge?<\/h2>\t\t\t\t<\/div>\n\t\t<div class=\"elementor-element elementor-element-a3dc071 e-flex e-con-boxed e-con e-child\" data-id=\"a3dc071\" data-element_type=\"container\" data-e-type=\"container\">\n\t\t\t\t\t<div class=\"e-con-inner\">\n\t\t<div class=\"elementor-element elementor-element-c5bee66 e-flex e-con-boxed e-con e-child\" data-id=\"c5bee66\" data-element_type=\"container\" data-e-type=\"container\" data-settings=\"{&quot;background_background&quot;:&quot;classic&quot;}\">\n\t\t\t\t\t<div class=\"e-con-inner\">\n\t\t\t\t<div class=\"elementor-element elementor-element-1fb5ec6 elementor-widget elementor-widget-heading\" data-id=\"1fb5ec6\" data-element_type=\"widget\" data-e-type=\"widget\" data-widget_type=\"heading.default\">\n\t\t\t\t\t<h3 class=\"elementor-heading-title elementor-size-default\">V\u00f5tmes\u00f5nade uurimine ja anal\u00fc\u00fcs<\/h3>\t\t\t\t<\/div>\n\t\t\t\t<div class=\"elementor-element elementor-element-fca85ce elementor-widget elementor-widget-heading\" data-id=\"fca85ce\" data-element_type=\"widget\" data-e-type=\"widget\" data-widget_type=\"heading.default\">\n\t\t\t\t\t<p class=\"elementor-heading-title elementor-size-default\">V\u00f5tmes\u00f5nade uurimine ja anal\u00fc\u00fcs on SEO-t\u00f5lke jaoks h\u00e4davajalik.\nSee h\u00f5lmab selliste m\u00e4rks\u00f5nade ja fraaside tuvastamist, mida inimesed, kes r\u00e4\u00e4givad konkreetset keelt, tavaliselt kasutavad.\nT\u00f5lkija kasutab kaasaegseid vahendeid m\u00e4rks\u00f5nade uurimiseks ja anal\u00fc\u00fcsimiseks ning nende lisamiseks t\u00f5lgitud sisusse.  <\/p>\t\t\t\t<\/div>\n\t\t\t\t\t<\/div>\n\t\t\t\t<\/div>\n\t\t<div class=\"elementor-element elementor-element-e08c927 e-flex e-con-boxed e-con e-child\" data-id=\"e08c927\" data-element_type=\"container\" data-e-type=\"container\" data-settings=\"{&quot;background_background&quot;:&quot;classic&quot;}\">\n\t\t\t\t\t<div class=\"e-con-inner\">\n\t\t\t\t<div class=\"elementor-element elementor-element-d364d06 elementor-widget elementor-widget-heading\" data-id=\"d364d06\" data-element_type=\"widget\" data-e-type=\"widget\" data-widget_type=\"heading.default\">\n\t\t\t\t\t<h3 class=\"elementor-heading-title elementor-size-default\">Lokaliseerimine<br><br><\/h3>\t\t\t\t<\/div>\n\t\t\t\t<div class=\"elementor-element elementor-element-0327091 elementor-widget elementor-widget-heading\" data-id=\"0327091\" data-element_type=\"widget\" data-e-type=\"widget\" data-widget_type=\"heading.default\">\n\t\t\t\t\t<p class=\"elementor-heading-title elementor-size-default\">Lokaliseerimine h\u00f5lmab sisu kohandamist sihtkeelele ja -kultuurile.\nSee h\u00f5lmab sobivate idiootide, v\u00e4ljendite ja s\u00f5navara kasutamist, tagades, et sisu k\u00f5netab sihtr\u00fchma. <\/p>\t\t\t\t<\/div>\n\t\t\t\t\t<\/div>\n\t\t\t\t<\/div>\n\t\t<div class=\"elementor-element elementor-element-940a316 e-flex e-con-boxed e-con e-child\" data-id=\"940a316\" data-element_type=\"container\" data-e-type=\"container\" data-settings=\"{&quot;background_background&quot;:&quot;classic&quot;}\">\n\t\t\t\t\t<div class=\"e-con-inner\">\n\t\t\t\t<div class=\"elementor-element elementor-element-9150b9e elementor-widget elementor-widget-heading\" data-id=\"9150b9e\" data-element_type=\"widget\" data-e-type=\"widget\" data-widget_type=\"heading.default\">\n\t\t\t\t\t<h3 class=\"elementor-heading-title elementor-size-default\">Lokaliseeritud m\u00e4rks\u00f5nade uurimine<\/h3>\t\t\t\t<\/div>\n\t\t\t\t<div class=\"elementor-element elementor-element-3706291 elementor-widget elementor-widget-heading\" data-id=\"3706291\" data-element_type=\"widget\" data-e-type=\"widget\" data-widget_type=\"heading.default\">\n\t\t\t\t\t<p class=\"elementor-heading-title elementor-size-default\">Lisaks m\u00e4rks\u00f5nade uurimisele ja anal\u00fc\u00fcsile l\u00e4htekeeles viivad meie SEO-t\u00f5lkijad l\u00e4bi ka lokaliseeritud m\u00e4rks\u00f5nade uurimist, et tagada, et t\u00f5lgitud sisu on optimeeritud kohalike otsingumootorite jaoks ja kajastab sihtkeele n\u00fcansse.<\/p>\t\t\t\t<\/div>\n\t\t\t\t\t<\/div>\n\t\t\t\t<\/div>\n\t\t\t\t\t<\/div>\n\t\t\t\t<\/div>\n\t\t<div class=\"elementor-element elementor-element-d7af970 e-flex e-con-boxed e-con e-child\" data-id=\"d7af970\" data-element_type=\"container\" data-e-type=\"container\">\n\t\t\t\t\t<div class=\"e-con-inner\">\n\t\t<div class=\"elementor-element elementor-element-7efe1ff e-flex e-con-boxed e-con e-child\" data-id=\"7efe1ff\" data-element_type=\"container\" data-e-type=\"container\" data-settings=\"{&quot;background_background&quot;:&quot;classic&quot;}\">\n\t\t\t\t\t<div class=\"e-con-inner\">\n\t\t\t\t<div class=\"elementor-element elementor-element-1dbccd6 elementor-widget elementor-widget-heading\" data-id=\"1dbccd6\" data-element_type=\"widget\" data-e-type=\"widget\" data-widget_type=\"heading.default\">\n\t\t\t\t\t<h3 class=\"elementor-heading-title elementor-size-default\">Kultuuriline kohanemine<\/h3>\t\t\t\t<\/div>\n\t\t\t\t<div class=\"elementor-element elementor-element-5287fa6 elementor-widget elementor-widget-heading\" data-id=\"5287fa6\" data-element_type=\"widget\" data-e-type=\"widget\" data-widget_type=\"heading.default\">\n\t\t\t\t\t<p class=\"elementor-heading-title elementor-size-default\">SEO-t\u00f5lketeenused h\u00f5lmavad ka kultuurilist kohandamist, et tagada t\u00f5lgitud sisu kultuuriliselt sobiv ja asjakohane sihtr\u00fchmale.\nSee h\u00f5lmab sisu kohandamist kohalike tavade, traditsioonide ja sotsiaalsete normidega. <\/p>\t\t\t\t<\/div>\n\t\t\t\t\t<\/div>\n\t\t\t\t<\/div>\n\t\t<div class=\"elementor-element elementor-element-f888876 e-flex e-con-boxed e-con e-child\" data-id=\"f888876\" data-element_type=\"container\" data-e-type=\"container\" data-settings=\"{&quot;background_background&quot;:&quot;classic&quot;}\">\n\t\t\t\t\t<div class=\"e-con-inner\">\n\t\t\t\t<div class=\"elementor-element elementor-element-332afb3 elementor-widget elementor-widget-heading\" data-id=\"332afb3\" data-element_type=\"widget\" data-e-type=\"widget\" data-widget_type=\"heading.default\">\n\t\t\t\t\t<h3 class=\"elementor-heading-title elementor-size-default\">Sisu loomine<\/h3>\t\t\t\t<\/div>\n\t\t\t\t<div class=\"elementor-element elementor-element-d02a223 elementor-widget elementor-widget-heading\" data-id=\"d02a223\" data-element_type=\"widget\" data-e-type=\"widget\" data-widget_type=\"heading.default\">\n\t\t\t\t\t<p class=\"elementor-heading-title elementor-size-default\">Lisaks olemasoleva veebisaidi sisu t\u00f5lkimisele h\u00f5lmavad SEO-t\u00f5lketeenused ka sisu loomist sihtkeeles.\nMeie meeskond v\u00f5ib luua kvaliteetset SEO-optimeeritud sisu nullist, et see vastaks teie sihtr\u00fchma erivajadustele. <\/p>\t\t\t\t<\/div>\n\t\t\t\t\t<\/div>\n\t\t\t\t<\/div>\n\t\t\t\t\t<\/div>\n\t\t\t\t<\/div>\n\t\t\t\t<div class=\"elementor-element elementor-element-9daac18 elementor-widget elementor-widget-heading\" data-id=\"9daac18\" data-element_type=\"widget\" data-e-type=\"widget\" data-widget_type=\"heading.default\">\n\t\t\t\t\t<h3 class=\"elementor-heading-title elementor-size-default\">Kui soovite laiendada oma \u00e4ri rahvusvahelistele turgudele ja parandada oma otsingumootori positsiooni mitmes keeles, v\u00f5ivad meie SEO-t\u00f5lketeenused teid aidata.  <\/h3>\t\t\t\t<\/div>\n\t\t\t\t<div class=\"elementor-element elementor-element-f8d74eb elementor-widget elementor-widget-heading\" data-id=\"f8d74eb\" data-element_type=\"widget\" data-e-type=\"widget\" data-widget_type=\"heading.default\">\n\t\t\t\t\t<h2 class=\"elementor-heading-title elementor-size-default\">V\u00f5tke meiega \u00fchendust, et saada individuaalne hinnapakkumine ja astuge esimene samm globaalse edu suunas.<\/h2>\t\t\t\t<\/div>\n\t\t\t\t<div class=\"elementor-element elementor-element-6f8c1a1 elementor-align-center elementor-widget elementor-widget-button\" data-id=\"6f8c1a1\" data-element_type=\"widget\" data-e-type=\"widget\" data-widget_type=\"button.default\">\n\t\t\t\t\t\t\t\t\t\t<a class=\"elementor-button elementor-button-link elementor-size-sm\" href=\"https:\/\/www.digimedia.lv\/et\/kontakt\/\">\n\t\t\t\t\t\t<span class=\"elementor-button-content-wrapper\">\n\t\t\t\t\t\t\t\t\t<span class=\"elementor-button-text\">KONTAKT!<\/span>\n\t\t\t\t\t<\/span>\n\t\t\t\t\t<\/a>\n\t\t\t\t\t\t\t\t<\/div>\n\t\t\t\t\t<\/div>\n\t\t\t\t<\/div>\n\t\t\t\t\t<\/div>\n\t\t\t\t<\/div>\n\t\t\t\t<div class=\"elementor-element elementor-element-ba43e45 elementor-widget elementor-widget-spacer\" data-id=\"ba43e45\" data-element_type=\"widget\" data-e-type=\"widget\" data-widget_type=\"spacer.default\">\n\t\t\t\t\t\t\t<div class=\"elementor-spacer\">\n\t\t\t<div class=\"elementor-spacer-inner\"><\/div>\n\t\t<\/div>\n\t\t\t\t\t\t<\/div>\n\t\t\t\t\t<\/div>\n\t\t\t\t<\/div>\n\t\t\t\t<\/div>\n\t\t","protected":false},"excerpt":{"rendered":"<p>SEO t\u00f5lge Parandage oma n\u00e4htavust otsingumootorites ja edastage kvaliteetset sisu laiemale publikule. SEO-t\u00f5lge on iga rahvusvahelise \u00e4ristrateegia oluline osa, sest see v\u00f5imaldab ettev\u00f5tetel j\u00f5uda \u00fclemaailmse publikuni ja parandada oma otsingumootori positsiooni mitmes keeles. Selles jaotises uurime, mis on SEO-t\u00f5lge, selle funktsioone, eeliseid ja \u00fcleskutset. Kuidas t\u00f6\u00f6tab SEO-t\u00f5lge? V\u00f5tmes\u00f5nade uurimine ja anal\u00fc\u00fcs V\u00f5tmes\u00f5nade uurimine ja anal\u00fc\u00fcs [&hellip;]<\/p>\n","protected":false},"author":1,"featured_media":0,"parent":0,"menu_order":0,"comment_status":"closed","ping_status":"closed","template":"","meta":{"inline_featured_image":false,"footnotes":""},"class_list":["post-4675","page","type-page","status-publish","hentry"],"aioseo_notices":[],"_links":{"self":[{"href":"https:\/\/www.digimedia.lv\/et\/wp-json\/wp\/v2\/pages\/4675","targetHints":{"allow":["GET"]}}],"collection":[{"href":"https:\/\/www.digimedia.lv\/et\/wp-json\/wp\/v2\/pages"}],"about":[{"href":"https:\/\/www.digimedia.lv\/et\/wp-json\/wp\/v2\/types\/page"}],"author":[{"embeddable":true,"href":"https:\/\/www.digimedia.lv\/et\/wp-json\/wp\/v2\/users\/1"}],"replies":[{"embeddable":true,"href":"https:\/\/www.digimedia.lv\/et\/wp-json\/wp\/v2\/comments?post=4675"}],"version-history":[{"count":1,"href":"https:\/\/www.digimedia.lv\/et\/wp-json\/wp\/v2\/pages\/4675\/revisions"}],"predecessor-version":[{"id":4677,"href":"https:\/\/www.digimedia.lv\/et\/wp-json\/wp\/v2\/pages\/4675\/revisions\/4677"}],"wp:attachment":[{"href":"https:\/\/www.digimedia.lv\/et\/wp-json\/wp\/v2\/media?parent=4675"}],"curies":[{"name":"wp","href":"https:\/\/api.w.org\/{rel}","templated":true}]}}