{"id":4669,"date":"2024-08-06T08:10:47","date_gmt":"2024-08-06T06:10:47","guid":{"rendered":"https:\/\/www.digimedia.lv\/meie-kohta\/"},"modified":"2024-09-13T09:07:08","modified_gmt":"2024-09-13T07:07:08","slug":"meie-kohta","status":"publish","type":"page","link":"https:\/\/www.digimedia.lv\/et\/meie-kohta\/","title":{"rendered":"Meie kohta"},"content":{"rendered":"\t\t<div data-elementor-type=\"wp-page\" data-elementor-id=\"4669\" class=\"elementor elementor-4669\" data-elementor-post-type=\"page\">\n\t\t\t\t<div class=\"elementor-element elementor-element-41fbe81 e-flex e-con-boxed e-con e-parent\" data-id=\"41fbe81\" data-element_type=\"container\" data-e-type=\"container\" data-settings=\"{&quot;background_background&quot;:&quot;classic&quot;}\">\n\t\t\t\t\t<div class=\"e-con-inner\">\n\t\t\t\t<div class=\"elementor-element elementor-element-d4242a0 elementor-widget elementor-widget-heading\" data-id=\"d4242a0\" data-element_type=\"widget\" data-e-type=\"widget\" data-widget_type=\"heading.default\">\n\t\t\t\t\t<h1 class=\"elementor-heading-title elementor-size-default\">HELI OMA INSPIRATSIOONI EEST!<\/h1>\t\t\t\t<\/div>\n\t\t<div class=\"elementor-element elementor-element-6f5ea7f e-flex e-con-boxed e-con e-child\" data-id=\"6f5ea7f\" data-element_type=\"container\" data-e-type=\"container\" data-settings=\"{&quot;background_background&quot;:&quot;classic&quot;}\">\n\t\t\t\t\t<div class=\"e-con-inner\">\n\t\t<div class=\"elementor-element elementor-element-8c54152 e-flex e-con-boxed e-con e-child\" data-id=\"8c54152\" data-element_type=\"container\" data-e-type=\"container\">\n\t\t\t\t\t<div class=\"e-con-inner\">\n\t\t<div class=\"elementor-element elementor-element-6a8c45e e-con-full e-flex e-con e-child\" data-id=\"6a8c45e\" data-element_type=\"container\" data-e-type=\"container\">\n\t\t\t\t<div class=\"elementor-element elementor-element-460b263 elementor-hidden-mobile elementor-widget elementor-widget-heading\" data-id=\"460b263\" data-element_type=\"widget\" data-e-type=\"widget\" data-widget_type=\"heading.default\">\n\t\t\t\t\t<h3 class=\"elementor-heading-title elementor-size-default\"><span class=\"section-title\">Digi Media kohta<\/span><\/h3>\t\t\t\t<\/div>\n\t\t\t\t<div class=\"elementor-element elementor-element-23c0192 elementor-hidden-desktop elementor-hidden-laptop elementor-hidden-tablet elementor-widget elementor-widget-heading\" data-id=\"23c0192\" data-element_type=\"widget\" data-e-type=\"widget\" data-widget_type=\"heading.default\">\n\t\t\t\t\t<h3 class=\"elementor-heading-title elementor-size-default\"><span class=\"mobile-title\">Digi Media kohta<\/span><\/h3>\t\t\t\t<\/div>\n\t\t\t\t<div class=\"elementor-element elementor-element-56e4c21 elementor-widget elementor-widget-text-editor\" data-id=\"56e4c21\" data-element_type=\"widget\" data-e-type=\"widget\" data-widget_type=\"text-editor.default\">\n\t\t\t\t\t\t\t\t\t<p>Digi Media on teie juhtiv Balti partner, kes pakub terviklikke lokaliseerimisteenuseid Balti, ELi ja USA turgudele.<\/p>\n<p>&nbsp;Rohkem kui 15-aastase kogemusega t\u00f6\u00f6tame aastas \u00fcle 20 000 projekti, teenindades rohkem kui 300 klienti, kelle meeskonnas t\u00f6\u00f6tab \u00fcle 600 kogenud t\u00f5lkija.<\/p>\n<p>Meie 20 tipptasemel stuudiot Eestis, L\u00e4tis ja Leedus pakuvad parima kvaliteediga t\u00f5lkeid, lokaliseerimist, videom\u00e4ngude helikujundust, subtiitreid, dubleerimist, kommertsalvestusi, turundust\u00f5lkeid, audio- ja videot\u00f5lkeid, audiojuhendeid ja audioraamatuid.<\/p>\n<p>Me muudame sisu oskuslikult nii, et see leiaks maailmas vastukaja, tagades, et teie s\u00f5num on m\u00f5jus ja t\u00e4pne.\nMe viime teie visiooni ellu, olles spetsialiseerunud vene, ukraina ja soome keelele. <\/p>\n<p class=\"MsoNormal\">\u00dchendades t\u00f6\u00f6stuse k\u00f5rgeimad standardid meie kirega, j\u00e4rgime moto &#8220;SOUND FOR YOUR INSPIRATION&#8221;.<o:p><\/o:p><\/p>\t\t\t\t\t\t\t\t<\/div>\n\t\t\t\t<\/div>\n\t\t<div class=\"elementor-element elementor-element-7013610 e-con-full e-flex e-con e-child\" data-id=\"7013610\" data-element_type=\"container\" data-e-type=\"container\" data-settings=\"{&quot;background_background&quot;:&quot;classic&quot;}\">\n\t\t\t\t<\/div>\n\t\t\t\t\t<\/div>\n\t\t\t\t<\/div>\n\t\t\t\t<div class=\"elementor-element elementor-element-41055a8 elementor-hidden-mobile elementor-widget elementor-widget-heading\" data-id=\"41055a8\" data-element_type=\"widget\" data-e-type=\"widget\" data-widget_type=\"heading.default\">\n\t\t\t\t\t<h2 class=\"elementor-heading-title elementor-size-default\"><span class=\"section-title\">Missioon<\/span><\/h2>\t\t\t\t<\/div>\n\t\t\t\t<div class=\"elementor-element elementor-element-026036a elementor-hidden-desktop elementor-hidden-laptop elementor-hidden-tablet elementor-widget elementor-widget-heading\" data-id=\"026036a\" data-element_type=\"widget\" data-e-type=\"widget\" data-widget_type=\"heading.default\">\n\t\t\t\t\t<h3 class=\"elementor-heading-title elementor-size-default\"><span class=\"mobile-title\">Missioon<\/span><\/h3>\t\t\t\t<\/div>\n\t\t\t\t<div class=\"elementor-element elementor-element-885d534 elementor-widget elementor-widget-text-editor\" data-id=\"885d534\" data-element_type=\"widget\" data-e-type=\"widget\" data-widget_type=\"text-editor.default\">\n\t\t\t\t\t\t\t\t\t<p>Digi Media eesm\u00e4rk on pakkuda kvaliteetseid lokaliseerimise, video- ja helitootmise ning j\u00e4reltootmise teenuseid, mis parandavad \u00fclemaailmse sisu k\u00e4ttesaadavust ja kaasatust.<\/p>\n<p>Kasutades oma teadmisi, pakume klientidele t\u00e4pseid ja loomingulisi lahendusi, tagades, et nende s\u00f5numid j\u00f5uavad ja leiavad t\u00f5husat vastukaja erinevatel turgudel.<\/p>\n<p>Teenindame paljusid t\u00f6\u00f6stusharusid, sealhulgas meelelahutus- ja telemeedia, videom\u00e4ngud, tehnoloogia ja tarkvara, turundus ja reklaam, e-\u00f5pe ja haridus, muuseumid ja \u00e4riteenused.<\/p>\n\t\t\t\t\t\t\t\t<\/div>\n\t\t\t\t<div class=\"elementor-element elementor-element-9ae356a elementor-hidden-mobile elementor-widget elementor-widget-heading\" data-id=\"9ae356a\" data-element_type=\"widget\" data-e-type=\"widget\" data-widget_type=\"heading.default\">\n\t\t\t\t\t<h2 class=\"elementor-heading-title elementor-size-default\"><span class=\"section-title\">Visioon  <\/span><\/h2>\t\t\t\t<\/div>\n\t\t\t\t<div class=\"elementor-element elementor-element-1a1876c elementor-hidden-desktop elementor-hidden-laptop elementor-hidden-tablet elementor-widget elementor-widget-heading\" data-id=\"1a1876c\" data-element_type=\"widget\" data-e-type=\"widget\" data-widget_type=\"heading.default\">\n\t\t\t\t\t<h3 class=\"elementor-heading-title elementor-size-default\"><span class=\"mobile-title\">Visioon<\/span><\/h3>\t\t\t\t<\/div>\n\t\t\t\t<div class=\"elementor-element elementor-element-9f4c611 elementor-widget elementor-widget-text-editor\" data-id=\"9f4c611\" data-element_type=\"widget\" data-e-type=\"widget\" data-widget_type=\"text-editor.default\">\n\t\t\t\t\t\t\t\t\t<p>saada juhtivaks lokaliseerimise ja helitootmise partneriks Baltikumis ja \u00fclej\u00e4\u00e4nud ELis ning saada USAs tunnustust meie uuenduslikkuse, tipptaseme ja p\u00fchendumise eest muuta sisu nautimise viisi kogu maailmas.<\/p>\n\t\t\t\t\t\t\t\t<\/div>\n\t\t\t\t<div class=\"elementor-element elementor-element-19d57c3 elementor-hidden-mobile elementor-widget elementor-widget-heading\" data-id=\"19d57c3\" data-element_type=\"widget\" data-e-type=\"widget\" data-widget_type=\"heading.default\">\n\t\t\t\t\t<h2 class=\"elementor-heading-title elementor-size-default\"><span class=\"section-title\">V\u00e4\u00e4rtused<\/span><\/h2>\t\t\t\t<\/div>\n\t\t\t\t<div class=\"elementor-element elementor-element-4e4a0d8 elementor-hidden-desktop elementor-hidden-laptop elementor-hidden-tablet elementor-widget elementor-widget-heading\" data-id=\"4e4a0d8\" data-element_type=\"widget\" data-e-type=\"widget\" data-widget_type=\"heading.default\">\n\t\t\t\t\t<h3 class=\"elementor-heading-title elementor-size-default\"><span class=\"mobile-title\">V\u00e4\u00e4rtused<\/span><\/h3>\t\t\t\t<\/div>\n\t\t\t\t<div class=\"elementor-element elementor-element-34118f6 elementor-widget elementor-widget-text-editor\" data-id=\"34118f6\" data-element_type=\"widget\" data-e-type=\"widget\" data-widget_type=\"text-editor.default\">\n\t\t\t\t\t\t\t\t\t<p><strong>\u2714<\/strong><strong> Tipptase: <\/strong>me s\u00e4ilitame k\u00f5rgeimad standardid igas projektis<strong>. <\/strong><\/p>\n<p><strong>\u2714<\/strong><strong> Innovatsioon: <\/strong>kasutame pidevalt uusi tehnoloogiaid ja meetodeid<strong>. <\/strong><\/p>\n<p><strong>\u2714<\/strong><strong> Ausus: <\/strong>Teeme \u00e4ri l\u00e4bipaistvalt ja professionaalselt<strong>. <\/strong><\/p>\n<p><strong>\u2714<\/strong><strong> Koost\u00f6\u00f6: <\/strong>tugevate suhete s\u00e4ilitamine klientide ja partneritega<\/p>\n<p><strong>\u2714<\/strong><strong> Loovus: <\/strong>me julgustame kunstilist v\u00e4ljendusoskust ja unikaalseid lahendusi.<\/p>\n\t\t\t\t\t\t\t\t<\/div>\n\t\t\t\t<div class=\"elementor-element elementor-element-6cd7608 elementor-hidden-mobile elementor-widget elementor-widget-heading\" data-id=\"6cd7608\" data-element_type=\"widget\" data-e-type=\"widget\" data-widget_type=\"heading.default\">\n\t\t\t\t\t<h2 class=\"elementor-heading-title elementor-size-default\"><span class=\"section-title\">Unikaalsed m\u00fc\u00fcgipunktid (UPP)<\/span><\/h2>\t\t\t\t<\/div>\n\t\t\t\t<div class=\"elementor-element elementor-element-b04ff77 elementor-hidden-desktop elementor-hidden-laptop elementor-hidden-tablet elementor-widget elementor-widget-heading\" data-id=\"b04ff77\" data-element_type=\"widget\" data-e-type=\"widget\" data-widget_type=\"heading.default\">\n\t\t\t\t\t<h3 class=\"elementor-heading-title elementor-size-default\"><span class=\"mobile-title\">Unikaalsed m\u00fc\u00fcgipunktid (UPP)<\/span><\/h3>\t\t\t\t<\/div>\n\t\t\t\t<div class=\"elementor-element elementor-element-6d359c6 elementor-widget elementor-widget-text-editor\" data-id=\"6d359c6\" data-element_type=\"widget\" data-e-type=\"widget\" data-widget_type=\"text-editor.default\">\n\t\t\t\t\t\t\t\t\t<p><strong>\u2714<\/strong><strong> Meie enda tootmine<\/strong> ja 20 tippklassi stuudiot<\/p>\n<p><strong>\u2714<\/strong><strong> K\u00f5rge tootmisv\u00f5imsus:<\/strong> t\u00f6\u00f6tleme igal aastal 20 000+ projekti.<\/p>\n<p><strong>\u2714<\/strong><strong> V\u00e4\u00e4rtusp\u00f5hine hinnakujundus<\/strong><\/p>\n<p><strong>\u2714<\/strong><strong> Ekspertide meeskond: <\/strong>600+ valdkonna eksperti ja 26 kvalifitseeritud helioperaatorit<\/p>\n<p><strong>\u2714<\/strong><strong> \u00dclemaailmne m\u00f5ju: <\/strong>ELi tugev kohalolek kogu maailmas<\/p>\n<p><strong>\u2714<\/strong><strong> Meid usaldavad suured kaubam\u00e4rgid ja valdkonna liidrid Paramount\/Viacom <\/strong>, Warner Bros., Discovery, Deutsche Welle, BBC ja TV3 Baltics.<\/p>\n<p><strong>\u2714<\/strong><strong> P\u00f5hjalikud lahendused<\/strong><\/p>\n<p><strong>\u2714<\/strong><strong> Voice Academy: <\/strong>t\u00f6\u00f6stuse j\u00e4rgmise p\u00f5lvkonna talentide kasvatamine<\/p>\n\t\t\t\t\t\t\t\t<\/div>\n\t\t\t\t<div class=\"elementor-element elementor-element-cb72f9a elementor-widget elementor-widget-button\" data-id=\"cb72f9a\" data-element_type=\"widget\" data-e-type=\"widget\" data-widget_type=\"button.default\">\n\t\t\t\t\t\t\t\t\t\t<a class=\"elementor-button elementor-button-link elementor-size-sm\" href=\"https:\/\/www.digimedia.lv\/et\/kontakt\/\">\n\t\t\t\t\t\t<span class=\"elementor-button-content-wrapper\">\n\t\t\t\t\t\t\t\t\t<span class=\"elementor-button-text\">SAADA P\u00dc\u00dcSIMUS<\/span>\n\t\t\t\t\t<\/span>\n\t\t\t\t\t<\/a>\n\t\t\t\t\t\t\t\t<\/div>\n\t\t\t\t\t<\/div>\n\t\t\t\t<\/div>\n\t\t<div class=\"elementor-element elementor-element-eba97da e-grid e-con-full e-con e-child\" data-id=\"eba97da\" data-element_type=\"container\" data-e-type=\"container\">\n\t\t\t\t<div class=\"elementor-element elementor-element-c8d5600 elementor-widget elementor-widget-image\" data-id=\"c8d5600\" data-element_type=\"widget\" data-e-type=\"widget\" data-widget_type=\"image.default\">\n\t\t\t\t\t\t\t\t\t\t\t\t\t\t\t<img decoding=\"async\" width=\"300\" height=\"140\" src=\"https:\/\/www.digimedia.lv\/wp-content\/uploads\/2024\/06\/Gold-Logo-1024x479-1-300x140.png\" class=\"attachment-medium size-medium wp-image-1922\" alt=\"TPN gold\" srcset=\"https:\/\/www.digimedia.lv\/wp-content\/uploads\/2024\/06\/Gold-Logo-1024x479-1-300x140.png 300w, https:\/\/www.digimedia.lv\/wp-content\/uploads\/2024\/06\/Gold-Logo-1024x479-1-768x359.png 768w, https:\/\/www.digimedia.lv\/wp-content\/uploads\/2024\/06\/Gold-Logo-1024x479-1.png 1024w\" sizes=\"(max-width: 300px) 100vw, 300px\" \/>\t\t\t\t\t\t\t\t\t\t\t\t\t\t\t<\/div>\n\t\t\t\t<div class=\"elementor-element elementor-element-502993e elementor-widget elementor-widget-image\" data-id=\"502993e\" data-element_type=\"widget\" data-e-type=\"widget\" data-widget_type=\"image.default\">\n\t\t\t\t\t\t\t\t\t\t\t\t\t\t\t<img fetchpriority=\"high\" decoding=\"async\" width=\"300\" height=\"188\" src=\"https:\/\/www.digimedia.lv\/wp-content\/uploads\/2024\/07\/Dolby-Atmos-Logo-500x313_white-300x188.png\" class=\"attachment-medium size-medium wp-image-2437\" alt=\"Dolby Sound\" srcset=\"https:\/\/www.digimedia.lv\/wp-content\/uploads\/2024\/07\/Dolby-Atmos-Logo-500x313_white-300x188.png 300w, https:\/\/www.digimedia.lv\/wp-content\/uploads\/2024\/07\/Dolby-Atmos-Logo-500x313_white.png 500w\" sizes=\"(max-width: 300px) 100vw, 300px\" \/>\t\t\t\t\t\t\t\t\t\t\t\t\t\t\t<\/div>\n\t\t\t\t<\/div>\n\t\t\t\t\t<\/div>\n\t\t\t\t<\/div>\n\t\t\t\t<\/div>\n\t\t","protected":false},"excerpt":{"rendered":"<p>HELI OMA INSPIRATSIOONI EEST! Digi Media kohta Digi Media kohta Digi Media on teie juhtiv Balti partner, kes pakub terviklikke lokaliseerimisteenuseid Balti, ELi ja USA turgudele. &nbsp;Rohkem kui 15-aastase kogemusega t\u00f6\u00f6tame aastas \u00fcle 20 000 projekti, teenindades rohkem kui 300 klienti, kelle meeskonnas t\u00f6\u00f6tab \u00fcle 600 kogenud t\u00f5lkija. Meie 20 tipptasemel stuudiot Eestis, L\u00e4tis ja [&hellip;]<\/p>\n","protected":false},"author":1,"featured_media":0,"parent":0,"menu_order":0,"comment_status":"closed","ping_status":"closed","template":"","meta":{"inline_featured_image":false,"footnotes":""},"class_list":["post-4669","page","type-page","status-publish","hentry"],"aioseo_notices":[],"_links":{"self":[{"href":"https:\/\/www.digimedia.lv\/et\/wp-json\/wp\/v2\/pages\/4669","targetHints":{"allow":["GET"]}}],"collection":[{"href":"https:\/\/www.digimedia.lv\/et\/wp-json\/wp\/v2\/pages"}],"about":[{"href":"https:\/\/www.digimedia.lv\/et\/wp-json\/wp\/v2\/types\/page"}],"author":[{"embeddable":true,"href":"https:\/\/www.digimedia.lv\/et\/wp-json\/wp\/v2\/users\/1"}],"replies":[{"embeddable":true,"href":"https:\/\/www.digimedia.lv\/et\/wp-json\/wp\/v2\/comments?post=4669"}],"version-history":[{"count":1,"href":"https:\/\/www.digimedia.lv\/et\/wp-json\/wp\/v2\/pages\/4669\/revisions"}],"predecessor-version":[{"id":4670,"href":"https:\/\/www.digimedia.lv\/et\/wp-json\/wp\/v2\/pages\/4669\/revisions\/4670"}],"wp:attachment":[{"href":"https:\/\/www.digimedia.lv\/et\/wp-json\/wp\/v2\/media?parent=4669"}],"curies":[{"name":"wp","href":"https:\/\/api.w.org\/{rel}","templated":true}]}}