{"id":4667,"date":"2024-02-22T14:08:50","date_gmt":"2024-02-22T12:08:50","guid":{"rendered":"https:\/\/www.digimedia.lv\/turundusmaterjalide-tolkimine\/"},"modified":"2024-11-19T13:46:16","modified_gmt":"2024-11-19T11:46:16","slug":"turundusmaterjalide-tolkimine","status":"publish","type":"page","link":"https:\/\/www.digimedia.lv\/et\/turundusmaterjalide-tolkimine\/","title":{"rendered":"Turundusmaterjalide t\u00f5lkimine"},"content":{"rendered":"\t\t<div data-elementor-type=\"wp-page\" data-elementor-id=\"4667\" class=\"elementor elementor-4667\" data-elementor-post-type=\"page\">\n\t\t\t\t<div class=\"elementor-element elementor-element-ff5a9ec e-flex e-con-boxed e-con e-parent\" data-id=\"ff5a9ec\" data-element_type=\"container\" data-e-type=\"container\" data-settings=\"{&quot;background_background&quot;:&quot;classic&quot;}\">\n\t\t\t\t\t<div class=\"e-con-inner\">\n\t\t\t\t<div class=\"elementor-element elementor-element-2367897 elementor-widget elementor-widget-heading\" data-id=\"2367897\" data-element_type=\"widget\" data-e-type=\"widget\" data-widget_type=\"heading.default\">\n\t\t\t\t\t<h1 class=\"elementor-heading-title elementor-size-default\">Turundusmaterjalide t\u00f5lkimine<\/h1>\t\t\t\t<\/div>\n\t\t\t\t<div class=\"elementor-element elementor-element-77990b5 elementor-widget elementor-widget-heading\" data-id=\"77990b5\" data-element_type=\"widget\" data-e-type=\"widget\" data-widget_type=\"heading.default\">\n\t\t\t\t\t<h6 class=\"elementor-heading-title elementor-size-default\">Mitmekeelne turundus - vajalik iga teenusepakkuja v\u00f5i tootja jaoks.\nSoovi korral valmistame mitmesuguseid turundusmaterjale mitmes keeles - bro\u0161\u00fc\u00fcrid, kleebised, videod, esitlused ja muud materjalid. <\/h6>\t\t\t\t<\/div>\n\t\t<div class=\"elementor-element elementor-element-b1d08b0 e-flex e-con-boxed e-con e-child\" data-id=\"b1d08b0\" data-element_type=\"container\" data-e-type=\"container\">\n\t\t\t\t\t<div class=\"e-con-inner\">\n\t\t<div class=\"elementor-element elementor-element-61d41e9 e-flex e-con-boxed e-con e-child\" data-id=\"61d41e9\" data-element_type=\"container\" data-e-type=\"container\" data-settings=\"{&quot;background_background&quot;:&quot;classic&quot;}\">\n\t\t\t\t\t<div class=\"e-con-inner\">\n\t\t\t\t<div class=\"elementor-element elementor-element-d22bc03 elementor-widget elementor-widget-heading\" data-id=\"d22bc03\" data-element_type=\"widget\" data-e-type=\"widget\" data-widget_type=\"heading.default\">\n\t\t\t\t\t<h3 class=\"elementor-heading-title elementor-size-default\">Teeme teie s\u00f5numi arusaadavaks k\u00f5igis keeltes, andes sellele globaalse l\u00e4henemise.\nTeie kaubam\u00e4rk paistab silma erinevate turgude ja kultuuride jaoks kohandatud sisuga. <\/h3>\t\t\t\t<\/div>\n\t\t\t\t<div class=\"elementor-element elementor-element-9778948 elementor-widget elementor-widget-heading\" data-id=\"9778948\" data-element_type=\"widget\" data-e-type=\"widget\" data-widget_type=\"heading.default\">\n\t\t\t\t\t<h2 class=\"elementor-heading-title elementor-size-default\">Turundust\u00f5lgete t\u00e4htsus<\/h2>\t\t\t\t<\/div>\n\t\t\t\t<div class=\"elementor-element elementor-element-3489692 elementor-widget elementor-widget-heading\" data-id=\"3489692\" data-element_type=\"widget\" data-e-type=\"widget\" data-widget_type=\"heading.default\">\n\t\t\t\t\t<h2 class=\"elementor-heading-title elementor-size-default\">V\u00f5tke meiega \u00fchendust ja k\u00fcsige oma projekti kohta hinnapakkumine!<\/h2>\t\t\t\t<\/div>\n\t\t\t\t<div class=\"elementor-element elementor-element-433835a elementor-widget elementor-widget-heading\" data-id=\"433835a\" data-element_type=\"widget\" data-e-type=\"widget\" data-widget_type=\"heading.default\">\n\t\t\t\t\t<p class=\"elementor-heading-title elementor-size-default\">Turundust\u00f5lge h\u00f5lmab turundusmaterjalide, n\u00e4iteks bro\u0161\u00fc\u00fcride, tootekirjelduste, reklaamide, veebilehtede ja muude tekstide t\u00f5lkimist erinevatesse keeltesse.\nSelline t\u00f5lkimine ei n\u00f5ua mitte ainult keeleoskust, vaid ka kultuuriliste erinevuste ja turundusstrateegiate p\u00f5hjalikku m\u00f5istmist.\nTurundust\u00f5lked on h\u00e4davajalikud ettev\u00f5tetele, kes soovivad laieneda uutele turgudele ja luua kontakte eri riikide klientidega.\nPakume kvaliteetseid turundust\u00f5lketeenuseid igas suuruses ettev\u00f5tetele.\nMeie professionaalsete t\u00f5lkijate meeskonnal on aastatepikkune kogemus <a href=\"https:\/\/en.wikipedia.org\/wiki\/Marketing\">turundusmaterjalide<\/a> t\u00e4pse ja t\u00f5husa t\u00f5lkimise alal.\nTeeme tihedat koost\u00f6\u00f6d oma klientidega, et tagada nende turundusmaterjalide kohandamine sihtkeelele ja -kultuurile, s\u00e4ilitades samas originaals\u00f5numi ja -tooni.\nMe hoolitseme k\u00f5igi mitmekeelsete turundusmaterjalide eest k\u00f5igis vajaminevates riikides. anname teie projektile p\u00fchendunud projektijuhi, kes tegeleb k\u00f5igi \u00fclesannetega ja koordineerib koos teiega t\u00f6\u00f6 valmimist.        <\/p>\t\t\t\t<\/div>\n\t\t\t\t<div class=\"elementor-element elementor-element-bca15ec elementor-align-center elementor-widget elementor-widget-button\" data-id=\"bca15ec\" data-element_type=\"widget\" data-e-type=\"widget\" data-widget_type=\"button.default\">\n\t\t\t\t\t\t\t\t\t\t<a class=\"elementor-button elementor-button-link elementor-size-sm\" href=\"https:\/\/www.digimedia.lv\/et\/kontakt\/\">\n\t\t\t\t\t\t<span class=\"elementor-button-content-wrapper\">\n\t\t\t\t\t\t\t\t\t<span class=\"elementor-button-text\">KONTAKT!<\/span>\n\t\t\t\t\t<\/span>\n\t\t\t\t\t<\/a>\n\t\t\t\t\t\t\t\t<\/div>\n\t\t\t\t\t<\/div>\n\t\t\t\t<\/div>\n\t\t\t\t\t<\/div>\n\t\t\t\t<\/div>\n\t\t\t\t<div class=\"elementor-element elementor-element-f02f35d elementor-widget elementor-widget-spacer\" data-id=\"f02f35d\" data-element_type=\"widget\" data-e-type=\"widget\" data-widget_type=\"spacer.default\">\n\t\t\t\t\t\t\t<div class=\"elementor-spacer\">\n\t\t\t<div class=\"elementor-spacer-inner\"><\/div>\n\t\t<\/div>\n\t\t\t\t\t\t<\/div>\n\t\t\t\t\t<\/div>\n\t\t\t\t<\/div>\n\t\t\t\t<\/div>\n\t\t","protected":false},"excerpt":{"rendered":"<p>Turundusmaterjalide t\u00f5lkimine Mitmekeelne turundus &#8211; vajalik iga teenusepakkuja v\u00f5i tootja jaoks. Soovi korral valmistame mitmesuguseid turundusmaterjale mitmes keeles &#8211; bro\u0161\u00fc\u00fcrid, kleebised, videod, esitlused ja muud materjalid. Teeme teie s\u00f5numi arusaadavaks k\u00f5igis keeltes, andes sellele globaalse l\u00e4henemise. Teie kaubam\u00e4rk paistab silma erinevate turgude ja kultuuride jaoks kohandatud sisuga. Turundust\u00f5lgete t\u00e4htsus V\u00f5tke meiega \u00fchendust ja k\u00fcsige oma [&hellip;]<\/p>\n","protected":false},"author":1,"featured_media":0,"parent":0,"menu_order":0,"comment_status":"closed","ping_status":"closed","template":"","meta":{"inline_featured_image":false,"footnotes":""},"class_list":["post-4667","page","type-page","status-publish","hentry"],"aioseo_notices":[],"_links":{"self":[{"href":"https:\/\/www.digimedia.lv\/et\/wp-json\/wp\/v2\/pages\/4667","targetHints":{"allow":["GET"]}}],"collection":[{"href":"https:\/\/www.digimedia.lv\/et\/wp-json\/wp\/v2\/pages"}],"about":[{"href":"https:\/\/www.digimedia.lv\/et\/wp-json\/wp\/v2\/types\/page"}],"author":[{"embeddable":true,"href":"https:\/\/www.digimedia.lv\/et\/wp-json\/wp\/v2\/users\/1"}],"replies":[{"embeddable":true,"href":"https:\/\/www.digimedia.lv\/et\/wp-json\/wp\/v2\/comments?post=4667"}],"version-history":[{"count":1,"href":"https:\/\/www.digimedia.lv\/et\/wp-json\/wp\/v2\/pages\/4667\/revisions"}],"predecessor-version":[{"id":4668,"href":"https:\/\/www.digimedia.lv\/et\/wp-json\/wp\/v2\/pages\/4667\/revisions\/4668"}],"wp:attachment":[{"href":"https:\/\/www.digimedia.lv\/et\/wp-json\/wp\/v2\/media?parent=4667"}],"curies":[{"name":"wp","href":"https:\/\/api.w.org\/{rel}","templated":true}]}}