{"id":4639,"date":"2024-02-22T15:35:53","date_gmt":"2024-02-22T13:35:53","guid":{"rendered":"https:\/\/www.digimedia.lv\/audiogids\/"},"modified":"2024-10-22T11:38:40","modified_gmt":"2024-10-22T09:38:40","slug":"audiogids","status":"publish","type":"page","link":"https:\/\/www.digimedia.lv\/et\/audiogids\/","title":{"rendered":"Audiogiid"},"content":{"rendered":"\t\t<div data-elementor-type=\"wp-page\" data-elementor-id=\"4639\" class=\"elementor elementor-4639\" data-elementor-post-type=\"page\">\n\t\t\t\t<div class=\"elementor-element elementor-element-c3a1c01 e-flex e-con-boxed e-con e-parent\" data-id=\"c3a1c01\" data-element_type=\"container\" data-e-type=\"container\" data-settings=\"{&quot;background_background&quot;:&quot;classic&quot;}\">\n\t\t\t\t\t<div class=\"e-con-inner\">\n\t\t\t\t<div class=\"elementor-element elementor-element-4bd702d elementor-widget elementor-widget-heading\" data-id=\"4bd702d\" data-element_type=\"widget\" data-e-type=\"widget\" data-widget_type=\"heading.default\">\n\t\t\t\t\t<h1 class=\"elementor-heading-title elementor-size-default\">Audiogiid<\/h1>\t\t\t\t<\/div>\n\t\t\t\t<div class=\"elementor-element elementor-element-2475a55 elementor-widget elementor-widget-heading\" data-id=\"2475a55\" data-element_type=\"widget\" data-e-type=\"widget\" data-widget_type=\"heading.default\">\n\t\t\t\t\t<h3 class=\"elementor-heading-title elementor-size-default\">Parandage oma k\u00fclastuskogemust spetsiaalselt muuseumide, galeriide ja mitmesuguste turismiobjektide jaoks m\u00f5eldud audiogiidiga.  <\/h3>\t\t\t\t<\/div>\n\t\t<div class=\"elementor-element elementor-element-bddca53 e-flex e-con-boxed e-con e-child\" data-id=\"bddca53\" data-element_type=\"container\" data-e-type=\"container\" data-settings=\"{&quot;background_background&quot;:&quot;classic&quot;}\">\n\t\t\t\t\t<div class=\"e-con-inner\">\n\t\t<div class=\"elementor-element elementor-element-1d71ddd e-flex e-con-boxed e-con e-child\" data-id=\"1d71ddd\" data-element_type=\"container\" data-e-type=\"container\">\n\t\t\t\t\t<div class=\"e-con-inner\">\n\t\t<div class=\"elementor-element elementor-element-e059a34 e-flex e-con-boxed e-con e-child\" data-id=\"e059a34\" data-element_type=\"container\" data-e-type=\"container\">\n\t\t\t\t\t<div class=\"e-con-inner\">\n\t\t\t\t<div class=\"elementor-element elementor-element-e7ca396 elementor-widget elementor-widget-heading\" data-id=\"e7ca396\" data-element_type=\"widget\" data-e-type=\"widget\" data-widget_type=\"heading.default\">\n\t\t\t\t\t<h2 class=\"elementor-heading-title elementor-size-default\">Pakume eri h\u00e4\u00e4lega salvestatud audiogiide mitmes keeles:  <\/h2>\t\t\t\t<\/div>\n\t\t\t\t<div class=\"elementor-element elementor-element-91823f7 elementor-widget elementor-widget-text-editor\" data-id=\"91823f7\" data-element_type=\"widget\" data-e-type=\"widget\" data-widget_type=\"text-editor.default\">\n\t\t\t\t\t\t\t\t\t<p><span style=\"font-weight: 400;\">L\u00e4ti, leedu, eesti, vene, ukraina, inglise, soome, l\u00e4ti, eesti, vene, ukraina, soome<\/span><\/p>\n\t\t\t\t\t\t\t\t<\/div>\n\t\t\t\t<div class=\"elementor-element elementor-element-3edaa85 elementor-widget elementor-widget-heading\" data-id=\"3edaa85\" data-element_type=\"widget\" data-e-type=\"widget\" data-widget_type=\"heading.default\">\n\t\t\t\t\t<h2 class=\"elementor-heading-title elementor-size-default\">Audiogiidid on suurep\u00e4rane viis uue koha avastamiseks ning selle ajaloo ja kultuuri tundma\u00f5ppimiseks.\nNeed on ideaalsed kaaslased turistidele, kes eelistavad uurida oma tempot ja tingimusi.\nSelles jaotises tutvustame \u00fcksikasjalikult audiogiide, sealhulgas nende omadusi, eeliseid ja hindu.    <\/h2>\t\t\t\t<\/div>\n\t\t\t\t\t<\/div>\n\t\t\t\t<\/div>\n\t\t<div class=\"elementor-element elementor-element-4445641 e-con-full e-flex e-con e-child\" data-id=\"4445641\" data-element_type=\"container\" data-e-type=\"container\">\n\t\t\t\t<div class=\"elementor-element elementor-element-1bd9d0a elementor-widget elementor-widget-image\" data-id=\"1bd9d0a\" data-element_type=\"widget\" data-e-type=\"widget\" data-widget_type=\"image.default\">\n\t\t\t\t\t\t\t\t\t\t\t\t\t\t\t<img decoding=\"async\" src=\"https:\/\/www.digimedia.lv\/wp-content\/uploads\/2024\/03\/Audiogids-scaled.jpg\" title=\"\" alt=\"Audiogids\" loading=\"lazy\" \/>\t\t\t\t\t\t\t\t\t\t\t\t\t\t\t<\/div>\n\t\t\t\t<\/div>\n\t\t\t\t\t<\/div>\n\t\t\t\t<\/div>\n\t\t<div class=\"elementor-element elementor-element-a43b10f e-con-full e-flex e-con e-child\" data-id=\"a43b10f\" data-element_type=\"container\" data-e-type=\"container\">\n\t\t<div class=\"elementor-element elementor-element-f9a2178 e-flex e-con-boxed e-con e-child\" data-id=\"f9a2178\" data-element_type=\"container\" data-e-type=\"container\">\n\t\t\t\t\t<div class=\"e-con-inner\">\n\t\t\t\t<div class=\"elementor-element elementor-element-6dcd46a elementor-hidden-mobile elementor-widget elementor-widget-heading\" data-id=\"6dcd46a\" data-element_type=\"widget\" data-e-type=\"widget\" data-widget_type=\"heading.default\">\n\t\t\t\t\t<h3 class=\"elementor-heading-title elementor-size-default\"><span class=\"section-title\">Pakume audiojuhi koostamist A-Z.<\/span><\/h3>\t\t\t\t<\/div>\n\t\t\t\t<div class=\"elementor-element elementor-element-36b08b0 elementor-hidden-desktop elementor-hidden-laptop elementor-hidden-tablet elementor-widget elementor-widget-heading\" data-id=\"36b08b0\" data-element_type=\"widget\" data-e-type=\"widget\" data-widget_type=\"heading.default\">\n\t\t\t\t\t<h3 class=\"elementor-heading-title elementor-size-default\"><span class=\"mobile-title\">Pakume audiojuhi koostamist A-Z.<\/span><\/h3>\t\t\t\t<\/div>\n\t\t<div class=\"elementor-element elementor-element-4656c1b e-flex e-con-boxed e-con e-child\" data-id=\"4656c1b\" data-element_type=\"container\" data-e-type=\"container\">\n\t\t\t\t\t<div class=\"e-con-inner\">\n\t\t<div class=\"elementor-element elementor-element-916e7ac e-flex e-con-boxed e-con e-child\" data-id=\"916e7ac\" data-element_type=\"container\" data-e-type=\"container\">\n\t\t\t\t\t<div class=\"e-con-inner\">\n\t\t\t\t<div class=\"elementor-element elementor-element-289c22c elementor-widget elementor-widget-heading\" data-id=\"289c22c\" data-element_type=\"widget\" data-e-type=\"widget\" data-widget_type=\"heading.default\">\n\t\t\t\t\t<h3 class=\"elementor-heading-title elementor-size-default\"><br> Alustades konsultatsiooniga<\/h3>\t\t\t\t<\/div>\n\t\t\t\t<div class=\"elementor-element elementor-element-c27e3ee elementor-widget elementor-widget-text-editor\" data-id=\"c27e3ee\" data-element_type=\"widget\" data-e-type=\"widget\" data-widget_type=\"text-editor.default\">\n\t\t\t\t\t\t\t\t\t<p><span style=\"font-weight: 400;\">Sobivaima audiogiidi lahenduse valimine, konsultatsioon sisu ettevalmistamiseks.<\/span><\/p>\n\t\t\t\t\t\t\t\t<\/div>\n\t\t\t\t\t<\/div>\n\t\t\t\t<\/div>\n\t\t<div class=\"elementor-element elementor-element-6d3bc80 e-con-full e-flex e-con e-child\" data-id=\"6d3bc80\" data-element_type=\"container\" data-e-type=\"container\">\n\t\t\t\t<div class=\"elementor-element elementor-element-6b63d76 elementor-widget elementor-widget-heading\" data-id=\"6b63d76\" data-element_type=\"widget\" data-e-type=\"widget\" data-widget_type=\"heading.default\">\n\t\t\t\t\t<h3 class=\"elementor-heading-title elementor-size-default\">Tekstide t\u00f5lkimine ja toimetamine<\/h3>\t\t\t\t<\/div>\n\t\t\t\t<div class=\"elementor-element elementor-element-6f5994a elementor-widget elementor-widget-text-editor\" data-id=\"6f5994a\" data-element_type=\"widget\" data-e-type=\"widget\" data-widget_type=\"text-editor.default\">\n\t\t\t\t\t\t\t\t\t<p><span style=\"font-weight: 400;\">Tekstide t\u00f5lkimine erinevatesse keeltesse.<br \/>\nKui teil on oma tekstid, saame neid toimetada ja kohandada teie audiogiidi jaoks.   <\/span><\/p>\n\t\t\t\t\t\t\t\t<\/div>\n\t\t\t\t<\/div>\n\t\t<div class=\"elementor-element elementor-element-1d34994 e-con-full e-flex e-con e-child\" data-id=\"1d34994\" data-element_type=\"container\" data-e-type=\"container\">\n\t\t\t\t<div class=\"elementor-element elementor-element-4e8f563 elementor-widget elementor-widget-heading\" data-id=\"4e8f563\" data-element_type=\"widget\" data-e-type=\"widget\" data-widget_type=\"heading.default\">\n\t\t\t\t\t<h3 class=\"elementor-heading-title elementor-size-default\">Helifailide ettevalmistamine<\/h3>\t\t\t\t<\/div>\n\t\t\t\t<div class=\"elementor-element elementor-element-687ac1d elementor-widget elementor-widget-text-editor\" data-id=\"687ac1d\" data-element_type=\"widget\" data-e-type=\"widget\" data-widget_type=\"text-editor.default\">\n\t\t\t\t\t\t\t\t\t<p><span style=\"font-weight: 400;\">Erinevates keeltes tekstide salvestamine meie enda salvestusstuudios Baltikumis.<br \/>\nLaialdane h\u00e4\u00e4lek\u00f5rvalosat\u00e4itjate andmebaas.<br \/>\nV\u00f5imalus t\u00e4iendada helifaile vastavalt vajadusele taustamuusika ja helidega.  <\/span><\/p>\n\t\t\t\t\t\t\t\t<\/div>\n\t\t\t\t<\/div>\n\t\t<div class=\"elementor-element elementor-element-e4e07c7 e-con-full e-flex e-con e-child\" data-id=\"e4e07c7\" data-element_type=\"container\" data-e-type=\"container\">\n\t\t\t\t<div class=\"elementor-element elementor-element-e925c34 elementor-widget elementor-widget-heading\" data-id=\"e925c34\" data-element_type=\"widget\" data-e-type=\"widget\" data-widget_type=\"heading.default\">\n\t\t\t\t\t<h3 class=\"elementor-heading-title elementor-size-default\"><br> Audiogida seadmed<\/h3>\t\t\t\t<\/div>\n\t\t\t\t<div class=\"elementor-element elementor-element-9233516 elementor-widget elementor-widget-text-editor\" data-id=\"9233516\" data-element_type=\"widget\" data-e-type=\"widget\" data-widget_type=\"text-editor.default\">\n\t\t\t\t\t\t\t\t\t<p><span style=\"font-weight: 400;\">Erinevad mudelid ja tootjad v\u00f5i m\u00e4ngige QR-koodiga.<\/span><\/p>\n\t\t\t\t\t\t\t\t<\/div>\n\t\t\t\t<\/div>\n\t\t<div class=\"elementor-element elementor-element-f5afb35 e-con-full e-flex e-con e-child\" data-id=\"f5afb35\" data-element_type=\"container\" data-e-type=\"container\">\n\t\t\t\t<div class=\"elementor-element elementor-element-b5a74c1 elementor-widget elementor-widget-heading\" data-id=\"b5a74c1\" data-element_type=\"widget\" data-e-type=\"widget\" data-widget_type=\"heading.default\">\n\t\t\t\t\t<h3 class=\"elementor-heading-title elementor-size-default\">Kohaletoimetamine ja teenindus<\/h3>\t\t\t\t<\/div>\n\t\t\t\t<div class=\"elementor-element elementor-element-595b1af elementor-widget elementor-widget-text-editor\" data-id=\"595b1af\" data-element_type=\"widget\" data-e-type=\"widget\" data-widget_type=\"text-editor.default\">\n\t\t\t\t\t\t\t\t\t<p><span style=\"font-weight: 400;\">Toote tarnimine, koolitus ja j\u00e4relmeetmed.<\/span><\/p>\n\t\t\t\t\t\t\t\t<\/div>\n\t\t\t\t<\/div>\n\t\t\t\t\t<\/div>\n\t\t\t\t<\/div>\n\t\t\t\t<div class=\"elementor-element elementor-element-dde2f49 elementor-hidden-mobile elementor-widget elementor-widget-heading\" data-id=\"dde2f49\" data-element_type=\"widget\" data-e-type=\"widget\" data-widget_type=\"heading.default\">\n\t\t\t\t\t<h3 class=\"elementor-heading-title elementor-size-default\"><span class=\"section-title\">Mis on audiogiid?  <\/span><\/h3>\t\t\t\t<\/div>\n\t\t\t\t<div class=\"elementor-element elementor-element-8847141 elementor-hidden-desktop elementor-hidden-laptop elementor-hidden-tablet elementor-widget elementor-widget-heading\" data-id=\"8847141\" data-element_type=\"widget\" data-e-type=\"widget\" data-widget_type=\"heading.default\">\n\t\t\t\t\t<h3 class=\"elementor-heading-title elementor-size-default\"><span class=\"mobile-title\">Mis on audiogiid?<\/span><\/h3>\t\t\t\t<\/div>\n\t\t\t\t<div class=\"elementor-element elementor-element-548d8c6 elementor-widget elementor-widget-text-editor\" data-id=\"548d8c6\" data-element_type=\"widget\" data-e-type=\"widget\" data-widget_type=\"text-editor.default\">\n\t\t\t\t\t\t\t\t\t<p><span style=\"font-weight: 400;\">Audiogiidid on seadmed v\u00f5i <a href=\"https:\/\/en.wikipedia.org\/wiki\/Mobile_app\">mobiilirakendused <\/a>, mis pakuvad helisisu, et anda turistidele teavet konkreetse koha v\u00f5i vaatamisv\u00e4\u00e4rsuse kohta.<br \/>\nNeed pakuvad k\u00fclastajatele audiokommentaare, mida nad saavad kuulata oma tempos.<br \/>\nAudiogiide saab rentida, osta vaatamisv\u00e4\u00e4rsuste k\u00fclastamise koha pealt v\u00f5i laadida alla mobiilirakenduste poest.  <\/span><\/p>\n\t\t\t\t\t\t\t\t<\/div>\n\t\t\t\t<div class=\"elementor-element elementor-element-6d71ec3 elementor-hidden-mobile elementor-widget elementor-widget-heading\" data-id=\"6d71ec3\" data-element_type=\"widget\" data-e-type=\"widget\" data-widget_type=\"heading.default\">\n\t\t\t\t\t<h3 class=\"elementor-heading-title elementor-size-default\"><span class=\"section-title\">Audiogiidi funktsioonid.  <\/span><\/h3>\t\t\t\t<\/div>\n\t\t\t\t<div class=\"elementor-element elementor-element-860a7c5 elementor-hidden-desktop elementor-hidden-laptop elementor-hidden-tablet elementor-widget elementor-widget-heading\" data-id=\"860a7c5\" data-element_type=\"widget\" data-e-type=\"widget\" data-widget_type=\"heading.default\">\n\t\t\t\t\t<h3 class=\"elementor-heading-title elementor-size-default\"><span class=\"mobile-title\">Audiogiidi funktsioonid.  <\/span><\/h3>\t\t\t\t<\/div>\n\t\t\t\t<div class=\"elementor-element elementor-element-cdfd057 elementor-widget elementor-widget-heading\" data-id=\"cdfd057\" data-element_type=\"widget\" data-e-type=\"widget\" data-widget_type=\"heading.default\">\n\t\t\t\t\t<h2 class=\"elementor-heading-title elementor-size-default\">Audiogiidid pakuvad mitmesuguseid funktsioone, mis v\u00f5ivad teie vaatamisv\u00e4\u00e4rsuste vaatamise kogemust suurendada.\nM\u00f5ned funktsioonid on j\u00e4rgmised:   <\/h2>\t\t\t\t<\/div>\n\t\t\t\t<div class=\"elementor-element elementor-element-7b8497d elementor-widget elementor-widget-text-editor\" data-id=\"7b8497d\" data-element_type=\"widget\" data-e-type=\"widget\" data-widget_type=\"text-editor.default\">\n\t\t\t\t\t\t\t\t\t<ul>\n<li style=\"font-weight: 400;\" aria-level=\"1\"><span style=\"font-weight: 400;\">Mitmekeelne tugi &#8211; pakume audiogiidi mitmes keeles, mis muudab selle ideaalseks abivahendiks teistest riikidest p\u00e4rit turistidele.<\/span><\/li>\n<li style=\"font-weight: 400;\" aria-level=\"1\"><span style=\"font-weight: 400;\">\u00dcksikasjalik teave &#8211; audiogiid annab p\u00f5hjalikku teavet k\u00fclastatava koha kohta.<br \/>\nAnnab \u00fclevaate ajaloost, kultuurist ja t\u00e4htsusest. <\/span><\/li>\n<li style=\"font-weight: 400;\" aria-level=\"1\"><span style=\"font-weight: 400;\">kohandamine &#8211; audiogiid v\u00f5imaldab teil kohandada ekskursioonikogemust vastavalt oma eelistustele.<br \/>\nSaate anda oma k\u00fclastajatele v\u00f5imaluse valida, milliseid piirkondi uurida, vahele j\u00e4tta osi v\u00f5i peatada helisalvestus l\u00f5\u00f5gastumiseks. <\/span><\/li>\n<li style=\"font-weight: 400;\" aria-level=\"1\"><span style=\"font-weight: 400;\">Offline-k\u00e4ttesaadavus &#8211; paljud audiogiidide versioonid on k\u00e4ttesaadavad offline, mis t\u00e4hendab, et nende kasutamiseks ei ole vaja interneti\u00fchendust.<\/span><\/li>\n<\/ul>\n\t\t\t\t\t\t\t\t<\/div>\n\t\t\t\t<div class=\"elementor-element elementor-element-b24933e elementor-widget elementor-widget-heading\" data-id=\"b24933e\" data-element_type=\"widget\" data-e-type=\"widget\" data-widget_type=\"heading.default\">\n\t\t\t\t\t<h2 class=\"elementor-heading-title elementor-size-default\"><a href=\"https:\/\/www.digimedia.lv\/musu-darbi\/\">V\u00f5tke meiega \u00fchendust ja k\u00fcsige oma projekti kohta hinnapakkumine!<\/a><\/h2>\t\t\t\t<\/div>\n\t\t\t\t<div class=\"elementor-element elementor-element-262aa97 elementor-widget elementor-widget-button\" data-id=\"262aa97\" data-element_type=\"widget\" data-e-type=\"widget\" data-widget_type=\"button.default\">\n\t\t\t\t\t\t\t\t\t\t<a class=\"elementor-button elementor-button-link elementor-size-sm\" href=\"https:\/\/www.digimedia.lv\/kontakti\/\">\n\t\t\t\t\t\t<span class=\"elementor-button-content-wrapper\">\n\t\t\t\t\t\t\t\t\t<span class=\"elementor-button-text\">KONTAKT!<\/span>\n\t\t\t\t\t<\/span>\n\t\t\t\t\t<\/a>\n\t\t\t\t\t\t\t\t<\/div>\n\t\t\t\t\t<\/div>\n\t\t\t\t<\/div>\n\t\t\t\t<\/div>\n\t\t\t\t\t<\/div>\n\t\t\t\t<\/div>\n\t\t\t\t\t<\/div>\n\t\t\t\t<\/div>\n\t\t\t\t<\/div>\n\t\t","protected":false},"excerpt":{"rendered":"<p>Audiogiid Parandage oma k\u00fclastuskogemust spetsiaalselt muuseumide, galeriide ja mitmesuguste turismiobjektide jaoks m\u00f5eldud audiogiidiga. Pakume eri h\u00e4\u00e4lega salvestatud audiogiide mitmes keeles: L\u00e4ti, leedu, eesti, vene, ukraina, inglise, soome, l\u00e4ti, eesti, vene, ukraina, soome Audiogiidid on suurep\u00e4rane viis uue koha avastamiseks ning selle ajaloo ja kultuuri tundma\u00f5ppimiseks. Need on ideaalsed kaaslased turistidele, kes eelistavad uurida oma tempot [&hellip;]<\/p>\n","protected":false},"author":1,"featured_media":0,"parent":0,"menu_order":0,"comment_status":"closed","ping_status":"closed","template":"","meta":{"inline_featured_image":false,"footnotes":""},"class_list":["post-4639","page","type-page","status-publish","hentry"],"aioseo_notices":[],"_links":{"self":[{"href":"https:\/\/www.digimedia.lv\/et\/wp-json\/wp\/v2\/pages\/4639","targetHints":{"allow":["GET"]}}],"collection":[{"href":"https:\/\/www.digimedia.lv\/et\/wp-json\/wp\/v2\/pages"}],"about":[{"href":"https:\/\/www.digimedia.lv\/et\/wp-json\/wp\/v2\/types\/page"}],"author":[{"embeddable":true,"href":"https:\/\/www.digimedia.lv\/et\/wp-json\/wp\/v2\/users\/1"}],"replies":[{"embeddable":true,"href":"https:\/\/www.digimedia.lv\/et\/wp-json\/wp\/v2\/comments?post=4639"}],"version-history":[{"count":5,"href":"https:\/\/www.digimedia.lv\/et\/wp-json\/wp\/v2\/pages\/4639\/revisions"}],"predecessor-version":[{"id":4962,"href":"https:\/\/www.digimedia.lv\/et\/wp-json\/wp\/v2\/pages\/4639\/revisions\/4962"}],"wp:attachment":[{"href":"https:\/\/www.digimedia.lv\/et\/wp-json\/wp\/v2\/media?parent=4639"}],"curies":[{"name":"wp","href":"https:\/\/api.w.org\/{rel}","templated":true}]}}