{"id":4635,"date":"2024-02-22T15:26:49","date_gmt":"2024-02-22T13:26:49","guid":{"rendered":"https:\/\/www.digimedia.lv\/audio-ja-videoreklaami-salvestused\/"},"modified":"2024-09-12T14:40:22","modified_gmt":"2024-09-12T12:40:22","slug":"audio-ja-videoreklaami-salvestused","status":"publish","type":"page","link":"https:\/\/www.digimedia.lv\/et\/audio-ja-videoreklaami-salvestused\/","title":{"rendered":"Audio- ja videoreklaami salvestused"},"content":{"rendered":"\t\t<div data-elementor-type=\"wp-page\" data-elementor-id=\"4635\" class=\"elementor elementor-4635\" data-elementor-post-type=\"page\">\n\t\t\t\t<div class=\"elementor-element elementor-element-4c1c1ab e-flex e-con-boxed e-con e-parent\" data-id=\"4c1c1ab\" data-element_type=\"container\" data-e-type=\"container\" data-settings=\"{&quot;background_background&quot;:&quot;classic&quot;}\">\n\t\t\t\t\t<div class=\"e-con-inner\">\n\t\t\t\t<div class=\"elementor-element elementor-element-4f97e49 elementor-widget elementor-widget-heading\" data-id=\"4f97e49\" data-element_type=\"widget\" data-e-type=\"widget\" data-widget_type=\"heading.default\">\n\t\t\t\t\t<h1 class=\"elementor-heading-title elementor-size-default\">Audio- ja videoreklaami salvestused<\/h1>\t\t\t\t<\/div>\n\t\t\t\t<div class=\"elementor-element elementor-element-faad17f elementor-widget elementor-widget-heading\" data-id=\"faad17f\" data-element_type=\"widget\" data-e-type=\"widget\" data-widget_type=\"heading.default\">\n\t\t\t\t\t<h3 class=\"elementor-heading-title elementor-size-default\">Suurendage oma br\u00e4ndi tuntust ja kasutage reklaami salvestamist oma ettev\u00f5tte turunduses!  <\/h3>\t\t\t\t<\/div>\n\t\t<div class=\"elementor-element elementor-element-42865f3 e-flex e-con-boxed e-con e-child\" data-id=\"42865f3\" data-element_type=\"container\" data-e-type=\"container\" data-settings=\"{&quot;background_background&quot;:&quot;classic&quot;}\">\n\t\t\t\t\t<div class=\"e-con-inner\">\n\t\t<div class=\"elementor-element elementor-element-019078c e-flex e-con-boxed e-con e-child\" data-id=\"019078c\" data-element_type=\"container\" data-e-type=\"container\">\n\t\t\t\t\t<div class=\"e-con-inner\">\n\t\t<div class=\"elementor-element elementor-element-ce05651 e-con-full e-flex e-con e-child\" data-id=\"ce05651\" data-element_type=\"container\" data-e-type=\"container\">\n\t\t\t\t<div class=\"elementor-element elementor-element-5e29772 elementor-widget elementor-widget-heading\" data-id=\"5e29772\" data-element_type=\"widget\" data-e-type=\"widget\" data-widget_type=\"heading.default\">\n\t\t\t\t\t<h2 class=\"elementor-heading-title elementor-size-default\">Pakume sama reklaami salvestamist erinevate h\u00e4\u00e4ltega mitmes keeles:<\/h2>\t\t\t\t<\/div>\n\t\t\t\t<div class=\"elementor-element elementor-element-8fc00c5 elementor-widget elementor-widget-text-editor\" data-id=\"8fc00c5\" data-element_type=\"widget\" data-e-type=\"widget\" data-widget_type=\"text-editor.default\">\n\t\t\t\t\t\t\t\t\t<p><span style=\"font-weight: 400;\">L\u00e4ti, leedu, eesti, vene, soome, ukraina ja l\u00e4ti keel<\/span><\/p>\n\t\t\t\t\t\t\t\t<\/div>\n\t\t\t\t<div class=\"elementor-element elementor-element-3b6091f elementor-widget elementor-widget-heading\" data-id=\"3b6091f\" data-element_type=\"widget\" data-e-type=\"widget\" data-widget_type=\"heading.default\">\n\t\t\t\t\t<h2 class=\"elementor-heading-title elementor-size-default\">Laiaulatuslik h\u00e4\u00e4leandmebaas - mees-, nais-, noorte- ja lasteh\u00e4\u00e4led.\nSaate m\u00e4\u00e4rata vajaliku t\u00e4mbri, vanuse ja soo.\nKui te ei tea veel, millist h\u00e4\u00e4lt te vajate, aitame teil koos helitehniku ja salvestustehnikaga valida h\u00e4\u00e4lek\u00f5rvalosat\u00e4itja, et luua \u00f5ige meeleolu.    <\/h2>\t\t\t\t<\/div>\n\t\t\t\t<div class=\"elementor-element elementor-element-d11cd48 elementor-hidden-mobile elementor-widget elementor-widget-heading\" data-id=\"d11cd48\" data-element_type=\"widget\" data-e-type=\"widget\" data-widget_type=\"heading.default\">\n\t\t\t\t\t<h3 class=\"elementor-heading-title elementor-size-default\"><span class=\"section-title\">Reklaami salvestamine mis tahes vajadusele:<\/span><\/h3>\t\t\t\t<\/div>\n\t\t\t\t<div class=\"elementor-element elementor-element-bd7ee2f elementor-hidden-desktop elementor-hidden-laptop elementor-hidden-tablet elementor-widget elementor-widget-heading\" data-id=\"bd7ee2f\" data-element_type=\"widget\" data-e-type=\"widget\" data-widget_type=\"heading.default\">\n\t\t\t\t\t<h3 class=\"elementor-heading-title elementor-size-default\"><span class=\"mobile-title\">Reklaami salvestamine mis tahes vajadusele:<\/span><\/h3>\t\t\t\t<\/div>\n\t\t\t\t<div class=\"elementor-element elementor-element-9cafba8 elementor-widget elementor-widget-heading\" data-id=\"9cafba8\" data-element_type=\"widget\" data-e-type=\"widget\" data-widget_type=\"heading.default\">\n\t\t\t\t\t<h2 class=\"elementor-heading-title elementor-size-default\"><br><br><br><br> Telereklaami salvestamine Raadioreklaami salvestamine Reklaami salvestamine teie ettev\u00f5tte <a href=\"https:\/\/www.youtube.com\/@digimediabaltics\">Youtube\/Facebook\/Instagram<\/a> v\u00f5i TikTok reklaami jaoks.<br><br> H\u00e4\u00e4lsalvestus ettev\u00f5tte esitluse v\u00f5i tooteesitlusvideo jaoks.  <\/h2>\t\t\t\t<\/div>\n\t\t\t\t<\/div>\n\t\t<div class=\"elementor-element elementor-element-c1cf780 e-con-full e-flex e-con e-child\" data-id=\"c1cf780\" data-element_type=\"container\" data-e-type=\"container\">\n\t\t\t\t<div class=\"elementor-element elementor-element-60f11f3 elementor-widget elementor-widget-image\" data-id=\"60f11f3\" data-element_type=\"widget\" data-e-type=\"widget\" data-widget_type=\"image.default\">\n\t\t\t\t\t\t\t\t\t\t\t\t\t\t\t<img decoding=\"async\" src=\"https:\/\/digimedia.lv\/wp-content\/uploads\/2024\/03\/AUDIO-AD-RECORDING-ieks-sadalas.png\" title=\"\" alt=\"\" loading=\"lazy\" \/>\t\t\t\t\t\t\t\t\t\t\t\t\t\t\t<\/div>\n\t\t\t\t<div class=\"elementor-element elementor-element-d373647 elementor-widget elementor-widget-text-editor\" data-id=\"d373647\" data-element_type=\"widget\" data-e-type=\"widget\" data-widget_type=\"text-editor.default\">\n\t\t\t\t\t\t\t\t\t<p><span style=\"font-weight: 400;\">Keskmine aeg reklaami salvestamiseks ~1 p\u00e4ev.<\/span><\/p>\n<p><span style=\"font-weight: 400;\">Saate reklaami kvaliteetse helifailina v\u00f5i juba videole lisatud kujul.<br \/>\nJa teil on helireklaam uute klientide ligimeelitamiseks v\u00f5i br\u00e4ndi tuntuse suurendamiseks. <\/span><\/p>\n\t\t\t\t\t\t\t\t<\/div>\n\t\t\t\t<div class=\"elementor-element elementor-element-b77757c elementor-widget elementor-widget-heading\" data-id=\"b77757c\" data-element_type=\"widget\" data-e-type=\"widget\" data-widget_type=\"heading.default\">\n\t\t\t\t\t<h2 class=\"elementor-heading-title elementor-size-default\"><a href=\"https:\/\/www.digimedia.lv\/musu-darbi\/\">V\u00f5tke meiega \u00fchendust ja k\u00fcsige oma projekti kohta hinnapakkumine!<\/a><\/h2>\t\t\t\t<\/div>\n\t\t\t\t<div class=\"elementor-element elementor-element-34b2ead elementor-widget elementor-widget-button\" data-id=\"34b2ead\" data-element_type=\"widget\" data-e-type=\"widget\" data-widget_type=\"button.default\">\n\t\t\t\t\t\t\t\t\t\t<a class=\"elementor-button elementor-button-link elementor-size-sm\" href=\"https:\/\/www.digimedia.lv\/kontakti\/\">\n\t\t\t\t\t\t<span class=\"elementor-button-content-wrapper\">\n\t\t\t\t\t\t\t\t\t<span class=\"elementor-button-text\">KONTAKT!<\/span>\n\t\t\t\t\t<\/span>\n\t\t\t\t\t<\/a>\n\t\t\t\t\t\t\t\t<\/div>\n\t\t\t\t<\/div>\n\t\t\t\t\t<\/div>\n\t\t\t\t<\/div>\n\t\t\t\t\t<\/div>\n\t\t\t\t<\/div>\n\t\t\t\t\t<\/div>\n\t\t\t\t<\/div>\n\t\t\t\t<\/div>\n\t\t","protected":false},"excerpt":{"rendered":"<p>Audio- ja videoreklaami salvestused Suurendage oma br\u00e4ndi tuntust ja kasutage reklaami salvestamist oma ettev\u00f5tte turunduses! Pakume sama reklaami salvestamist erinevate h\u00e4\u00e4ltega mitmes keeles: L\u00e4ti, leedu, eesti, vene, soome, ukraina ja l\u00e4ti keel Laiaulatuslik h\u00e4\u00e4leandmebaas &#8211; mees-, nais-, noorte- ja lasteh\u00e4\u00e4led. Saate m\u00e4\u00e4rata vajaliku t\u00e4mbri, vanuse ja soo. Kui te ei tea veel, millist h\u00e4\u00e4lt te [&hellip;]<\/p>\n","protected":false},"author":1,"featured_media":0,"parent":0,"menu_order":0,"comment_status":"closed","ping_status":"closed","template":"","meta":{"inline_featured_image":false,"footnotes":""},"class_list":["post-4635","page","type-page","status-publish","hentry"],"aioseo_notices":[],"_links":{"self":[{"href":"https:\/\/www.digimedia.lv\/et\/wp-json\/wp\/v2\/pages\/4635","targetHints":{"allow":["GET"]}}],"collection":[{"href":"https:\/\/www.digimedia.lv\/et\/wp-json\/wp\/v2\/pages"}],"about":[{"href":"https:\/\/www.digimedia.lv\/et\/wp-json\/wp\/v2\/types\/page"}],"author":[{"embeddable":true,"href":"https:\/\/www.digimedia.lv\/et\/wp-json\/wp\/v2\/users\/1"}],"replies":[{"embeddable":true,"href":"https:\/\/www.digimedia.lv\/et\/wp-json\/wp\/v2\/comments?post=4635"}],"version-history":[{"count":1,"href":"https:\/\/www.digimedia.lv\/et\/wp-json\/wp\/v2\/pages\/4635\/revisions"}],"predecessor-version":[{"id":4638,"href":"https:\/\/www.digimedia.lv\/et\/wp-json\/wp\/v2\/pages\/4635\/revisions\/4638"}],"wp:attachment":[{"href":"https:\/\/www.digimedia.lv\/et\/wp-json\/wp\/v2\/media?parent=4635"}],"curies":[{"name":"wp","href":"https:\/\/api.w.org\/{rel}","templated":true}]}}